{"id":7947,"date":"2026-02-05T06:38:13","date_gmt":"2026-02-05T06:38:13","guid":{"rendered":"https:\/\/cosyart.pt\/?post_type=product&#038;p=7947"},"modified":"2026-02-06T04:50:01","modified_gmt":"2026-02-06T04:50:01","slug":"calcas-caster-2","status":"publish","type":"product","link":"https:\/\/cosyart.pt\/?product=calcas-caster-2","title":{"rendered":"Cal\u00e7as CASTER"},"content":{"rendered":"<p>Cal\u00e7as de trabalho multibolsos, uma das nossas cal\u00e7as mais vendidas devido \u00e0 sua imbat\u00edvel rela\u00e7\u00e3o custo\/benef\u00edcio e vasta gama de cores.<br \/>\nConfecionadas em tecido sarja de algod\u00e3o com poli\u00e9ster para maior durabilidade e resist\u00eancia.<br \/>\nFecho de correr com bot\u00e3o e pala, presilhas para cinto, pregas dianteiras e metade traseira el\u00e1stica para melhor ajuste e conforto.<br \/>\nDois bolsos inclinados na cintura, um bolso traseiro direito e dois bolsos laterais com pala e velcro para ter tudo acess\u00edvel.<br \/>\nCosturas principais duplas e pontos refor\u00e7ados de maior tra\u00e7\u00e3o com presilhas de seguran\u00e7a para durabilidade e resist\u00eancia.<br \/>\nM\u00e9todos adequados de marca\u00e7\u00e3o: serigrafia, transfer, vinil, bordados, cosidos.<br \/>\nIdeal como roupa de trabalho e uniformes profissionais.<\/p>\n","protected":false},"excerpt":{"rendered":"<p>Cal\u00e7as de trabalho multibolsos, uma das nossas cal\u00e7as mais vendidas devido \u00e0 sua imbat\u00edvel rela\u00e7\u00e3o custo\/benef\u00edcio e vasta gama de cores.<br \/>\nIdeal como roupa de trabalho e uniformes profissionais.<\/p>\n","protected":false},"featured_media":7948,"comment_status":"open","ping_status":"open","template":"","meta":[],"product_brand":[],"product_cat":[328,342,329,338,333,343,331,334,339,335,340,105,336,341],"product_tag":[],"class_list":{"0":"post-7947","1":"product","2":"type-product","3":"status-publish","4":"has-post-thumbnail","6":"product_cat-adulto","7":"product_cat-uniformefeminino","8":"product_cat-feminino-adulto","9":"product_cat-vestuarioinvernoadultomasc","10":"product_cat-vestuarioadultofemininoinverno","11":"product_cat-uniformemasculino","12":"product_cat-vestuarioadultomasculino","13":"product_cat-vestuarioadultooutonofeminino","14":"product_cat-vestuarioadultooutonomasc","15":"product_cat-vestuarioadultoprimaverafeminino","16":"product_cat-vestuarioprimaveraadultomasc","17":"product_cat-uniformes","18":"product_cat-vestuarioadultoveraofeminino","19":"product_cat-vestuarioadultoveraomasc","20":"pa_cor-bege-areia","21":"pa_cor-branco","22":"pa_cor-branco-verde-maca","23":"pa_cor-marrom-kamel","24":"pa_cor-preto","25":"pa_tamanho-3xl","26":"pa_tamanho-4xl","27":"pa_tamanho-l","28":"pa_tamanho-m","29":"pa_tamanho-s","30":"pa_tamanho-xl","31":"pa_tamanho-xxl","33":"first","34":"instock","35":"taxable","36":"shipping-taxable","37":"purchasable","38":"product-type-variable"},"yoast_head":"<!-- This site is optimized with the Yoast SEO plugin v27.4 - https:\/\/yoast.com\/product\/yoast-seo-wordpress\/ -->\n<title>Cal\u00e7as CASTER - Cosyart Produ\u00e7\u00f5es e personaliza\u00e7\u00f5es, atelier de costura, vestu\u00e1rio, artesanato e boutique.<\/title>\n<meta name=\"robots\" content=\"index, follow, max-snippet:-1, max-image-preview:large, max-video-preview:-1\" \/>\n<link rel=\"canonical\" href=\"https:\/\/cosyart.pt\/?product=calcas-caster-2\" \/>\n<meta property=\"og:locale\" content=\"pt_PT\" \/>\n<meta property=\"og:type\" content=\"article\" \/>\n<meta property=\"og:title\" content=\"Cal\u00e7as CASTER - Cosyart Produ\u00e7\u00f5es e personaliza\u00e7\u00f5es, atelier de costura, vestu\u00e1rio, artesanato e boutique.\" \/>\n<meta property=\"og:description\" content=\"Cal\u00e7as de trabalho multibolsos, uma das nossas cal\u00e7as mais vendidas devido \u00e0 sua imbat\u00edvel rela\u00e7\u00e3o custo\/benef\u00edcio e vasta gama de cores. Ideal como roupa de trabalho e uniformes profissionais.\" \/>\n<meta property=\"og:url\" content=\"https:\/\/cosyart.pt\/?product=calcas-caster-2\" \/>\n<meta property=\"og:site_name\" content=\"Cosyart Produ\u00e7\u00f5es e personaliza\u00e7\u00f5es, atelier de costura, vestu\u00e1rio, artesanato e boutique.\" \/>\n<meta property=\"article:publisher\" content=\"https:\/\/www.facebook.com\/cosyartonline\" \/>\n<meta property=\"article:modified_time\" content=\"2026-02-06T04:50:01+00:00\" \/>\n<meta property=\"og:image\" content=\"https:\/\/cosyart.pt\/wp-content\/uploads\/2026\/02\/Design-sem-nome.jpg\" \/>\n\t<meta property=\"og:image:width\" content=\"950\" \/>\n\t<meta property=\"og:image:height\" content=\"1500\" \/>\n\t<meta property=\"og:image:type\" content=\"image\/jpeg\" \/>\n<meta name=\"twitter:card\" content=\"summary_large_image\" \/>\n<meta name=\"twitter:label1\" content=\"Tempo estimado de leitura\" \/>\n\t<meta name=\"twitter:data1\" content=\"1 minuto\" \/>\n<script type=\"application\/ld+json\" class=\"yoast-schema-graph\">{\"@context\":\"https:\\\/\\\/schema.org\",\"@graph\":[{\"@type\":\"WebPage\",\"@id\":\"https:\\\/\\\/cosyart.pt\\\/?product=calcas-caster-2\",\"url\":\"https:\\\/\\\/cosyart.pt\\\/?product=calcas-caster-2\",\"name\":\"Cal\u00e7as CASTER - Cosyart Produ\u00e7\u00f5es e personaliza\u00e7\u00f5es, atelier de costura, vestu\u00e1rio, artesanato e boutique.\",\"isPartOf\":{\"@id\":\"https:\\\/\\\/cosyart.pt\\\/#website\"},\"primaryImageOfPage\":{\"@id\":\"https:\\\/\\\/cosyart.pt\\\/?product=calcas-caster-2#primaryimage\"},\"image\":{\"@id\":\"https:\\\/\\\/cosyart.pt\\\/?product=calcas-caster-2#primaryimage\"},\"thumbnailUrl\":\"https:\\\/\\\/cosyart.pt\\\/wp-content\\\/uploads\\\/2026\\\/02\\\/Design-sem-nome.jpg\",\"datePublished\":\"2026-02-05T06:38:13+00:00\",\"dateModified\":\"2026-02-06T04:50:01+00:00\",\"breadcrumb\":{\"@id\":\"https:\\\/\\\/cosyart.pt\\\/?product=calcas-caster-2#breadcrumb\"},\"inLanguage\":\"pt-PT\",\"potentialAction\":[{\"@type\":\"ReadAction\",\"target\":[\"https:\\\/\\\/cosyart.pt\\\/?product=calcas-caster-2\"]}]},{\"@type\":\"ImageObject\",\"inLanguage\":\"pt-PT\",\"@id\":\"https:\\\/\\\/cosyart.pt\\\/?product=calcas-caster-2#primaryimage\",\"url\":\"https:\\\/\\\/cosyart.pt\\\/wp-content\\\/uploads\\\/2026\\\/02\\\/Design-sem-nome.jpg\",\"contentUrl\":\"https:\\\/\\\/cosyart.pt\\\/wp-content\\\/uploads\\\/2026\\\/02\\\/Design-sem-nome.jpg\",\"width\":950,\"height\":1500},{\"@type\":\"BreadcrumbList\",\"@id\":\"https:\\\/\\\/cosyart.pt\\\/?product=calcas-caster-2#breadcrumb\",\"itemListElement\":[{\"@type\":\"ListItem\",\"position\":1,\"name\":\"In\u00edcio\",\"item\":\"https:\\\/\\\/cosyart.pt\\\/\"},{\"@type\":\"ListItem\",\"position\":2,\"name\":\"Produtos\",\"item\":\"https:\\\/\\\/cosyart.pt\\\/\"},{\"@type\":\"ListItem\",\"position\":3,\"name\":\"Cal\u00e7as CASTER\"}]},{\"@type\":\"WebSite\",\"@id\":\"https:\\\/\\\/cosyart.pt\\\/#website\",\"url\":\"https:\\\/\\\/cosyart.pt\\\/\",\"name\":\"Cosyart Produ\u00e7\u00f5es e personaliza\u00e7\u00f5es, atelier de costura, vestu\u00e1rio, artesanato e boutique.\",\"description\":\"Tem fabrico pr\u00f3prio de artigos da marca Cosyart no atelier de costura, mais sublima\u00e7\u00e3o, estampagem, grava\u00e7\u00e3o a laser e bordados.\",\"publisher\":{\"@id\":\"https:\\\/\\\/cosyart.pt\\\/#organization\"},\"potentialAction\":[{\"@type\":\"SearchAction\",\"target\":{\"@type\":\"EntryPoint\",\"urlTemplate\":\"https:\\\/\\\/cosyart.pt\\\/?s={search_term_string}\"},\"query-input\":{\"@type\":\"PropertyValueSpecification\",\"valueRequired\":true,\"valueName\":\"search_term_string\"}}],\"inLanguage\":\"pt-PT\"},{\"@type\":\"Organization\",\"@id\":\"https:\\\/\\\/cosyart.pt\\\/#organization\",\"name\":\"Cosyart Produ\u00e7\u00f5es e personaliza\u00e7\u00f5es, atelier de costura, vestu\u00e1rio, artesanato e boutique.\",\"url\":\"https:\\\/\\\/cosyart.pt\\\/\",\"logo\":{\"@type\":\"ImageObject\",\"inLanguage\":\"pt-PT\",\"@id\":\"https:\\\/\\\/cosyart.pt\\\/#\\\/schema\\\/logo\\\/image\\\/\",\"url\":\"https:\\\/\\\/cosyart.pt\\\/wp-content\\\/uploads\\\/2025\\\/12\\\/Cosyart-Logo.png\",\"contentUrl\":\"https:\\\/\\\/cosyart.pt\\\/wp-content\\\/uploads\\\/2025\\\/12\\\/Cosyart-Logo.png\",\"width\":1022,\"height\":372,\"caption\":\"Cosyart Produ\u00e7\u00f5es e personaliza\u00e7\u00f5es, atelier de costura, vestu\u00e1rio, artesanato e boutique.\"},\"image\":{\"@id\":\"https:\\\/\\\/cosyart.pt\\\/#\\\/schema\\\/logo\\\/image\\\/\"},\"sameAs\":[\"https:\\\/\\\/www.facebook.com\\\/cosyartonline\",\"https:\\\/\\\/www.instagram.com\\\/cosyart\\\/\"]}]}<\/script>\n<!-- \/ Yoast SEO plugin. -->","yoast_head_json":{"title":"Cal\u00e7as CASTER - Cosyart Produ\u00e7\u00f5es e personaliza\u00e7\u00f5es, atelier de costura, vestu\u00e1rio, artesanato e boutique.","robots":{"index":"index","follow":"follow","max-snippet":"max-snippet:-1","max-image-preview":"max-image-preview:large","max-video-preview":"max-video-preview:-1"},"canonical":"https:\/\/cosyart.pt\/?product=calcas-caster-2","og_locale":"pt_PT","og_type":"article","og_title":"Cal\u00e7as CASTER - Cosyart Produ\u00e7\u00f5es e personaliza\u00e7\u00f5es, atelier de costura, vestu\u00e1rio, artesanato e boutique.","og_description":"Cal\u00e7as de trabalho multibolsos, uma das nossas cal\u00e7as mais vendidas devido \u00e0 sua imbat\u00edvel rela\u00e7\u00e3o custo\/benef\u00edcio e vasta gama de cores. Ideal como roupa de trabalho e uniformes profissionais.","og_url":"https:\/\/cosyart.pt\/?product=calcas-caster-2","og_site_name":"Cosyart Produ\u00e7\u00f5es e personaliza\u00e7\u00f5es, atelier de costura, vestu\u00e1rio, artesanato e boutique.","article_publisher":"https:\/\/www.facebook.com\/cosyartonline","article_modified_time":"2026-02-06T04:50:01+00:00","og_image":[{"width":950,"height":1500,"url":"https:\/\/cosyart.pt\/wp-content\/uploads\/2026\/02\/Design-sem-nome.jpg","type":"image\/jpeg"}],"twitter_card":"summary_large_image","twitter_misc":{"Tempo estimado de leitura":"1 minuto"},"schema":{"@context":"https:\/\/schema.org","@graph":[{"@type":"WebPage","@id":"https:\/\/cosyart.pt\/?product=calcas-caster-2","url":"https:\/\/cosyart.pt\/?product=calcas-caster-2","name":"Cal\u00e7as CASTER - Cosyart Produ\u00e7\u00f5es e personaliza\u00e7\u00f5es, atelier de costura, vestu\u00e1rio, artesanato e boutique.","isPartOf":{"@id":"https:\/\/cosyart.pt\/#website"},"primaryImageOfPage":{"@id":"https:\/\/cosyart.pt\/?product=calcas-caster-2#primaryimage"},"image":{"@id":"https:\/\/cosyart.pt\/?product=calcas-caster-2#primaryimage"},"thumbnailUrl":"https:\/\/cosyart.pt\/wp-content\/uploads\/2026\/02\/Design-sem-nome.jpg","datePublished":"2026-02-05T06:38:13+00:00","dateModified":"2026-02-06T04:50:01+00:00","breadcrumb":{"@id":"https:\/\/cosyart.pt\/?product=calcas-caster-2#breadcrumb"},"inLanguage":"pt-PT","potentialAction":[{"@type":"ReadAction","target":["https:\/\/cosyart.pt\/?product=calcas-caster-2"]}]},{"@type":"ImageObject","inLanguage":"pt-PT","@id":"https:\/\/cosyart.pt\/?product=calcas-caster-2#primaryimage","url":"https:\/\/cosyart.pt\/wp-content\/uploads\/2026\/02\/Design-sem-nome.jpg","contentUrl":"https:\/\/cosyart.pt\/wp-content\/uploads\/2026\/02\/Design-sem-nome.jpg","width":950,"height":1500},{"@type":"BreadcrumbList","@id":"https:\/\/cosyart.pt\/?product=calcas-caster-2#breadcrumb","itemListElement":[{"@type":"ListItem","position":1,"name":"In\u00edcio","item":"https:\/\/cosyart.pt\/"},{"@type":"ListItem","position":2,"name":"Produtos","item":"https:\/\/cosyart.pt\/"},{"@type":"ListItem","position":3,"name":"Cal\u00e7as CASTER"}]},{"@type":"WebSite","@id":"https:\/\/cosyart.pt\/#website","url":"https:\/\/cosyart.pt\/","name":"Cosyart Produ\u00e7\u00f5es e personaliza\u00e7\u00f5es, atelier de costura, vestu\u00e1rio, artesanato e boutique.","description":"Tem fabrico pr\u00f3prio de artigos da marca Cosyart no atelier de costura, mais sublima\u00e7\u00e3o, estampagem, grava\u00e7\u00e3o a laser e bordados.","publisher":{"@id":"https:\/\/cosyart.pt\/#organization"},"potentialAction":[{"@type":"SearchAction","target":{"@type":"EntryPoint","urlTemplate":"https:\/\/cosyart.pt\/?s={search_term_string}"},"query-input":{"@type":"PropertyValueSpecification","valueRequired":true,"valueName":"search_term_string"}}],"inLanguage":"pt-PT"},{"@type":"Organization","@id":"https:\/\/cosyart.pt\/#organization","name":"Cosyart Produ\u00e7\u00f5es e personaliza\u00e7\u00f5es, atelier de costura, vestu\u00e1rio, artesanato e boutique.","url":"https:\/\/cosyart.pt\/","logo":{"@type":"ImageObject","inLanguage":"pt-PT","@id":"https:\/\/cosyart.pt\/#\/schema\/logo\/image\/","url":"https:\/\/cosyart.pt\/wp-content\/uploads\/2025\/12\/Cosyart-Logo.png","contentUrl":"https:\/\/cosyart.pt\/wp-content\/uploads\/2025\/12\/Cosyart-Logo.png","width":1022,"height":372,"caption":"Cosyart Produ\u00e7\u00f5es e personaliza\u00e7\u00f5es, atelier de costura, vestu\u00e1rio, artesanato e boutique."},"image":{"@id":"https:\/\/cosyart.pt\/#\/schema\/logo\/image\/"},"sameAs":["https:\/\/www.facebook.com\/cosyartonline","https:\/\/www.instagram.com\/cosyart\/"]}]}},"_links":{"self":[{"href":"https:\/\/cosyart.pt\/index.php?rest_route=\/wp\/v2\/product\/7947","targetHints":{"allow":["GET"]}}],"collection":[{"href":"https:\/\/cosyart.pt\/index.php?rest_route=\/wp\/v2\/product"}],"about":[{"href":"https:\/\/cosyart.pt\/index.php?rest_route=\/wp\/v2\/types\/product"}],"replies":[{"embeddable":true,"href":"https:\/\/cosyart.pt\/index.php?rest_route=%2Fwp%2Fv2%2Fcomments&post=7947"}],"wp:featuredmedia":[{"embeddable":true,"href":"https:\/\/cosyart.pt\/index.php?rest_route=\/wp\/v2\/media\/7948"}],"wp:attachment":[{"href":"https:\/\/cosyart.pt\/index.php?rest_route=%2Fwp%2Fv2%2Fmedia&parent=7947"}],"wp:term":[{"taxonomy":"product_brand","embeddable":true,"href":"https:\/\/cosyart.pt\/index.php?rest_route=%2Fwp%2Fv2%2Fproduct_brand&post=7947"},{"taxonomy":"product_cat","embeddable":true,"href":"https:\/\/cosyart.pt\/index.php?rest_route=%2Fwp%2Fv2%2Fproduct_cat&post=7947"},{"taxonomy":"product_tag","embeddable":true,"href":"https:\/\/cosyart.pt\/index.php?rest_route=%2Fwp%2Fv2%2Fproduct_tag&post=7947"}],"curies":[{"name":"wp","href":"https:\/\/api.w.org\/{rel}","templated":true}]}}