{"id":6645,"date":"2025-11-17T19:12:51","date_gmt":"2025-11-17T19:12:51","guid":{"rendered":"https:\/\/cosyart.pt\/?post_type=product&#038;p=6645"},"modified":"2026-03-09T21:52:43","modified_gmt":"2026-03-09T21:52:43","slug":"jarra-14cm-bio","status":"publish","type":"product","link":"https:\/\/cosyart.pt\/?product=jarra-14cm-bio","title":{"rendered":"Jarra 14cm BIO"},"content":{"rendered":"<p>Apresentamos a Jarra 14cm BIO, com um design moderno e nordico, as jarras Bio s\u00e3o decoradas com um acabamento texturado, dispon\u00edvel em engobe branco, engobe amarelo\/terracota e engobe basalto que lhe confere a sinceridade do material. Est\u00e3o tamb\u00e9m dispon\u00edveis em verde musgo reactivo, um esmalte que ao ser cozido reage para efeitos diversos, criando desta forma pe\u00e7as \u00fanicas. Produzidas em faian\u00e7a, s\u00e3o um elemento decorativo e funcional, com a qualidade da cer\u00e2mica Portuguesa. Dispon\u00edveis em dois tamanhos podem ser usadas como simples objecto decorativo ou com flores secas. A Companhia Atl\u00e2ntica \u00e9 sin\u00f3nimo de design simples e elegante desde 2009, sendo produzido em Portugal sob o estilo de vida da costa atl\u00e2ntica mediterr\u00e2nea.<\/p>\n<table class=\"woocommerce-product-attributes shop_attributes\" style=\"height: 412px;\" width=\"831\" aria-label=\"Product Details\">\n<tbody>\n<tr class=\"woocommerce-product-attributes-item woocommerce-product-attributes-item--weight\">\n<th class=\"woocommerce-product-attributes-item__label\" scope=\"row\">Peso<\/th>\n<td class=\"woocommerce-product-attributes-item__value\" data-o_content=\"0.4 kg\">0.400 kg<\/td>\n<\/tr>\n<tr class=\"woocommerce-product-attributes-item woocommerce-product-attributes-item--dimensions\">\n<th class=\"woocommerce-product-attributes-item__label\" scope=\"row\">Dimens\u00f5es (C x L x A)<\/th>\n<td class=\"woocommerce-product-attributes-item__value\" data-o_content=\"n.d.\">11 \u00d7 11 \u00d7 14 cm<\/td>\n<\/tr>\n<tr class=\"woocommerce-product-attributes-item woocommerce-product-attributes-item--attribute_pa_brand\">\n<th class=\"woocommerce-product-attributes-item__label\" scope=\"row\">Brand<\/th>\n<td class=\"woocommerce-product-attributes-item__value\">C\u00aa Atlantica<\/td>\n<\/tr>\n<tr class=\"woocommerce-product-attributes-item woocommerce-product-attributes-item--attribute_pa_colecao\">\n<th class=\"woocommerce-product-attributes-item__label\" scope=\"row\">Cole\u00e7\u00e3o<\/th>\n<td class=\"woocommerce-product-attributes-item__value\">BIO<\/td>\n<\/tr>\n<tr class=\"woocommerce-product-attributes-item woocommerce-product-attributes-item--attribute_pa_cor\">\n<th class=\"woocommerce-product-attributes-item__label\" scope=\"row\">Cor<\/th>\n<td class=\"woocommerce-product-attributes-item__value\"><img decoding=\"async\" class=\"alignnone  wp-image-6648\" src=\"https:\/\/cosyart.pt\/wp-content\/uploads\/2025\/11\/Captura-de-ecra-2025-11-17-191336.png\" alt=\"\" width=\"146\" height=\"27\" \/><\/td>\n<\/tr>\n<tr class=\"woocommerce-product-attributes-item woocommerce-product-attributes-item--attribute_pa_quantidade\">\n<th class=\"woocommerce-product-attributes-item__label\" scope=\"row\">Quantidade<\/th>\n<td class=\"woocommerce-product-attributes-item__value\">1<\/td>\n<\/tr>\n<tr class=\"woocommerce-product-attributes-item woocommerce-product-attributes-item--attribute_pa_dimensoes\">\n<th class=\"woocommerce-product-attributes-item__label\" scope=\"row\">Dimens\u00f5es<\/th>\n<td class=\"woocommerce-product-attributes-item__value\">\u00d810 x Alt. 14cm<\/td>\n<\/tr>\n<\/tbody>\n<\/table>\n","protected":false},"excerpt":{"rendered":"<div class=\"product-short-description\">\n<p>Jarra 14cm, em cer\u00e2mica com acabamento em branco e verde musgo e com textura (engobe).<\/p>\n<\/div>\n<form class=\"variations_form cart initialized\" action=\"https:\/\/www.companhiaatlantica.pt\/produto\/jarras-ceramica\/bio-jarra-14cm\" enctype=\"multipart\/form-data\" method=\"post\" data-product_id=\"11480\" data-product_variations=\"[{&quot;attributes&quot;:{&quot;attribute_pa_cor&quot;:&quot;branco&quot;},&quot;availability_html&quot;:&quot;&quot;,&quot;backorders_allowed&quot;:false,&quot;dimensions&quot;:{&quot;length&quot;:&quot;11&quot;,&quot;width&quot;:&quot;11&quot;,&quot;height&quot;:&quot;14&quot;},&quot;dimensions_html&quot;:&quot;11 &amp;times; 11 &amp;times; 14 cm&quot;,&quot;display_price&quot;:18,&quot;display_regular_price&quot;:18,&quot;image&quot;:{&quot;title&quot;:&quot;130-171&quot;,&quot;caption&quot;:&quot;Bio&quot;,&quot;url&quot;:&quot;https:\\\/\\\/www.companhiaatlantica.pt\\\/wp-content\\\/uploads\\\/2020\\\/10\\\/130-171-scaled.jpg&quot;,&quot;alt&quot;:&quot;jarra bio 14 cent\\u00edmetros branca&quot;,&quot;src&quot;:&quot;https:\\\/\\\/www.companhiaatlantica.pt\\\/wp-content\\\/uploads\\\/2020\\\/10\\\/130-171-scaled-600x600.jpg&quot;,&quot;srcset&quot;:&quot;https:\\\/\\\/www.companhiaatlantica.pt\\\/wp-content\\\/uploads\\\/2020\\\/10\\\/130-171-scaled-600x600.jpg 600w, https:\\\/\\\/www.companhiaatlantica.pt\\\/wp-content\\\/uploads\\\/2020\\\/10\\\/130-171-scaled-100x100.jpg 100w&quot;,&quot;sizes&quot;:&quot;(max-width: 600px) 100vw, 600px&quot;,&quot;full_src&quot;:&quot;https:\\\/\\\/www.companhiaatlantica.pt\\\/wp-content\\\/uploads\\\/2020\\\/10\\\/130-171-scaled.jpg&quot;,&quot;full_src_w&quot;:2560,&quot;full_src_h&quot;:2560,&quot;gallery_thumbnail_src&quot;:&quot;https:\\\/\\\/www.companhiaatlantica.pt\\\/wp-content\\\/uploads\\\/2020\\\/10\\\/130-171-scaled-100x100.jpg&quot;,&quot;gallery_thumbnail_src_w&quot;:100,&quot;gallery_thumbnail_src_h&quot;:100,&quot;thumb_src&quot;:&quot;https:\\\/\\\/www.companhiaatlantica.pt\\\/wp-content\\\/uploads\\\/2020\\\/10\\\/130-171-scaled-600x600.jpg&quot;,&quot;thumb_src_w&quot;:600,&quot;thumb_src_h&quot;:600,&quot;src_w&quot;:600,&quot;src_h&quot;:600},&quot;image_id&quot;:11499,&quot;is_downloadable&quot;:false,&quot;is_in_stock&quot;:true,&quot;is_purchasable&quot;:true,&quot;is_sold_individually&quot;:&quot;no&quot;,&quot;is_virtual&quot;:false,&quot;max_qty&quot;:&quot;&quot;,&quot;min_qty&quot;:1,&quot;price_html&quot;:&quot;&quot;,&quot;sku&quot;:&quot;130-171&quot;,&quot;variation_description&quot;:&quot;&lt;p&gt;Jarra 14cm BIO &amp;#8211; Branco&lt;\\\/p&gt;\\n&quot;,&quot;variation_id&quot;:19470,&quot;variation_is_active&quot;:true,&quot;variation_is_visible&quot;:true,&quot;weight&quot;:&quot;0.400&quot;,&quot;weight_html&quot;:&quot;0.400 kg&quot;,&quot;display_price_cents&quot;:1800},{&quot;attributes&quot;:{&quot;attribute_pa_cor&quot;:&quot;verde-musgo&quot;},&quot;availability_html&quot;:&quot;&quot;,&quot;backorders_allowed&quot;:false,&quot;dimensions&quot;:{&quot;length&quot;:&quot;10&quot;,&quot;width&quot;:&quot;10&quot;,&quot;height&quot;:&quot;14&quot;},&quot;dimensions_html&quot;:&quot;10 &amp;times; 10 &amp;times; 14 cm&quot;,&quot;display_price&quot;:18,&quot;display_regular_price&quot;:18,&quot;image&quot;:{&quot;title&quot;:&quot;130-362-bio-ceramic-vase-h14cm-green-moss&quot;,&quot;caption&quot;:&quot;Bio&quot;,&quot;url&quot;:&quot;https:\\\/\\\/www.companhiaatlantica.pt\\\/wp-content\\\/uploads\\\/2021\\\/01\\\/130-362.jpg&quot;,&quot;alt&quot;:&quot;jarra bio 14 cent\\u00edmetros verde musgo&quot;,&quot;src&quot;:&quot;https:\\\/\\\/www.companhiaatlantica.pt\\\/wp-content\\\/uploads\\\/2021\\\/01\\\/130-362.jpg&quot;,&quot;srcset&quot;:&quot;https:\\\/\\\/www.companhiaatlantica.pt\\\/wp-content\\\/uploads\\\/2021\\\/01\\\/130-362.jpg 600w, https:\\\/\\\/www.companhiaatlantica.pt\\\/wp-content\\\/uploads\\\/2021\\\/01\\\/130-362-100x100.jpg 100w&quot;,&quot;sizes&quot;:&quot;(max-width: 600px) 100vw, 600px&quot;,&quot;full_src&quot;:&quot;https:\\\/\\\/www.companhiaatlantica.pt\\\/wp-content\\\/uploads\\\/2021\\\/01\\\/130-362.jpg&quot;,&quot;full_src_w&quot;:600,&quot;full_src_h&quot;:600,&quot;gallery_thumbnail_src&quot;:&quot;https:\\\/\\\/www.companhiaatlantica.pt\\\/wp-content\\\/uploads\\\/2021\\\/01\\\/130-362-100x100.jpg&quot;,&quot;gallery_thumbnail_src_w&quot;:100,&quot;gallery_thumbnail_src_h&quot;:100,&quot;thumb_src&quot;:&quot;https:\\\/\\\/www.companhiaatlantica.pt\\\/wp-content\\\/uploads\\\/2021\\\/01\\\/130-362.jpg&quot;,&quot;thumb_src_w&quot;:600,&quot;thumb_src_h&quot;:600,&quot;src_w&quot;:600,&quot;src_h&quot;:600},&quot;image_id&quot;:12659,&quot;is_downloadable&quot;:false,&quot;is_in_stock&quot;:true,&quot;is_purchasable&quot;:true,&quot;is_sold_individually&quot;:&quot;no&quot;,&quot;is_virtual&quot;:false,&quot;max_qty&quot;:&quot;&quot;,&quot;min_qty&quot;:1,&quot;price_html&quot;:&quot;&quot;,&quot;sku&quot;:&quot;130-362&quot;,&quot;variation_description&quot;:&quot;&lt;p&gt;Jarra 14cm BIO &amp;#8211; Verde Musgo&lt;\\\/p&gt;\\n&quot;,&quot;variation_id&quot;:19471,&quot;variation_is_active&quot;:true,&quot;variation_is_visible&quot;:true,&quot;weight&quot;:&quot;0.400&quot;,&quot;weight_html&quot;:&quot;0.400 kg&quot;,&quot;display_price_cents&quot;:1800},{&quot;attributes&quot;:{&quot;attribute_pa_cor&quot;:&quot;amarelo-terracota&quot;},&quot;availability_html&quot;:&quot;&quot;,&quot;backorders_allowed&quot;:false,&quot;dimensions&quot;:{&quot;length&quot;:&quot;11&quot;,&quot;width&quot;:&quot;11&quot;,&quot;height&quot;:&quot;14&quot;},&quot;dimensions_html&quot;:&quot;11 &amp;times; 11 &amp;times; 14 cm&quot;,&quot;display_price&quot;:18,&quot;display_regular_price&quot;:18,&quot;image&quot;:{&quot;title&quot;:&quot;130-903&quot;,&quot;caption&quot;:&quot;&quot;,&quot;url&quot;:&quot;https:\\\/\\\/www.companhiaatlantica.pt\\\/wp-content\\\/uploads\\\/2023\\\/10\\\/130-903-1.jpg&quot;,&quot;alt&quot;:&quot;130-903&quot;,&quot;src&quot;:&quot;https:\\\/\\\/www.companhiaatlantica.pt\\\/wp-content\\\/uploads\\\/2023\\\/10\\\/130-903-1-600x600.jpg&quot;,&quot;srcset&quot;:&quot;https:\\\/\\\/www.companhiaatlantica.pt\\\/wp-content\\\/uploads\\\/2023\\\/10\\\/130-903-1-600x600.jpg 600w, https:\\\/\\\/www.companhiaatlantica.pt\\\/wp-content\\\/uploads\\\/2023\\\/10\\\/130-903-1-400x400.jpg 400w, https:\\\/\\\/www.companhiaatlantica.pt\\\/wp-content\\\/uploads\\\/2023\\\/10\\\/130-903-1-350x350.jpg 350w, https:\\\/\\\/www.companhiaatlantica.pt\\\/wp-content\\\/uploads\\\/2023\\\/10\\\/130-903-1-768x768.jpg 768w, https:\\\/\\\/www.companhiaatlantica.pt\\\/wp-content\\\/uploads\\\/2023\\\/10\\\/130-903-1-100x100.jpg 100w, https:\\\/\\\/www.companhiaatlantica.pt\\\/wp-content\\\/uploads\\\/2023\\\/10\\\/130-903-1.jpg 999w&quot;,&quot;sizes&quot;:&quot;(max-width: 600px) 100vw, 600px&quot;,&quot;full_src&quot;:&quot;https:\\\/\\\/www.companhiaatlantica.pt\\\/wp-content\\\/uploads\\\/2023\\\/10\\\/130-903-1.jpg&quot;,&quot;full_src_w&quot;:999,&quot;full_src_h&quot;:999,&quot;gallery_thumbnail_src&quot;:&quot;https:\\\/\\\/www.companhiaatlantica.pt\\\/wp-content\\\/uploads\\\/2023\\\/10\\\/130-903-1-100x100.jpg&quot;,&quot;gallery_thumbnail_src_w&quot;:100,&quot;gallery_thumbnail_src_h&quot;:100,&quot;thumb_src&quot;:&quot;https:\\\/\\\/www.companhiaatlantica.pt\\\/wp-content\\\/uploads\\\/2023\\\/10\\\/130-903-1-600x600.jpg&quot;,&quot;thumb_src_w&quot;:600,&quot;thumb_src_h&quot;:600,&quot;src_w&quot;:600,&quot;src_h&quot;:600},&quot;image_id&quot;:48755,&quot;is_downloadable&quot;:false,&quot;is_in_stock&quot;:true,&quot;is_purchasable&quot;:true,&quot;is_sold_individually&quot;:&quot;no&quot;,&quot;is_virtual&quot;:false,&quot;max_qty&quot;:&quot;&quot;,&quot;min_qty&quot;:1,&quot;price_html&quot;:&quot;&quot;,&quot;sku&quot;:&quot;130-903&quot;,&quot;variation_description&quot;:&quot;&lt;p&gt;Jarra 14cm BIO &amp;#8211; Terracota &amp;#8211; NEW COLOR&lt;\\\/p&gt;\\n&quot;,&quot;variation_id&quot;:48707,&quot;variation_is_active&quot;:true,&quot;variation_is_visible&quot;:true,&quot;weight&quot;:&quot;0.400&quot;,&quot;weight_html&quot;:&quot;0.400 kg&quot;,&quot;display_price_cents&quot;:1800},{&quot;attributes&quot;:{&quot;attribute_pa_cor&quot;:&quot;basalto&quot;},&quot;availability_html&quot;:&quot;&quot;,&quot;backorders_allowed&quot;:false,&quot;dimensions&quot;:{&quot;length&quot;:&quot;11&quot;,&quot;width&quot;:&quot;11&quot;,&quot;height&quot;:&quot;14&quot;},&quot;dimensions_html&quot;:&quot;11 &amp;times; 11 &amp;times; 14 cm&quot;,&quot;display_price&quot;:18,&quot;display_regular_price&quot;:18,&quot;image&quot;:{&quot;title&quot;:&quot;130-890&quot;,&quot;caption&quot;:&quot;&quot;,&quot;url&quot;:&quot;https:\\\/\\\/www.companhiaatlantica.pt\\\/wp-content\\\/uploads\\\/2023\\\/10\\\/130-890.jpg&quot;,&quot;alt&quot;:&quot;130-890&quot;,&quot;src&quot;:&quot;https:\\\/\\\/www.companhiaatlantica.pt\\\/wp-content\\\/uploads\\\/2023\\\/10\\\/130-890-600x600.jpg&quot;,&quot;srcset&quot;:&quot;https:\\\/\\\/www.companhiaatlantica.pt\\\/wp-content\\\/uploads\\\/2023\\\/10\\\/130-890-600x600.jpg 600w, https:\\\/\\\/www.companhiaatlantica.pt\\\/wp-content\\\/uploads\\\/2023\\\/10\\\/130-890-400x400.jpg 400w, https:\\\/\\\/www.companhiaatlantica.pt\\\/wp-content\\\/uploads\\\/2023\\\/10\\\/130-890-350x350.jpg 350w, https:\\\/\\\/www.companhiaatlantica.pt\\\/wp-content\\\/uploads\\\/2023\\\/10\\\/130-890-768x768.jpg 768w, https:\\\/\\\/www.companhiaatlantica.pt\\\/wp-content\\\/uploads\\\/2023\\\/10\\\/130-890-100x100.jpg 100w, https:\\\/\\\/www.companhiaatlantica.pt\\\/wp-content\\\/uploads\\\/2023\\\/10\\\/130-890.jpg 999w&quot;,&quot;sizes&quot;:&quot;(max-width: 600px) 100vw, 600px&quot;,&quot;full_src&quot;:&quot;https:\\\/\\\/www.companhiaatlantica.pt\\\/wp-content\\\/uploads\\\/2023\\\/10\\\/130-890.jpg&quot;,&quot;full_src_w&quot;:999,&quot;full_src_h&quot;:999,&quot;gallery_thumbnail_src&quot;:&quot;https:\\\/\\\/www.companhiaatlantica.pt\\\/wp-content\\\/uploads\\\/2023\\\/10\\\/130-890-100x100.jpg&quot;,&quot;gallery_thumbnail_src_w&quot;:100,&quot;gallery_thumbnail_src_h&quot;:100,&quot;thumb_src&quot;:&quot;https:\\\/\\\/www.companhiaatlantica.pt\\\/wp-content\\\/uploads\\\/2023\\\/10\\\/130-890-600x600.jpg&quot;,&quot;thumb_src_w&quot;:600,&quot;thumb_src_h&quot;:600,&quot;src_w&quot;:600,&quot;src_h&quot;:600},&quot;image_id&quot;:48760,&quot;is_downloadable&quot;:false,&quot;is_in_stock&quot;:true,&quot;is_purchasable&quot;:true,&quot;is_sold_individually&quot;:&quot;no&quot;,&quot;is_virtual&quot;:false,&quot;max_qty&quot;:&quot;&quot;,&quot;min_qty&quot;:1,&quot;price_html&quot;:&quot;&quot;,&quot;sku&quot;:&quot;130-890&quot;,&quot;variation_description&quot;:&quot;&lt;p&gt;Jarra 14cm BIO &amp;#8211; Basalto: NEW COLOR&lt;\\\/p&gt;\\n&quot;,&quot;variation_id&quot;:48708,&quot;variation_is_active&quot;:true,&quot;variation_is_visible&quot;:true,&quot;weight&quot;:&quot;0.400&quot;,&quot;weight_html&quot;:&quot;0.400 kg&quot;,&quot;display_price_cents&quot;:1800}]\"><\/form>\n","protected":false},"featured_media":6657,"comment_status":"open","ping_status":"open","template":"","meta":[],"product_brand":[],"product_cat":[50,319],"product_tag":[],"class_list":{"0":"post-6645","1":"product","2":"type-product","3":"status-publish","4":"has-post-thumbnail","6":"product_cat-decoracao","7":"product_cat-velas-e-difusores-de-aromas","8":"pa_cor-amarelo-terracota","9":"pa_cor-basalto","10":"pa_cor-branco","11":"pa_cor-verde","13":"first","14":"instock","15":"featured","16":"taxable","17":"shipping-taxable","18":"purchasable","19":"product-type-variable"},"yoast_head":"<!-- This site is optimized with the Yoast SEO plugin v27.4 - https:\/\/yoast.com\/product\/yoast-seo-wordpress\/ -->\n<title>Jarra 14cm BIO - Cosyart Produ\u00e7\u00f5es e personaliza\u00e7\u00f5es, atelier de costura, vestu\u00e1rio, artesanato e boutique.<\/title>\n<meta name=\"robots\" content=\"index, follow, max-snippet:-1, max-image-preview:large, max-video-preview:-1\" \/>\n<link rel=\"canonical\" href=\"https:\/\/cosyart.pt\/?product=jarra-14cm-bio\" \/>\n<meta property=\"og:locale\" content=\"pt_PT\" \/>\n<meta property=\"og:type\" content=\"article\" \/>\n<meta property=\"og:title\" content=\"Jarra 14cm BIO - Cosyart Produ\u00e7\u00f5es e personaliza\u00e7\u00f5es, atelier de costura, vestu\u00e1rio, artesanato e boutique.\" \/>\n<meta property=\"og:description\" content=\"Jarra 14cm, em cer\u00e2mica com acabamento em branco e verde musgo e com textura (engobe).\" \/>\n<meta property=\"og:url\" content=\"https:\/\/cosyart.pt\/?product=jarra-14cm-bio\" \/>\n<meta property=\"og:site_name\" content=\"Cosyart Produ\u00e7\u00f5es e personaliza\u00e7\u00f5es, atelier de costura, vestu\u00e1rio, artesanato e boutique.\" \/>\n<meta property=\"article:publisher\" content=\"https:\/\/www.facebook.com\/cosyartonline\" \/>\n<meta property=\"article:modified_time\" content=\"2026-03-09T21:52:43+00:00\" \/>\n<meta property=\"og:image\" content=\"https:\/\/cosyart.pt\/wp-content\/uploads\/2025\/11\/S-3-5.jpg\" \/>\n\t<meta property=\"og:image:width\" content=\"1000\" \/>\n\t<meta property=\"og:image:height\" content=\"1565\" \/>\n\t<meta property=\"og:image:type\" content=\"image\/jpeg\" \/>\n<meta name=\"twitter:card\" content=\"summary_large_image\" \/>\n<meta name=\"twitter:label1\" content=\"Tempo estimado de leitura\" \/>\n\t<meta name=\"twitter:data1\" content=\"1 minuto\" \/>\n<script type=\"application\/ld+json\" class=\"yoast-schema-graph\">{\"@context\":\"https:\\\/\\\/schema.org\",\"@graph\":[{\"@type\":\"WebPage\",\"@id\":\"https:\\\/\\\/cosyart.pt\\\/?product=jarra-14cm-bio\",\"url\":\"https:\\\/\\\/cosyart.pt\\\/?product=jarra-14cm-bio\",\"name\":\"Jarra 14cm BIO - Cosyart Produ\u00e7\u00f5es e personaliza\u00e7\u00f5es, atelier de costura, vestu\u00e1rio, artesanato e boutique.\",\"isPartOf\":{\"@id\":\"https:\\\/\\\/cosyart.pt\\\/#website\"},\"primaryImageOfPage\":{\"@id\":\"https:\\\/\\\/cosyart.pt\\\/?product=jarra-14cm-bio#primaryimage\"},\"image\":{\"@id\":\"https:\\\/\\\/cosyart.pt\\\/?product=jarra-14cm-bio#primaryimage\"},\"thumbnailUrl\":\"https:\\\/\\\/cosyart.pt\\\/wp-content\\\/uploads\\\/2025\\\/11\\\/S-3-5.jpg\",\"datePublished\":\"2025-11-17T19:12:51+00:00\",\"dateModified\":\"2026-03-09T21:52:43+00:00\",\"breadcrumb\":{\"@id\":\"https:\\\/\\\/cosyart.pt\\\/?product=jarra-14cm-bio#breadcrumb\"},\"inLanguage\":\"pt-PT\",\"potentialAction\":[{\"@type\":\"ReadAction\",\"target\":[\"https:\\\/\\\/cosyart.pt\\\/?product=jarra-14cm-bio\"]}]},{\"@type\":\"ImageObject\",\"inLanguage\":\"pt-PT\",\"@id\":\"https:\\\/\\\/cosyart.pt\\\/?product=jarra-14cm-bio#primaryimage\",\"url\":\"https:\\\/\\\/cosyart.pt\\\/wp-content\\\/uploads\\\/2025\\\/11\\\/S-3-5.jpg\",\"contentUrl\":\"https:\\\/\\\/cosyart.pt\\\/wp-content\\\/uploads\\\/2025\\\/11\\\/S-3-5.jpg\",\"width\":1000,\"height\":1565},{\"@type\":\"BreadcrumbList\",\"@id\":\"https:\\\/\\\/cosyart.pt\\\/?product=jarra-14cm-bio#breadcrumb\",\"itemListElement\":[{\"@type\":\"ListItem\",\"position\":1,\"name\":\"In\u00edcio\",\"item\":\"https:\\\/\\\/cosyart.pt\\\/\"},{\"@type\":\"ListItem\",\"position\":2,\"name\":\"Produtos\",\"item\":\"https:\\\/\\\/cosyart.pt\\\/\"},{\"@type\":\"ListItem\",\"position\":3,\"name\":\"Jarra 14cm BIO\"}]},{\"@type\":\"WebSite\",\"@id\":\"https:\\\/\\\/cosyart.pt\\\/#website\",\"url\":\"https:\\\/\\\/cosyart.pt\\\/\",\"name\":\"Cosyart Produ\u00e7\u00f5es e personaliza\u00e7\u00f5es, atelier de costura, vestu\u00e1rio, artesanato e boutique.\",\"description\":\"Tem fabrico pr\u00f3prio de artigos da marca Cosyart no atelier de costura, mais sublima\u00e7\u00e3o, estampagem, grava\u00e7\u00e3o a laser e bordados.\",\"publisher\":{\"@id\":\"https:\\\/\\\/cosyart.pt\\\/#organization\"},\"potentialAction\":[{\"@type\":\"SearchAction\",\"target\":{\"@type\":\"EntryPoint\",\"urlTemplate\":\"https:\\\/\\\/cosyart.pt\\\/?s={search_term_string}\"},\"query-input\":{\"@type\":\"PropertyValueSpecification\",\"valueRequired\":true,\"valueName\":\"search_term_string\"}}],\"inLanguage\":\"pt-PT\"},{\"@type\":\"Organization\",\"@id\":\"https:\\\/\\\/cosyart.pt\\\/#organization\",\"name\":\"Cosyart Produ\u00e7\u00f5es e personaliza\u00e7\u00f5es, atelier de costura, vestu\u00e1rio, artesanato e boutique.\",\"url\":\"https:\\\/\\\/cosyart.pt\\\/\",\"logo\":{\"@type\":\"ImageObject\",\"inLanguage\":\"pt-PT\",\"@id\":\"https:\\\/\\\/cosyart.pt\\\/#\\\/schema\\\/logo\\\/image\\\/\",\"url\":\"https:\\\/\\\/cosyart.pt\\\/wp-content\\\/uploads\\\/2025\\\/12\\\/Cosyart-Logo.png\",\"contentUrl\":\"https:\\\/\\\/cosyart.pt\\\/wp-content\\\/uploads\\\/2025\\\/12\\\/Cosyart-Logo.png\",\"width\":1022,\"height\":372,\"caption\":\"Cosyart Produ\u00e7\u00f5es e personaliza\u00e7\u00f5es, atelier de costura, vestu\u00e1rio, artesanato e boutique.\"},\"image\":{\"@id\":\"https:\\\/\\\/cosyart.pt\\\/#\\\/schema\\\/logo\\\/image\\\/\"},\"sameAs\":[\"https:\\\/\\\/www.facebook.com\\\/cosyartonline\",\"https:\\\/\\\/www.instagram.com\\\/cosyart\\\/\"]}]}<\/script>\n<!-- \/ Yoast SEO plugin. -->","yoast_head_json":{"title":"Jarra 14cm BIO - Cosyart Produ\u00e7\u00f5es e personaliza\u00e7\u00f5es, atelier de costura, vestu\u00e1rio, artesanato e boutique.","robots":{"index":"index","follow":"follow","max-snippet":"max-snippet:-1","max-image-preview":"max-image-preview:large","max-video-preview":"max-video-preview:-1"},"canonical":"https:\/\/cosyart.pt\/?product=jarra-14cm-bio","og_locale":"pt_PT","og_type":"article","og_title":"Jarra 14cm BIO - Cosyart Produ\u00e7\u00f5es e personaliza\u00e7\u00f5es, atelier de costura, vestu\u00e1rio, artesanato e boutique.","og_description":"Jarra 14cm, em cer\u00e2mica com acabamento em branco e verde musgo e com textura (engobe).","og_url":"https:\/\/cosyart.pt\/?product=jarra-14cm-bio","og_site_name":"Cosyart Produ\u00e7\u00f5es e personaliza\u00e7\u00f5es, atelier de costura, vestu\u00e1rio, artesanato e boutique.","article_publisher":"https:\/\/www.facebook.com\/cosyartonline","article_modified_time":"2026-03-09T21:52:43+00:00","og_image":[{"width":1000,"height":1565,"url":"https:\/\/cosyart.pt\/wp-content\/uploads\/2025\/11\/S-3-5.jpg","type":"image\/jpeg"}],"twitter_card":"summary_large_image","twitter_misc":{"Tempo estimado de leitura":"1 minuto"},"schema":{"@context":"https:\/\/schema.org","@graph":[{"@type":"WebPage","@id":"https:\/\/cosyart.pt\/?product=jarra-14cm-bio","url":"https:\/\/cosyart.pt\/?product=jarra-14cm-bio","name":"Jarra 14cm BIO - Cosyart Produ\u00e7\u00f5es e personaliza\u00e7\u00f5es, atelier de costura, vestu\u00e1rio, artesanato e boutique.","isPartOf":{"@id":"https:\/\/cosyart.pt\/#website"},"primaryImageOfPage":{"@id":"https:\/\/cosyart.pt\/?product=jarra-14cm-bio#primaryimage"},"image":{"@id":"https:\/\/cosyart.pt\/?product=jarra-14cm-bio#primaryimage"},"thumbnailUrl":"https:\/\/cosyart.pt\/wp-content\/uploads\/2025\/11\/S-3-5.jpg","datePublished":"2025-11-17T19:12:51+00:00","dateModified":"2026-03-09T21:52:43+00:00","breadcrumb":{"@id":"https:\/\/cosyart.pt\/?product=jarra-14cm-bio#breadcrumb"},"inLanguage":"pt-PT","potentialAction":[{"@type":"ReadAction","target":["https:\/\/cosyart.pt\/?product=jarra-14cm-bio"]}]},{"@type":"ImageObject","inLanguage":"pt-PT","@id":"https:\/\/cosyart.pt\/?product=jarra-14cm-bio#primaryimage","url":"https:\/\/cosyart.pt\/wp-content\/uploads\/2025\/11\/S-3-5.jpg","contentUrl":"https:\/\/cosyart.pt\/wp-content\/uploads\/2025\/11\/S-3-5.jpg","width":1000,"height":1565},{"@type":"BreadcrumbList","@id":"https:\/\/cosyart.pt\/?product=jarra-14cm-bio#breadcrumb","itemListElement":[{"@type":"ListItem","position":1,"name":"In\u00edcio","item":"https:\/\/cosyart.pt\/"},{"@type":"ListItem","position":2,"name":"Produtos","item":"https:\/\/cosyart.pt\/"},{"@type":"ListItem","position":3,"name":"Jarra 14cm BIO"}]},{"@type":"WebSite","@id":"https:\/\/cosyart.pt\/#website","url":"https:\/\/cosyart.pt\/","name":"Cosyart Produ\u00e7\u00f5es e personaliza\u00e7\u00f5es, atelier de costura, vestu\u00e1rio, artesanato e boutique.","description":"Tem fabrico pr\u00f3prio de artigos da marca Cosyart no atelier de costura, mais sublima\u00e7\u00e3o, estampagem, grava\u00e7\u00e3o a laser e bordados.","publisher":{"@id":"https:\/\/cosyart.pt\/#organization"},"potentialAction":[{"@type":"SearchAction","target":{"@type":"EntryPoint","urlTemplate":"https:\/\/cosyart.pt\/?s={search_term_string}"},"query-input":{"@type":"PropertyValueSpecification","valueRequired":true,"valueName":"search_term_string"}}],"inLanguage":"pt-PT"},{"@type":"Organization","@id":"https:\/\/cosyart.pt\/#organization","name":"Cosyart Produ\u00e7\u00f5es e personaliza\u00e7\u00f5es, atelier de costura, vestu\u00e1rio, artesanato e boutique.","url":"https:\/\/cosyart.pt\/","logo":{"@type":"ImageObject","inLanguage":"pt-PT","@id":"https:\/\/cosyart.pt\/#\/schema\/logo\/image\/","url":"https:\/\/cosyart.pt\/wp-content\/uploads\/2025\/12\/Cosyart-Logo.png","contentUrl":"https:\/\/cosyart.pt\/wp-content\/uploads\/2025\/12\/Cosyart-Logo.png","width":1022,"height":372,"caption":"Cosyart Produ\u00e7\u00f5es e personaliza\u00e7\u00f5es, atelier de costura, vestu\u00e1rio, artesanato e boutique."},"image":{"@id":"https:\/\/cosyart.pt\/#\/schema\/logo\/image\/"},"sameAs":["https:\/\/www.facebook.com\/cosyartonline","https:\/\/www.instagram.com\/cosyart\/"]}]}},"_links":{"self":[{"href":"https:\/\/cosyart.pt\/index.php?rest_route=\/wp\/v2\/product\/6645","targetHints":{"allow":["GET"]}}],"collection":[{"href":"https:\/\/cosyart.pt\/index.php?rest_route=\/wp\/v2\/product"}],"about":[{"href":"https:\/\/cosyart.pt\/index.php?rest_route=\/wp\/v2\/types\/product"}],"replies":[{"embeddable":true,"href":"https:\/\/cosyart.pt\/index.php?rest_route=%2Fwp%2Fv2%2Fcomments&post=6645"}],"wp:featuredmedia":[{"embeddable":true,"href":"https:\/\/cosyart.pt\/index.php?rest_route=\/wp\/v2\/media\/6657"}],"wp:attachment":[{"href":"https:\/\/cosyart.pt\/index.php?rest_route=%2Fwp%2Fv2%2Fmedia&parent=6645"}],"wp:term":[{"taxonomy":"product_brand","embeddable":true,"href":"https:\/\/cosyart.pt\/index.php?rest_route=%2Fwp%2Fv2%2Fproduct_brand&post=6645"},{"taxonomy":"product_cat","embeddable":true,"href":"https:\/\/cosyart.pt\/index.php?rest_route=%2Fwp%2Fv2%2Fproduct_cat&post=6645"},{"taxonomy":"product_tag","embeddable":true,"href":"https:\/\/cosyart.pt\/index.php?rest_route=%2Fwp%2Fv2%2Fproduct_tag&post=6645"}],"curies":[{"name":"wp","href":"https:\/\/api.w.org\/{rel}","templated":true}]}}