{"id":6622,"date":"2025-11-17T18:48:31","date_gmt":"2025-11-17T18:48:31","guid":{"rendered":"https:\/\/cosyart.pt\/?post_type=product&#038;p=6622"},"modified":"2025-11-18T19:11:42","modified_gmt":"2025-11-18T19:11:42","slug":"porta-velas-castical-vidro-t-light-atlas","status":"publish","type":"product","link":"https:\/\/cosyart.pt\/?product=porta-velas-castical-vidro-t-light-atlas","title":{"rendered":"Porta-Velas Casti\u00e7al Vidro T-light ATLAS"},"content":{"rendered":"<p>Descobre a beleza do copo porta-velas em vidro colorido, com um di\u00e2metro de 7,5cm e uma altura de 9,5cm, uma pe\u00e7a artesanal feita com orgulho em Portugal. Este acess\u00f3rio decorativo n\u00e3o s\u00f3 ilumina o ambiente com suavidade, como tamb\u00e9m adiciona um toque de charme a qualquer espa\u00e7o da sua casa. Dispon\u00edvel numa variedade de cores vibrantes, desde tons suaves que tranquilizam at\u00e9 cores intensas que adicionam um toque de drama, este copo porta-velas \u00e9 t\u00e3o vers\u00e1til quanto \u00e9 bonito. Perfeito para criar uma atmosfera acolhedora numa tarde chuvosa ou para iluminar uma reuni\u00e3o especial \u00e0 noite. Escolha a cor que melhor combina com a sua decora\u00e7\u00e3o e deixe-se envolver pela luz suave e reconfortante deste artigo feito \u00e0 m\u00e3o, que n\u00e3o s\u00f3 decora, mas tamb\u00e9m transforma cada espa\u00e7o num ref\u00fagio de conforto e estilo.<\/p>\n<table class=\"woocommerce-product-attributes shop_attributes\" style=\"height: 527px;\" width=\"837\" aria-label=\"Product Details\">\n<tbody>\n<tr class=\"woocommerce-product-attributes-item woocommerce-product-attributes-item--weight\">\n<th class=\"woocommerce-product-attributes-item__label\" scope=\"row\">Peso<\/th>\n<td class=\"woocommerce-product-attributes-item__value\" data-o_content=\"0.29 kg\">0.290 kg<\/td>\n<\/tr>\n<tr class=\"woocommerce-product-attributes-item woocommerce-product-attributes-item--dimensions\">\n<th class=\"woocommerce-product-attributes-item__label\" scope=\"row\">Dimens\u00f5es (C x L x A)<\/th>\n<td class=\"woocommerce-product-attributes-item__value\" data-o_content=\"7.5 \u00d7 7.5 \u00d7 9.5 cm\">8 \u00d7 8 \u00d7 10 cm<\/td>\n<\/tr>\n<tr class=\"woocommerce-product-attributes-item woocommerce-product-attributes-item--attribute_pa_brand\">\n<th class=\"woocommerce-product-attributes-item__label\" scope=\"row\">Brand<\/th>\n<td class=\"woocommerce-product-attributes-item__value\">C\u00aa Atlantica<\/td>\n<\/tr>\n<tr class=\"woocommerce-product-attributes-item woocommerce-product-attributes-item--attribute_pa_colecao\">\n<th class=\"woocommerce-product-attributes-item__label\" scope=\"row\">Cole\u00e7\u00e3o<\/th>\n<td class=\"woocommerce-product-attributes-item__value\">Atlas<\/td>\n<\/tr>\n<tr class=\"woocommerce-product-attributes-item woocommerce-product-attributes-item--attribute_pa_cor\">\n<th class=\"woocommerce-product-attributes-item__label\" scope=\"row\">Cor<\/th>\n<td class=\"woocommerce-product-attributes-item__value\"><img decoding=\"async\" class=\"alignnone  wp-image-6631\" src=\"https:\/\/cosyart.pt\/wp-content\/uploads\/2025\/11\/Captura-de-ecra-2025-11-17-185216.png\" alt=\"\" width=\"187\" height=\"27\" \/><\/td>\n<\/tr>\n<tr class=\"woocommerce-product-attributes-item woocommerce-product-attributes-item--attribute_pa_dimensoes\">\n<th class=\"woocommerce-product-attributes-item__label\" scope=\"row\">Dimens\u00f5es<\/th>\n<td class=\"woocommerce-product-attributes-item__value\">\u00d87,5 x A.9,5cm<\/td>\n<\/tr>\n<tr class=\"woocommerce-product-attributes-item woocommerce-product-attributes-item--attribute_pa_material\">\n<th class=\"woocommerce-product-attributes-item__label\" scope=\"row\">Material<\/th>\n<td class=\"woocommerce-product-attributes-item__value\">Vidro<\/td>\n<\/tr>\n<tr class=\"woocommerce-product-attributes-item woocommerce-product-attributes-item--attribute_pa_quantidade\">\n<th class=\"woocommerce-product-attributes-item__label\" scope=\"row\">Quantidade<\/th>\n<td class=\"woocommerce-product-attributes-item__value\">1<\/td>\n<\/tr>\n<\/tbody>\n<\/table>\n","protected":false},"excerpt":{"rendered":"<p>Copo porta-velas em vidro colorido, com di\u00e2metro de 7,5cm e altura de 9,5cm.<br \/>\nUm acess\u00f3rio decorativo que cria um espa\u00e7o confort\u00e1vel e acolhedor. Dispon\u00edvel em v\u00e1rias cores, que facilmente se adaptam \u00e0 sua decora\u00e7\u00e3o.<br \/>\nFeito em Portugal.<\/p>\n","protected":false},"featured_media":6632,"comment_status":"open","ping_status":"open","template":"","meta":[],"product_brand":[],"product_cat":[59,323],"product_tag":[],"class_list":{"0":"post-6622","1":"product","2":"type-product","3":"status-publish","4":"has-post-thumbnail","6":"product_cat-velas","7":"product_cat-velas-decorativas","8":"pa_cor-branco","9":"pa_cor-cinza","10":"pa_cor-lilas","11":"pa_cor-preto","12":"pa_cor-rubi","13":"pa_cor-verde-oliva","15":"first","16":"instock","17":"featured","18":"taxable","19":"shipping-taxable","20":"purchasable","21":"product-type-variable"},"yoast_head":"<!-- This site is optimized with the Yoast SEO plugin v27.4 - https:\/\/yoast.com\/product\/yoast-seo-wordpress\/ -->\n<title>Porta-Velas Casti\u00e7al Vidro T-light ATLAS - Cosyart Produ\u00e7\u00f5es e personaliza\u00e7\u00f5es, atelier de costura, vestu\u00e1rio, artesanato e boutique.<\/title>\n<meta name=\"robots\" content=\"index, follow, max-snippet:-1, max-image-preview:large, max-video-preview:-1\" \/>\n<link rel=\"canonical\" href=\"https:\/\/cosyart.pt\/?product=porta-velas-castical-vidro-t-light-atlas\" \/>\n<meta property=\"og:locale\" content=\"pt_PT\" \/>\n<meta property=\"og:type\" content=\"article\" \/>\n<meta property=\"og:title\" content=\"Porta-Velas Casti\u00e7al Vidro T-light ATLAS - Cosyart Produ\u00e7\u00f5es e personaliza\u00e7\u00f5es, atelier de costura, vestu\u00e1rio, artesanato e boutique.\" \/>\n<meta property=\"og:description\" content=\"Copo porta-velas em vidro colorido, com di\u00e2metro de 7,5cm e altura de 9,5cm. Um acess\u00f3rio decorativo que cria um espa\u00e7o confort\u00e1vel e acolhedor. Dispon\u00edvel em v\u00e1rias cores, que facilmente se adaptam \u00e0 sua decora\u00e7\u00e3o. Feito em Portugal.\" \/>\n<meta property=\"og:url\" content=\"https:\/\/cosyart.pt\/?product=porta-velas-castical-vidro-t-light-atlas\" \/>\n<meta property=\"og:site_name\" content=\"Cosyart Produ\u00e7\u00f5es e personaliza\u00e7\u00f5es, atelier de costura, vestu\u00e1rio, artesanato e boutique.\" \/>\n<meta property=\"article:publisher\" content=\"https:\/\/www.facebook.com\/cosyartonline\" \/>\n<meta property=\"article:modified_time\" content=\"2025-11-18T19:11:42+00:00\" \/>\n<meta property=\"og:image\" content=\"https:\/\/cosyart.pt\/wp-content\/uploads\/2025\/11\/S-1-7.jpg\" \/>\n\t<meta property=\"og:image:width\" content=\"1000\" \/>\n\t<meta property=\"og:image:height\" content=\"1565\" \/>\n\t<meta property=\"og:image:type\" content=\"image\/jpeg\" \/>\n<meta name=\"twitter:card\" content=\"summary_large_image\" \/>\n<meta name=\"twitter:label1\" content=\"Tempo estimado de leitura\" \/>\n\t<meta name=\"twitter:data1\" content=\"1 minuto\" \/>\n<script type=\"application\/ld+json\" class=\"yoast-schema-graph\">{\"@context\":\"https:\\\/\\\/schema.org\",\"@graph\":[{\"@type\":\"WebPage\",\"@id\":\"https:\\\/\\\/cosyart.pt\\\/?product=porta-velas-castical-vidro-t-light-atlas\",\"url\":\"https:\\\/\\\/cosyart.pt\\\/?product=porta-velas-castical-vidro-t-light-atlas\",\"name\":\"Porta-Velas Casti\u00e7al Vidro T-light ATLAS - Cosyart Produ\u00e7\u00f5es e personaliza\u00e7\u00f5es, atelier de costura, vestu\u00e1rio, artesanato e boutique.\",\"isPartOf\":{\"@id\":\"https:\\\/\\\/cosyart.pt\\\/#website\"},\"primaryImageOfPage\":{\"@id\":\"https:\\\/\\\/cosyart.pt\\\/?product=porta-velas-castical-vidro-t-light-atlas#primaryimage\"},\"image\":{\"@id\":\"https:\\\/\\\/cosyart.pt\\\/?product=porta-velas-castical-vidro-t-light-atlas#primaryimage\"},\"thumbnailUrl\":\"https:\\\/\\\/cosyart.pt\\\/wp-content\\\/uploads\\\/2025\\\/11\\\/S-1-7.jpg\",\"datePublished\":\"2025-11-17T18:48:31+00:00\",\"dateModified\":\"2025-11-18T19:11:42+00:00\",\"breadcrumb\":{\"@id\":\"https:\\\/\\\/cosyart.pt\\\/?product=porta-velas-castical-vidro-t-light-atlas#breadcrumb\"},\"inLanguage\":\"pt-PT\",\"potentialAction\":[{\"@type\":\"ReadAction\",\"target\":[\"https:\\\/\\\/cosyart.pt\\\/?product=porta-velas-castical-vidro-t-light-atlas\"]}]},{\"@type\":\"ImageObject\",\"inLanguage\":\"pt-PT\",\"@id\":\"https:\\\/\\\/cosyart.pt\\\/?product=porta-velas-castical-vidro-t-light-atlas#primaryimage\",\"url\":\"https:\\\/\\\/cosyart.pt\\\/wp-content\\\/uploads\\\/2025\\\/11\\\/S-1-7.jpg\",\"contentUrl\":\"https:\\\/\\\/cosyart.pt\\\/wp-content\\\/uploads\\\/2025\\\/11\\\/S-1-7.jpg\",\"width\":1000,\"height\":1565},{\"@type\":\"BreadcrumbList\",\"@id\":\"https:\\\/\\\/cosyart.pt\\\/?product=porta-velas-castical-vidro-t-light-atlas#breadcrumb\",\"itemListElement\":[{\"@type\":\"ListItem\",\"position\":1,\"name\":\"In\u00edcio\",\"item\":\"https:\\\/\\\/cosyart.pt\\\/\"},{\"@type\":\"ListItem\",\"position\":2,\"name\":\"Produtos\",\"item\":\"https:\\\/\\\/cosyart.pt\\\/\"},{\"@type\":\"ListItem\",\"position\":3,\"name\":\"Porta-Velas Casti\u00e7al Vidro T-light ATLAS\"}]},{\"@type\":\"WebSite\",\"@id\":\"https:\\\/\\\/cosyart.pt\\\/#website\",\"url\":\"https:\\\/\\\/cosyart.pt\\\/\",\"name\":\"Cosyart Produ\u00e7\u00f5es e personaliza\u00e7\u00f5es, atelier de costura, vestu\u00e1rio, artesanato e boutique.\",\"description\":\"Tem fabrico pr\u00f3prio de artigos da marca Cosyart no atelier de costura, mais sublima\u00e7\u00e3o, estampagem, grava\u00e7\u00e3o a laser e bordados.\",\"publisher\":{\"@id\":\"https:\\\/\\\/cosyart.pt\\\/#organization\"},\"potentialAction\":[{\"@type\":\"SearchAction\",\"target\":{\"@type\":\"EntryPoint\",\"urlTemplate\":\"https:\\\/\\\/cosyart.pt\\\/?s={search_term_string}\"},\"query-input\":{\"@type\":\"PropertyValueSpecification\",\"valueRequired\":true,\"valueName\":\"search_term_string\"}}],\"inLanguage\":\"pt-PT\"},{\"@type\":\"Organization\",\"@id\":\"https:\\\/\\\/cosyart.pt\\\/#organization\",\"name\":\"Cosyart Produ\u00e7\u00f5es e personaliza\u00e7\u00f5es, atelier de costura, vestu\u00e1rio, artesanato e boutique.\",\"url\":\"https:\\\/\\\/cosyart.pt\\\/\",\"logo\":{\"@type\":\"ImageObject\",\"inLanguage\":\"pt-PT\",\"@id\":\"https:\\\/\\\/cosyart.pt\\\/#\\\/schema\\\/logo\\\/image\\\/\",\"url\":\"https:\\\/\\\/cosyart.pt\\\/wp-content\\\/uploads\\\/2025\\\/12\\\/Cosyart-Logo.png\",\"contentUrl\":\"https:\\\/\\\/cosyart.pt\\\/wp-content\\\/uploads\\\/2025\\\/12\\\/Cosyart-Logo.png\",\"width\":1022,\"height\":372,\"caption\":\"Cosyart Produ\u00e7\u00f5es e personaliza\u00e7\u00f5es, atelier de costura, vestu\u00e1rio, artesanato e boutique.\"},\"image\":{\"@id\":\"https:\\\/\\\/cosyart.pt\\\/#\\\/schema\\\/logo\\\/image\\\/\"},\"sameAs\":[\"https:\\\/\\\/www.facebook.com\\\/cosyartonline\",\"https:\\\/\\\/www.instagram.com\\\/cosyart\\\/\"]}]}<\/script>\n<!-- \/ Yoast SEO plugin. -->","yoast_head_json":{"title":"Porta-Velas Casti\u00e7al Vidro T-light ATLAS - Cosyart Produ\u00e7\u00f5es e personaliza\u00e7\u00f5es, atelier de costura, vestu\u00e1rio, artesanato e boutique.","robots":{"index":"index","follow":"follow","max-snippet":"max-snippet:-1","max-image-preview":"max-image-preview:large","max-video-preview":"max-video-preview:-1"},"canonical":"https:\/\/cosyart.pt\/?product=porta-velas-castical-vidro-t-light-atlas","og_locale":"pt_PT","og_type":"article","og_title":"Porta-Velas Casti\u00e7al Vidro T-light ATLAS - Cosyart Produ\u00e7\u00f5es e personaliza\u00e7\u00f5es, atelier de costura, vestu\u00e1rio, artesanato e boutique.","og_description":"Copo porta-velas em vidro colorido, com di\u00e2metro de 7,5cm e altura de 9,5cm. Um acess\u00f3rio decorativo que cria um espa\u00e7o confort\u00e1vel e acolhedor. Dispon\u00edvel em v\u00e1rias cores, que facilmente se adaptam \u00e0 sua decora\u00e7\u00e3o. Feito em Portugal.","og_url":"https:\/\/cosyart.pt\/?product=porta-velas-castical-vidro-t-light-atlas","og_site_name":"Cosyart Produ\u00e7\u00f5es e personaliza\u00e7\u00f5es, atelier de costura, vestu\u00e1rio, artesanato e boutique.","article_publisher":"https:\/\/www.facebook.com\/cosyartonline","article_modified_time":"2025-11-18T19:11:42+00:00","og_image":[{"width":1000,"height":1565,"url":"https:\/\/cosyart.pt\/wp-content\/uploads\/2025\/11\/S-1-7.jpg","type":"image\/jpeg"}],"twitter_card":"summary_large_image","twitter_misc":{"Tempo estimado de leitura":"1 minuto"},"schema":{"@context":"https:\/\/schema.org","@graph":[{"@type":"WebPage","@id":"https:\/\/cosyart.pt\/?product=porta-velas-castical-vidro-t-light-atlas","url":"https:\/\/cosyart.pt\/?product=porta-velas-castical-vidro-t-light-atlas","name":"Porta-Velas Casti\u00e7al Vidro T-light ATLAS - Cosyart Produ\u00e7\u00f5es e personaliza\u00e7\u00f5es, atelier de costura, vestu\u00e1rio, artesanato e boutique.","isPartOf":{"@id":"https:\/\/cosyart.pt\/#website"},"primaryImageOfPage":{"@id":"https:\/\/cosyart.pt\/?product=porta-velas-castical-vidro-t-light-atlas#primaryimage"},"image":{"@id":"https:\/\/cosyart.pt\/?product=porta-velas-castical-vidro-t-light-atlas#primaryimage"},"thumbnailUrl":"https:\/\/cosyart.pt\/wp-content\/uploads\/2025\/11\/S-1-7.jpg","datePublished":"2025-11-17T18:48:31+00:00","dateModified":"2025-11-18T19:11:42+00:00","breadcrumb":{"@id":"https:\/\/cosyart.pt\/?product=porta-velas-castical-vidro-t-light-atlas#breadcrumb"},"inLanguage":"pt-PT","potentialAction":[{"@type":"ReadAction","target":["https:\/\/cosyart.pt\/?product=porta-velas-castical-vidro-t-light-atlas"]}]},{"@type":"ImageObject","inLanguage":"pt-PT","@id":"https:\/\/cosyart.pt\/?product=porta-velas-castical-vidro-t-light-atlas#primaryimage","url":"https:\/\/cosyart.pt\/wp-content\/uploads\/2025\/11\/S-1-7.jpg","contentUrl":"https:\/\/cosyart.pt\/wp-content\/uploads\/2025\/11\/S-1-7.jpg","width":1000,"height":1565},{"@type":"BreadcrumbList","@id":"https:\/\/cosyart.pt\/?product=porta-velas-castical-vidro-t-light-atlas#breadcrumb","itemListElement":[{"@type":"ListItem","position":1,"name":"In\u00edcio","item":"https:\/\/cosyart.pt\/"},{"@type":"ListItem","position":2,"name":"Produtos","item":"https:\/\/cosyart.pt\/"},{"@type":"ListItem","position":3,"name":"Porta-Velas Casti\u00e7al Vidro T-light ATLAS"}]},{"@type":"WebSite","@id":"https:\/\/cosyart.pt\/#website","url":"https:\/\/cosyart.pt\/","name":"Cosyart Produ\u00e7\u00f5es e personaliza\u00e7\u00f5es, atelier de costura, vestu\u00e1rio, artesanato e boutique.","description":"Tem fabrico pr\u00f3prio de artigos da marca Cosyart no atelier de costura, mais sublima\u00e7\u00e3o, estampagem, grava\u00e7\u00e3o a laser e bordados.","publisher":{"@id":"https:\/\/cosyart.pt\/#organization"},"potentialAction":[{"@type":"SearchAction","target":{"@type":"EntryPoint","urlTemplate":"https:\/\/cosyart.pt\/?s={search_term_string}"},"query-input":{"@type":"PropertyValueSpecification","valueRequired":true,"valueName":"search_term_string"}}],"inLanguage":"pt-PT"},{"@type":"Organization","@id":"https:\/\/cosyart.pt\/#organization","name":"Cosyart Produ\u00e7\u00f5es e personaliza\u00e7\u00f5es, atelier de costura, vestu\u00e1rio, artesanato e boutique.","url":"https:\/\/cosyart.pt\/","logo":{"@type":"ImageObject","inLanguage":"pt-PT","@id":"https:\/\/cosyart.pt\/#\/schema\/logo\/image\/","url":"https:\/\/cosyart.pt\/wp-content\/uploads\/2025\/12\/Cosyart-Logo.png","contentUrl":"https:\/\/cosyart.pt\/wp-content\/uploads\/2025\/12\/Cosyart-Logo.png","width":1022,"height":372,"caption":"Cosyart Produ\u00e7\u00f5es e personaliza\u00e7\u00f5es, atelier de costura, vestu\u00e1rio, artesanato e boutique."},"image":{"@id":"https:\/\/cosyart.pt\/#\/schema\/logo\/image\/"},"sameAs":["https:\/\/www.facebook.com\/cosyartonline","https:\/\/www.instagram.com\/cosyart\/"]}]}},"_links":{"self":[{"href":"https:\/\/cosyart.pt\/index.php?rest_route=\/wp\/v2\/product\/6622","targetHints":{"allow":["GET"]}}],"collection":[{"href":"https:\/\/cosyart.pt\/index.php?rest_route=\/wp\/v2\/product"}],"about":[{"href":"https:\/\/cosyart.pt\/index.php?rest_route=\/wp\/v2\/types\/product"}],"replies":[{"embeddable":true,"href":"https:\/\/cosyart.pt\/index.php?rest_route=%2Fwp%2Fv2%2Fcomments&post=6622"}],"wp:featuredmedia":[{"embeddable":true,"href":"https:\/\/cosyart.pt\/index.php?rest_route=\/wp\/v2\/media\/6632"}],"wp:attachment":[{"href":"https:\/\/cosyart.pt\/index.php?rest_route=%2Fwp%2Fv2%2Fmedia&parent=6622"}],"wp:term":[{"taxonomy":"product_brand","embeddable":true,"href":"https:\/\/cosyart.pt\/index.php?rest_route=%2Fwp%2Fv2%2Fproduct_brand&post=6622"},{"taxonomy":"product_cat","embeddable":true,"href":"https:\/\/cosyart.pt\/index.php?rest_route=%2Fwp%2Fv2%2Fproduct_cat&post=6622"},{"taxonomy":"product_tag","embeddable":true,"href":"https:\/\/cosyart.pt\/index.php?rest_route=%2Fwp%2Fv2%2Fproduct_tag&post=6622"}],"curies":[{"name":"wp","href":"https:\/\/api.w.org\/{rel}","templated":true}]}}