{"id":6477,"date":"2025-11-13T11:13:38","date_gmt":"2025-11-13T11:13:38","guid":{"rendered":"https:\/\/cosyart.pt\/?post_type=product&#038;p=6477"},"modified":"2025-11-13T11:17:43","modified_gmt":"2025-11-13T11:17:43","slug":"tigela-comporta","status":"publish","type":"product","link":"https:\/\/cosyart.pt\/?product=tigela-comporta","title":{"rendered":"Tigela COMPORTA"},"content":{"rendered":"<p>Com as suas aguas turquesas e imenso areal, a praia da Comporta \u00e9 um destino \u00fanico. Inspirado neste ambiente buc\u00f3lico, a linha Comporta captura as cores e a geografia desta praia, retratado nas suas riscas e movimento de cor. Composto por pratos, ta\u00e7as e pe\u00e7as de servir, \u00e9 uma linha ideal para juntar amigos. Porque \u00e9 feito no nosso gr\u00e9s especial, pode ser usado a di\u00e1rio ou ainda em restaura\u00e7\u00e3o, sendo apto para forno, micro-ondas e maquina de lavar. A C\u00aa Atl\u00e2ntica \u00e9 sin\u00f4nimo de design simples e elegante desde 2009, sendo produzido em Portugal sob o estilo de vida da costa atl\u00e2ntica mediterr\u00e2nea.<\/p>\n<table class=\"woocommerce-product-attributes shop_attributes\" style=\"height: 497px;\" width=\"844\" aria-label=\"Product Details\">\n<tbody>\n<tr class=\"woocommerce-product-attributes-item woocommerce-product-attributes-item--weight\">\n<th class=\"woocommerce-product-attributes-item__label\" scope=\"row\">Peso<\/th>\n<td class=\"woocommerce-product-attributes-item__value\" data-o_content=\"0.6 kg\">0.450 kg<\/td>\n<\/tr>\n<tr class=\"woocommerce-product-attributes-item woocommerce-product-attributes-item--dimensions\">\n<th class=\"woocommerce-product-attributes-item__label\" scope=\"row\">Dimens\u00f5es (C x L x A)<\/th>\n<td class=\"woocommerce-product-attributes-item__value\" data-o_content=\"n.d.\">15 \u00d7 15 \u00d7 9 cm<\/td>\n<\/tr>\n<tr class=\"woocommerce-product-attributes-item woocommerce-product-attributes-item--attribute_pa_brand\">\n<th class=\"woocommerce-product-attributes-item__label\" scope=\"row\">Brand<\/th>\n<td class=\"woocommerce-product-attributes-item__value\">C\u00aa Atlantica<\/td>\n<\/tr>\n<tr class=\"woocommerce-product-attributes-item woocommerce-product-attributes-item--attribute_pa_colecao\">\n<th class=\"woocommerce-product-attributes-item__label\" scope=\"row\">Cole\u00e7\u00e3o<\/th>\n<td class=\"woocommerce-product-attributes-item__value\">COMPORTA<\/td>\n<\/tr>\n<tr class=\"woocommerce-product-attributes-item woocommerce-product-attributes-item--attribute_pa_cor\">\n<th class=\"woocommerce-product-attributes-item__label\" scope=\"row\">Cor<\/th>\n<td class=\"woocommerce-product-attributes-item__value\">\n<div class=\"select_box_colorpicker select_box on_ptab\">\n<div class=\"select_option_colorpicker select_option\" data-value=\"cinza\"><img decoding=\"async\" class=\"alignnone  wp-image-6458\" src=\"https:\/\/cosyart.pt\/wp-content\/uploads\/2025\/11\/Captura-de-ecra-2025-11-13-105418.png\" alt=\"\" width=\"56\" height=\"22\" \/><\/div>\n<\/div>\n<\/td>\n<\/tr>\n<tr class=\"woocommerce-product-attributes-item woocommerce-product-attributes-item--attribute_pa_material\">\n<th class=\"woocommerce-product-attributes-item__label\" scope=\"row\">Material<\/th>\n<td class=\"woocommerce-product-attributes-item__value\">Ceramica Gr\u00e9s<\/td>\n<\/tr>\n<tr class=\"woocommerce-product-attributes-item woocommerce-product-attributes-item--attribute_pa_dimensoes\">\n<th class=\"woocommerce-product-attributes-item__label\" scope=\"row\">Dimens\u00f5es<\/th>\n<td class=\"woocommerce-product-attributes-item__value\">16cm<\/td>\n<\/tr>\n<tr class=\"woocommerce-product-attributes-item woocommerce-product-attributes-item--attribute_pa_instrucoes-de-uso\">\n<th class=\"woocommerce-product-attributes-item__label\" scope=\"row\">Instru\u00e7\u00f5es de Uso<\/th>\n<td class=\"woocommerce-product-attributes-item__value\">Forno, Maquina de Lavar Lou\u00e7a, Microondas<\/td>\n<\/tr>\n<tr class=\"woocommerce-product-attributes-item woocommerce-product-attributes-item--attribute_pa_quantidade\">\n<th class=\"woocommerce-product-attributes-item__label\" scope=\"row\">Quantidade<\/th>\n<td class=\"woocommerce-product-attributes-item__value\">1<\/td>\n<\/tr>\n<\/tbody>\n<\/table>\n","protected":false},"excerpt":{"rendered":"<div class=\"product-short-description\">\n<div class=\"product-short-description\">\n<p>Tigela de Cereais \u00d816cm estilo boho, produzido em gr\u00e9s, uma cer\u00e2mica robusta ideal para o uso di\u00e1rio. Decorada \u00e0 m\u00e3o, com esmaltes reativos, o que torna cada pe\u00e7a \u00fanica. Produzido localmente em Portugal.<\/p>\n<\/div>\n<form class=\"variations_form cart initialized\" action=\"https:\/\/www.companhiaatlantica.pt\/produto\/ceramica-portuguesa\/tigelas-ceramica\/comporta-tigela-16cm\" enctype=\"multipart\/form-data\" method=\"post\" data-product_id=\"10033\" data-product_variations=\"[{&quot;attributes&quot;:{&quot;attribute_pa_cor&quot;:&quot;azul&quot;},&quot;availability_html&quot;:&quot;&lt;p class=\\&quot;stock in-stock\\&quot;&gt;Em stock&lt;\\\/p&gt;\\n&quot;,&quot;backorders_allowed&quot;:false,&quot;dimensions&quot;:{&quot;length&quot;:&quot;15&quot;,&quot;width&quot;:&quot;15&quot;,&quot;height&quot;:&quot;9&quot;},&quot;dimensions_html&quot;:&quot;15 &amp;times; 15 &amp;times; 9 cm&quot;,&quot;display_price&quot;:20,&quot;display_regular_price&quot;:20,&quot;image&quot;:{&quot;title&quot;:&quot;130-644&quot;,&quot;caption&quot;:&quot;Comporta Blue&quot;,&quot;url&quot;:&quot;https:\\\/\\\/www.companhiaatlantica.pt\\\/wp-content\\\/uploads\\\/2020\\\/11\\\/130-644.jpg&quot;,&quot;alt&quot;:&quot;Comporta Blue&quot;,&quot;src&quot;:&quot;https:\\\/\\\/www.companhiaatlantica.pt\\\/wp-content\\\/uploads\\\/2020\\\/11\\\/130-644-600x600.jpg&quot;,&quot;srcset&quot;:&quot;https:\\\/\\\/www.companhiaatlantica.pt\\\/wp-content\\\/uploads\\\/2020\\\/11\\\/130-644-600x600.jpg 600w, https:\\\/\\\/www.companhiaatlantica.pt\\\/wp-content\\\/uploads\\\/2020\\\/11\\\/130-644-100x100.jpg 100w, https:\\\/\\\/www.companhiaatlantica.pt\\\/wp-content\\\/uploads\\\/2020\\\/11\\\/130-644-300x300.jpg 300w, https:\\\/\\\/www.companhiaatlantica.pt\\\/wp-content\\\/uploads\\\/2020\\\/11\\\/130-644-150x150.jpg 150w, https:\\\/\\\/www.companhiaatlantica.pt\\\/wp-content\\\/uploads\\\/2020\\\/11\\\/130-644-768x768.jpg 768w, https:\\\/\\\/www.companhiaatlantica.pt\\\/wp-content\\\/uploads\\\/2020\\\/11\\\/130-644.jpg 1000w&quot;,&quot;sizes&quot;:&quot;(max-width: 600px) 100vw, 600px&quot;,&quot;full_src&quot;:&quot;https:\\\/\\\/www.companhiaatlantica.pt\\\/wp-content\\\/uploads\\\/2020\\\/11\\\/130-644.jpg&quot;,&quot;full_src_w&quot;:1000,&quot;full_src_h&quot;:1000,&quot;gallery_thumbnail_src&quot;:&quot;https:\\\/\\\/www.companhiaatlantica.pt\\\/wp-content\\\/uploads\\\/2020\\\/11\\\/130-644-100x100.jpg&quot;,&quot;gallery_thumbnail_src_w&quot;:100,&quot;gallery_thumbnail_src_h&quot;:100,&quot;thumb_src&quot;:&quot;https:\\\/\\\/www.companhiaatlantica.pt\\\/wp-content\\\/uploads\\\/2020\\\/11\\\/130-644-600x600.jpg&quot;,&quot;thumb_src_w&quot;:600,&quot;thumb_src_h&quot;:600,&quot;src_w&quot;:600,&quot;src_h&quot;:600},&quot;image_id&quot;:13817,&quot;is_downloadable&quot;:false,&quot;is_in_stock&quot;:true,&quot;is_purchasable&quot;:true,&quot;is_sold_individually&quot;:&quot;no&quot;,&quot;is_virtual&quot;:false,&quot;max_qty&quot;:23,&quot;min_qty&quot;:1,&quot;price_html&quot;:&quot;&quot;,&quot;sku&quot;:&quot;130-644&quot;,&quot;variation_description&quot;:&quot;&lt;p&gt;Tigela COMPORTA &amp;#8211; Azul&lt;\\\/p&gt;\\n&quot;,&quot;variation_id&quot;:19851,&quot;variation_is_active&quot;:true,&quot;variation_is_visible&quot;:true,&quot;weight&quot;:&quot;0.450&quot;,&quot;weight_html&quot;:&quot;0.450 kg&quot;,&quot;display_price_cents&quot;:2000},{&quot;attributes&quot;:{&quot;attribute_pa_cor&quot;:&quot;cinza&quot;},&quot;availability_html&quot;:&quot;&lt;p class=\\&quot;stock in-stock\\&quot;&gt;Em stock&lt;\\\/p&gt;\\n&quot;,&quot;backorders_allowed&quot;:false,&quot;dimensions&quot;:{&quot;length&quot;:&quot;15&quot;,&quot;width&quot;:&quot;15&quot;,&quot;height&quot;:&quot;9&quot;},&quot;dimensions_html&quot;:&quot;15 &amp;times; 15 &amp;times; 9 cm&quot;,&quot;display_price&quot;:20,&quot;display_regular_price&quot;:20,&quot;image&quot;:{&quot;title&quot;:&quot;130-683&quot;,&quot;caption&quot;:&quot;Comporta Tigela Cinza&quot;,&quot;url&quot;:&quot;https:\\\/\\\/www.companhiaatlantica.pt\\\/wp-content\\\/uploads\\\/2020\\\/11\\\/130-683.jpg&quot;,&quot;alt&quot;:&quot;Comporta Tigela Cinza&quot;,&quot;src&quot;:&quot;https:\\\/\\\/www.companhiaatlantica.pt\\\/wp-content\\\/uploads\\\/2020\\\/11\\\/130-683-600x600.jpg&quot;,&quot;srcset&quot;:&quot;https:\\\/\\\/www.companhiaatlantica.pt\\\/wp-content\\\/uploads\\\/2020\\\/11\\\/130-683-600x600.jpg 600w, https:\\\/\\\/www.companhiaatlantica.pt\\\/wp-content\\\/uploads\\\/2020\\\/11\\\/130-683-100x100.jpg 100w, https:\\\/\\\/www.companhiaatlantica.pt\\\/wp-content\\\/uploads\\\/2020\\\/11\\\/130-683-300x300.jpg 300w, https:\\\/\\\/www.companhiaatlantica.pt\\\/wp-content\\\/uploads\\\/2020\\\/11\\\/130-683-150x150.jpg 150w, https:\\\/\\\/www.companhiaatlantica.pt\\\/wp-content\\\/uploads\\\/2020\\\/11\\\/130-683-768x768.jpg 768w, https:\\\/\\\/www.companhiaatlantica.pt\\\/wp-content\\\/uploads\\\/2020\\\/11\\\/130-683.jpg 1000w&quot;,&quot;sizes&quot;:&quot;(max-width: 600px) 100vw, 600px&quot;,&quot;full_src&quot;:&quot;https:\\\/\\\/www.companhiaatlantica.pt\\\/wp-content\\\/uploads\\\/2020\\\/11\\\/130-683.jpg&quot;,&quot;full_src_w&quot;:1000,&quot;full_src_h&quot;:1000,&quot;gallery_thumbnail_src&quot;:&quot;https:\\\/\\\/www.companhiaatlantica.pt\\\/wp-content\\\/uploads\\\/2020\\\/11\\\/130-683-100x100.jpg&quot;,&quot;gallery_thumbnail_src_w&quot;:100,&quot;gallery_thumbnail_src_h&quot;:100,&quot;thumb_src&quot;:&quot;https:\\\/\\\/www.companhiaatlantica.pt\\\/wp-content\\\/uploads\\\/2020\\\/11\\\/130-683-600x600.jpg&quot;,&quot;thumb_src_w&quot;:600,&quot;thumb_src_h&quot;:600,&quot;src_w&quot;:600,&quot;src_h&quot;:600},&quot;image_id&quot;:13820,&quot;is_downloadable&quot;:false,&quot;is_in_stock&quot;:true,&quot;is_purchasable&quot;:true,&quot;is_sold_individually&quot;:&quot;no&quot;,&quot;is_virtual&quot;:false,&quot;max_qty&quot;:55,&quot;min_qty&quot;:1,&quot;price_html&quot;:&quot;&quot;,&quot;sku&quot;:&quot;130-683&quot;,&quot;variation_description&quot;:&quot;&lt;p&gt;Tigela COMPORTA &amp;#8211; Cinza&lt;\\\/p&gt;\\n&quot;,&quot;variation_id&quot;:19852,&quot;variation_is_active&quot;:true,&quot;variation_is_visible&quot;:true,&quot;weight&quot;:&quot;0.450&quot;,&quot;weight_html&quot;:&quot;0.450 kg&quot;,&quot;display_price_cents&quot;:2000}]\"><\/form>\n<\/div>\n","protected":false},"featured_media":6482,"comment_status":"open","ping_status":"open","template":"","meta":[],"product_brand":[],"product_cat":[112,301,114],"product_tag":[],"class_list":{"0":"post-6477","1":"product","2":"type-product","3":"status-publish","4":"has-post-thumbnail","6":"product_cat-casa","7":"product_cat-ceramica-portuguesa-artesanal","8":"product_cat-mesa","9":"pa_cor-azul","10":"pa_cor-cinza","12":"first","13":"instock","14":"taxable","15":"shipping-taxable","16":"purchasable","17":"product-type-variable"},"yoast_head":"<!-- This site is optimized with the Yoast SEO plugin v27.4 - https:\/\/yoast.com\/product\/yoast-seo-wordpress\/ -->\n<title>Tigela COMPORTA - Cosyart Produ\u00e7\u00f5es e personaliza\u00e7\u00f5es, atelier de costura, vestu\u00e1rio, artesanato e boutique.<\/title>\n<meta name=\"robots\" content=\"index, follow, max-snippet:-1, max-image-preview:large, max-video-preview:-1\" \/>\n<link rel=\"canonical\" href=\"https:\/\/cosyart.pt\/?product=tigela-comporta\" \/>\n<meta property=\"og:locale\" content=\"pt_PT\" \/>\n<meta property=\"og:type\" content=\"article\" \/>\n<meta property=\"og:title\" content=\"Tigela COMPORTA - Cosyart Produ\u00e7\u00f5es e personaliza\u00e7\u00f5es, atelier de costura, vestu\u00e1rio, artesanato e boutique.\" \/>\n<meta property=\"og:description\" content=\"Tigela de Cereais \u00d816cm estilo boho, produzido em gr\u00e9s, uma cer\u00e2mica robusta ideal para o uso di\u00e1rio. Decorada \u00e0 m\u00e3o, com esmaltes reativos, o que torna cada pe\u00e7a \u00fanica. Produzido localmente em Portugal.\" \/>\n<meta property=\"og:url\" content=\"https:\/\/cosyart.pt\/?product=tigela-comporta\" \/>\n<meta property=\"og:site_name\" content=\"Cosyart Produ\u00e7\u00f5es e personaliza\u00e7\u00f5es, atelier de costura, vestu\u00e1rio, artesanato e boutique.\" \/>\n<meta property=\"article:publisher\" content=\"https:\/\/www.facebook.com\/cosyartonline\" \/>\n<meta property=\"article:modified_time\" content=\"2025-11-13T11:17:43+00:00\" \/>\n<meta property=\"og:image\" content=\"https:\/\/cosyart.pt\/wp-content\/uploads\/2025\/11\/S-12.jpg\" \/>\n\t<meta property=\"og:image:width\" content=\"1000\" \/>\n\t<meta property=\"og:image:height\" content=\"1565\" \/>\n\t<meta property=\"og:image:type\" content=\"image\/jpeg\" \/>\n<meta name=\"twitter:card\" content=\"summary_large_image\" \/>\n<meta name=\"twitter:label1\" content=\"Tempo estimado de leitura\" \/>\n\t<meta name=\"twitter:data1\" content=\"1 minuto\" \/>\n<script type=\"application\/ld+json\" class=\"yoast-schema-graph\">{\"@context\":\"https:\\\/\\\/schema.org\",\"@graph\":[{\"@type\":\"WebPage\",\"@id\":\"https:\\\/\\\/cosyart.pt\\\/?product=tigela-comporta\",\"url\":\"https:\\\/\\\/cosyart.pt\\\/?product=tigela-comporta\",\"name\":\"Tigela COMPORTA - Cosyart Produ\u00e7\u00f5es e personaliza\u00e7\u00f5es, atelier de costura, vestu\u00e1rio, artesanato e boutique.\",\"isPartOf\":{\"@id\":\"https:\\\/\\\/cosyart.pt\\\/#website\"},\"primaryImageOfPage\":{\"@id\":\"https:\\\/\\\/cosyart.pt\\\/?product=tigela-comporta#primaryimage\"},\"image\":{\"@id\":\"https:\\\/\\\/cosyart.pt\\\/?product=tigela-comporta#primaryimage\"},\"thumbnailUrl\":\"https:\\\/\\\/cosyart.pt\\\/wp-content\\\/uploads\\\/2025\\\/11\\\/S-12.jpg\",\"datePublished\":\"2025-11-13T11:13:38+00:00\",\"dateModified\":\"2025-11-13T11:17:43+00:00\",\"breadcrumb\":{\"@id\":\"https:\\\/\\\/cosyart.pt\\\/?product=tigela-comporta#breadcrumb\"},\"inLanguage\":\"pt-PT\",\"potentialAction\":[{\"@type\":\"ReadAction\",\"target\":[\"https:\\\/\\\/cosyart.pt\\\/?product=tigela-comporta\"]}]},{\"@type\":\"ImageObject\",\"inLanguage\":\"pt-PT\",\"@id\":\"https:\\\/\\\/cosyart.pt\\\/?product=tigela-comporta#primaryimage\",\"url\":\"https:\\\/\\\/cosyart.pt\\\/wp-content\\\/uploads\\\/2025\\\/11\\\/S-12.jpg\",\"contentUrl\":\"https:\\\/\\\/cosyart.pt\\\/wp-content\\\/uploads\\\/2025\\\/11\\\/S-12.jpg\",\"width\":1000,\"height\":1565},{\"@type\":\"BreadcrumbList\",\"@id\":\"https:\\\/\\\/cosyart.pt\\\/?product=tigela-comporta#breadcrumb\",\"itemListElement\":[{\"@type\":\"ListItem\",\"position\":1,\"name\":\"In\u00edcio\",\"item\":\"https:\\\/\\\/cosyart.pt\\\/\"},{\"@type\":\"ListItem\",\"position\":2,\"name\":\"Produtos\",\"item\":\"https:\\\/\\\/cosyart.pt\\\/\"},{\"@type\":\"ListItem\",\"position\":3,\"name\":\"Tigela COMPORTA\"}]},{\"@type\":\"WebSite\",\"@id\":\"https:\\\/\\\/cosyart.pt\\\/#website\",\"url\":\"https:\\\/\\\/cosyart.pt\\\/\",\"name\":\"Cosyart Produ\u00e7\u00f5es e personaliza\u00e7\u00f5es, atelier de costura, vestu\u00e1rio, artesanato e boutique.\",\"description\":\"Tem fabrico pr\u00f3prio de artigos da marca Cosyart no atelier de costura, mais sublima\u00e7\u00e3o, estampagem, grava\u00e7\u00e3o a laser e bordados.\",\"publisher\":{\"@id\":\"https:\\\/\\\/cosyart.pt\\\/#organization\"},\"potentialAction\":[{\"@type\":\"SearchAction\",\"target\":{\"@type\":\"EntryPoint\",\"urlTemplate\":\"https:\\\/\\\/cosyart.pt\\\/?s={search_term_string}\"},\"query-input\":{\"@type\":\"PropertyValueSpecification\",\"valueRequired\":true,\"valueName\":\"search_term_string\"}}],\"inLanguage\":\"pt-PT\"},{\"@type\":\"Organization\",\"@id\":\"https:\\\/\\\/cosyart.pt\\\/#organization\",\"name\":\"Cosyart Produ\u00e7\u00f5es e personaliza\u00e7\u00f5es, atelier de costura, vestu\u00e1rio, artesanato e boutique.\",\"url\":\"https:\\\/\\\/cosyart.pt\\\/\",\"logo\":{\"@type\":\"ImageObject\",\"inLanguage\":\"pt-PT\",\"@id\":\"https:\\\/\\\/cosyart.pt\\\/#\\\/schema\\\/logo\\\/image\\\/\",\"url\":\"https:\\\/\\\/cosyart.pt\\\/wp-content\\\/uploads\\\/2025\\\/12\\\/Cosyart-Logo.png\",\"contentUrl\":\"https:\\\/\\\/cosyart.pt\\\/wp-content\\\/uploads\\\/2025\\\/12\\\/Cosyart-Logo.png\",\"width\":1022,\"height\":372,\"caption\":\"Cosyart Produ\u00e7\u00f5es e personaliza\u00e7\u00f5es, atelier de costura, vestu\u00e1rio, artesanato e boutique.\"},\"image\":{\"@id\":\"https:\\\/\\\/cosyart.pt\\\/#\\\/schema\\\/logo\\\/image\\\/\"},\"sameAs\":[\"https:\\\/\\\/www.facebook.com\\\/cosyartonline\",\"https:\\\/\\\/www.instagram.com\\\/cosyart\\\/\"]}]}<\/script>\n<!-- \/ Yoast SEO plugin. -->","yoast_head_json":{"title":"Tigela COMPORTA - Cosyart Produ\u00e7\u00f5es e personaliza\u00e7\u00f5es, atelier de costura, vestu\u00e1rio, artesanato e boutique.","robots":{"index":"index","follow":"follow","max-snippet":"max-snippet:-1","max-image-preview":"max-image-preview:large","max-video-preview":"max-video-preview:-1"},"canonical":"https:\/\/cosyart.pt\/?product=tigela-comporta","og_locale":"pt_PT","og_type":"article","og_title":"Tigela COMPORTA - Cosyart Produ\u00e7\u00f5es e personaliza\u00e7\u00f5es, atelier de costura, vestu\u00e1rio, artesanato e boutique.","og_description":"Tigela de Cereais \u00d816cm estilo boho, produzido em gr\u00e9s, uma cer\u00e2mica robusta ideal para o uso di\u00e1rio. Decorada \u00e0 m\u00e3o, com esmaltes reativos, o que torna cada pe\u00e7a \u00fanica. Produzido localmente em Portugal.","og_url":"https:\/\/cosyart.pt\/?product=tigela-comporta","og_site_name":"Cosyart Produ\u00e7\u00f5es e personaliza\u00e7\u00f5es, atelier de costura, vestu\u00e1rio, artesanato e boutique.","article_publisher":"https:\/\/www.facebook.com\/cosyartonline","article_modified_time":"2025-11-13T11:17:43+00:00","og_image":[{"width":1000,"height":1565,"url":"https:\/\/cosyart.pt\/wp-content\/uploads\/2025\/11\/S-12.jpg","type":"image\/jpeg"}],"twitter_card":"summary_large_image","twitter_misc":{"Tempo estimado de leitura":"1 minuto"},"schema":{"@context":"https:\/\/schema.org","@graph":[{"@type":"WebPage","@id":"https:\/\/cosyart.pt\/?product=tigela-comporta","url":"https:\/\/cosyart.pt\/?product=tigela-comporta","name":"Tigela COMPORTA - Cosyart Produ\u00e7\u00f5es e personaliza\u00e7\u00f5es, atelier de costura, vestu\u00e1rio, artesanato e boutique.","isPartOf":{"@id":"https:\/\/cosyart.pt\/#website"},"primaryImageOfPage":{"@id":"https:\/\/cosyart.pt\/?product=tigela-comporta#primaryimage"},"image":{"@id":"https:\/\/cosyart.pt\/?product=tigela-comporta#primaryimage"},"thumbnailUrl":"https:\/\/cosyart.pt\/wp-content\/uploads\/2025\/11\/S-12.jpg","datePublished":"2025-11-13T11:13:38+00:00","dateModified":"2025-11-13T11:17:43+00:00","breadcrumb":{"@id":"https:\/\/cosyart.pt\/?product=tigela-comporta#breadcrumb"},"inLanguage":"pt-PT","potentialAction":[{"@type":"ReadAction","target":["https:\/\/cosyart.pt\/?product=tigela-comporta"]}]},{"@type":"ImageObject","inLanguage":"pt-PT","@id":"https:\/\/cosyart.pt\/?product=tigela-comporta#primaryimage","url":"https:\/\/cosyart.pt\/wp-content\/uploads\/2025\/11\/S-12.jpg","contentUrl":"https:\/\/cosyart.pt\/wp-content\/uploads\/2025\/11\/S-12.jpg","width":1000,"height":1565},{"@type":"BreadcrumbList","@id":"https:\/\/cosyart.pt\/?product=tigela-comporta#breadcrumb","itemListElement":[{"@type":"ListItem","position":1,"name":"In\u00edcio","item":"https:\/\/cosyart.pt\/"},{"@type":"ListItem","position":2,"name":"Produtos","item":"https:\/\/cosyart.pt\/"},{"@type":"ListItem","position":3,"name":"Tigela COMPORTA"}]},{"@type":"WebSite","@id":"https:\/\/cosyart.pt\/#website","url":"https:\/\/cosyart.pt\/","name":"Cosyart Produ\u00e7\u00f5es e personaliza\u00e7\u00f5es, atelier de costura, vestu\u00e1rio, artesanato e boutique.","description":"Tem fabrico pr\u00f3prio de artigos da marca Cosyart no atelier de costura, mais sublima\u00e7\u00e3o, estampagem, grava\u00e7\u00e3o a laser e bordados.","publisher":{"@id":"https:\/\/cosyart.pt\/#organization"},"potentialAction":[{"@type":"SearchAction","target":{"@type":"EntryPoint","urlTemplate":"https:\/\/cosyart.pt\/?s={search_term_string}"},"query-input":{"@type":"PropertyValueSpecification","valueRequired":true,"valueName":"search_term_string"}}],"inLanguage":"pt-PT"},{"@type":"Organization","@id":"https:\/\/cosyart.pt\/#organization","name":"Cosyart Produ\u00e7\u00f5es e personaliza\u00e7\u00f5es, atelier de costura, vestu\u00e1rio, artesanato e boutique.","url":"https:\/\/cosyart.pt\/","logo":{"@type":"ImageObject","inLanguage":"pt-PT","@id":"https:\/\/cosyart.pt\/#\/schema\/logo\/image\/","url":"https:\/\/cosyart.pt\/wp-content\/uploads\/2025\/12\/Cosyart-Logo.png","contentUrl":"https:\/\/cosyart.pt\/wp-content\/uploads\/2025\/12\/Cosyart-Logo.png","width":1022,"height":372,"caption":"Cosyart Produ\u00e7\u00f5es e personaliza\u00e7\u00f5es, atelier de costura, vestu\u00e1rio, artesanato e boutique."},"image":{"@id":"https:\/\/cosyart.pt\/#\/schema\/logo\/image\/"},"sameAs":["https:\/\/www.facebook.com\/cosyartonline","https:\/\/www.instagram.com\/cosyart\/"]}]}},"_links":{"self":[{"href":"https:\/\/cosyart.pt\/index.php?rest_route=\/wp\/v2\/product\/6477","targetHints":{"allow":["GET"]}}],"collection":[{"href":"https:\/\/cosyart.pt\/index.php?rest_route=\/wp\/v2\/product"}],"about":[{"href":"https:\/\/cosyart.pt\/index.php?rest_route=\/wp\/v2\/types\/product"}],"replies":[{"embeddable":true,"href":"https:\/\/cosyart.pt\/index.php?rest_route=%2Fwp%2Fv2%2Fcomments&post=6477"}],"wp:featuredmedia":[{"embeddable":true,"href":"https:\/\/cosyart.pt\/index.php?rest_route=\/wp\/v2\/media\/6482"}],"wp:attachment":[{"href":"https:\/\/cosyart.pt\/index.php?rest_route=%2Fwp%2Fv2%2Fmedia&parent=6477"}],"wp:term":[{"taxonomy":"product_brand","embeddable":true,"href":"https:\/\/cosyart.pt\/index.php?rest_route=%2Fwp%2Fv2%2Fproduct_brand&post=6477"},{"taxonomy":"product_cat","embeddable":true,"href":"https:\/\/cosyart.pt\/index.php?rest_route=%2Fwp%2Fv2%2Fproduct_cat&post=6477"},{"taxonomy":"product_tag","embeddable":true,"href":"https:\/\/cosyart.pt\/index.php?rest_route=%2Fwp%2Fv2%2Fproduct_tag&post=6477"}],"curies":[{"name":"wp","href":"https:\/\/api.w.org\/{rel}","templated":true}]}}