{"id":6407,"date":"2025-11-13T05:02:33","date_gmt":"2025-11-13T05:02:33","guid":{"rendered":"https:\/\/cosyart.pt\/?post_type=product&#038;p=6407"},"modified":"2025-11-13T10:39:12","modified_gmt":"2025-11-13T10:39:12","slug":"copo-cafe-expresso-aroma-conjunto-de-2","status":"publish","type":"product","link":"https:\/\/cosyart.pt\/?product=copo-cafe-expresso-aroma-conjunto-de-2","title":{"rendered":"Copo Caf\u00e9 Expresso AROMA \u2013 Conjunto de 2"},"content":{"rendered":"<p>Os copos de caf\u00e9 expresso em terracota AROMA, s\u00e3o perfeitos para aqueles que apreciam uma experi\u00eancia \u00fanica e aut\u00eantica ao desfrutar do seu caf\u00e9. Finalizados \u00e0 m\u00e3o com o cuidado e a paix\u00e3o dos artes\u00e3os, esses copos trazem consigo uma atmosfera r\u00fastica e encantadora, adicionando um toque especial \u00e0 sua rotina de caf\u00e9.<\/p>\n<p>A escolha da terracota como material principal \u00e9 baseada em sua durabilidade e capacidade de reter o calor de forma eficiente. Isso significa que voc\u00ea pode aproveitar do seu caf\u00e9 expresso na temperatura perfeita por mais tempo, enquanto aconchega as m\u00e3os ao redor do copo, sentindo a textura suave e natural da argila.<\/p>\n<p>Sinta a magia da terracota nas suas m\u00e3os e mergulhe numa jornada sensorial que despertar\u00e1 todos os seus sentidos. Feito localmente em Portugal.<\/p>\n<table class=\"woocommerce-product-attributes shop_attributes\" aria-label=\"Product Details\">\n<tbody>\n<tr class=\"woocommerce-product-attributes-item woocommerce-product-attributes-item--weight\">\n<th class=\"woocommerce-product-attributes-item__label\" scope=\"row\">Peso<\/th>\n<td class=\"woocommerce-product-attributes-item__value\" data-o_content=\"0.220 kg\">0.250 kg<\/td>\n<\/tr>\n<tr class=\"woocommerce-product-attributes-item woocommerce-product-attributes-item--dimensions\">\n<th class=\"woocommerce-product-attributes-item__label\" scope=\"row\">Dimens\u00f5es (C x L x A)<\/th>\n<td class=\"woocommerce-product-attributes-item__value\" data-o_content=\"n.d.\">12 \u00d7 5 \u00d7 7 cm<\/td>\n<\/tr>\n<tr class=\"woocommerce-product-attributes-item woocommerce-product-attributes-item--attribute_pa_colecao\">\n<th class=\"woocommerce-product-attributes-item__label\" scope=\"row\">Cole\u00e7\u00e3o<\/th>\n<td class=\"woocommerce-product-attributes-item__value\">AROMA<\/td>\n<\/tr>\n<tr class=\"woocommerce-product-attributes-item woocommerce-product-attributes-item--attribute_pa_cor\">\n<th class=\"woocommerce-product-attributes-item__label\" scope=\"row\">Dimens\u00f5es<\/th>\n<td class=\"woocommerce-product-attributes-item__value\">100ml, \u00d8 6cm x A. 7cm<\/td>\n<\/tr>\n<tr class=\"woocommerce-product-attributes-item woocommerce-product-attributes-item--attribute_pa_dimensoes\">\n<th class=\"woocommerce-product-attributes-item__label\" scope=\"row\">Material<\/th>\n<td class=\"woocommerce-product-attributes-item__value\">Terracotta<\/td>\n<\/tr>\n<tr class=\"woocommerce-product-attributes-item woocommerce-product-attributes-item--attribute_pa_material\">\n<th class=\"woocommerce-product-attributes-item__label\" scope=\"row\">Quantidade<\/th>\n<td class=\"woocommerce-product-attributes-item__value\">2<\/td>\n<\/tr>\n<tr class=\"woocommerce-product-attributes-item woocommerce-product-attributes-item--attribute_pa_quantidade\">\n<th class=\"woocommerce-product-attributes-item__label\" scope=\"row\"><\/th>\n<td class=\"woocommerce-product-attributes-item__value\"><\/td>\n<\/tr>\n<\/tbody>\n<\/table>\n","protected":false},"excerpt":{"rendered":"<div class=\"product-short-description\">\n<p>Conjunto de 2 copos de caf\u00e9 expresso, com capacidade de 100ml. Feitos em terracota e decorados \u00e0 m\u00e3o com vidrado reativo. Devido \u00e0 natureza do acabamento, ligeiras varia\u00e7\u00f5es de co podem ocorrer. Resistente e seguro apto para micro-ondas e m\u00e1quina de lavar a lou\u00e7a. Feito em Portugal<\/p>\n<\/div>\n","protected":false},"featured_media":6442,"comment_status":"open","ping_status":"open","template":"","meta":[],"product_brand":[],"product_cat":[301,114],"product_tag":[],"class_list":{"0":"post-6407","1":"product","2":"type-product","3":"status-publish","4":"has-post-thumbnail","6":"product_cat-ceramica-portuguesa-artesanal","7":"product_cat-mesa","8":"pa_cor-amarelo","9":"pa_cor-azul","10":"pa_cor-azul-branco","11":"pa_cor-branco","12":"pa_cor-cinza","13":"pa_cor-verde-branco","15":"first","16":"instock","17":"taxable","18":"shipping-taxable","19":"purchasable","20":"product-type-variable"},"yoast_head":"<!-- This site is optimized with the Yoast SEO plugin v27.4 - https:\/\/yoast.com\/product\/yoast-seo-wordpress\/ -->\n<title>Copo Caf\u00e9 Expresso AROMA \u2013 Conjunto de 2 - Cosyart Produ\u00e7\u00f5es e personaliza\u00e7\u00f5es, atelier de costura, vestu\u00e1rio, artesanato e boutique.<\/title>\n<meta name=\"robots\" content=\"index, follow, max-snippet:-1, max-image-preview:large, max-video-preview:-1\" \/>\n<link rel=\"canonical\" href=\"https:\/\/cosyart.pt\/?product=copo-cafe-expresso-aroma-conjunto-de-2\" \/>\n<meta property=\"og:locale\" content=\"pt_PT\" \/>\n<meta property=\"og:type\" content=\"article\" \/>\n<meta property=\"og:title\" content=\"Copo Caf\u00e9 Expresso AROMA \u2013 Conjunto de 2 - Cosyart Produ\u00e7\u00f5es e personaliza\u00e7\u00f5es, atelier de costura, vestu\u00e1rio, artesanato e boutique.\" \/>\n<meta property=\"og:description\" content=\"Conjunto de 2 copos de caf\u00e9 expresso, com capacidade de 100ml. Feitos em terracota e decorados \u00e0 m\u00e3o com vidrado reativo. Devido \u00e0 natureza do acabamento, ligeiras varia\u00e7\u00f5es de co podem ocorrer. Resistente e seguro apto para micro-ondas e m\u00e1quina de lavar a lou\u00e7a. Feito em Portugal\" \/>\n<meta property=\"og:url\" content=\"https:\/\/cosyart.pt\/?product=copo-cafe-expresso-aroma-conjunto-de-2\" \/>\n<meta property=\"og:site_name\" content=\"Cosyart Produ\u00e7\u00f5es e personaliza\u00e7\u00f5es, atelier de costura, vestu\u00e1rio, artesanato e boutique.\" \/>\n<meta property=\"article:publisher\" content=\"https:\/\/www.facebook.com\/cosyartonline\" \/>\n<meta property=\"article:modified_time\" content=\"2025-11-13T10:39:12+00:00\" \/>\n<meta property=\"og:image\" content=\"https:\/\/cosyart.pt\/wp-content\/uploads\/2025\/11\/S-7-1.jpg\" \/>\n\t<meta property=\"og:image:width\" content=\"1000\" \/>\n\t<meta property=\"og:image:height\" content=\"1565\" \/>\n\t<meta property=\"og:image:type\" content=\"image\/jpeg\" \/>\n<meta name=\"twitter:card\" content=\"summary_large_image\" \/>\n<meta name=\"twitter:label1\" content=\"Tempo estimado de leitura\" \/>\n\t<meta name=\"twitter:data1\" content=\"1 minuto\" \/>\n<script type=\"application\/ld+json\" class=\"yoast-schema-graph\">{\"@context\":\"https:\\\/\\\/schema.org\",\"@graph\":[{\"@type\":\"WebPage\",\"@id\":\"https:\\\/\\\/cosyart.pt\\\/?product=copo-cafe-expresso-aroma-conjunto-de-2\",\"url\":\"https:\\\/\\\/cosyart.pt\\\/?product=copo-cafe-expresso-aroma-conjunto-de-2\",\"name\":\"Copo Caf\u00e9 Expresso AROMA \u2013 Conjunto de 2 - Cosyart Produ\u00e7\u00f5es e personaliza\u00e7\u00f5es, atelier de costura, vestu\u00e1rio, artesanato e boutique.\",\"isPartOf\":{\"@id\":\"https:\\\/\\\/cosyart.pt\\\/#website\"},\"primaryImageOfPage\":{\"@id\":\"https:\\\/\\\/cosyart.pt\\\/?product=copo-cafe-expresso-aroma-conjunto-de-2#primaryimage\"},\"image\":{\"@id\":\"https:\\\/\\\/cosyart.pt\\\/?product=copo-cafe-expresso-aroma-conjunto-de-2#primaryimage\"},\"thumbnailUrl\":\"https:\\\/\\\/cosyart.pt\\\/wp-content\\\/uploads\\\/2025\\\/11\\\/S-7-1.jpg\",\"datePublished\":\"2025-11-13T05:02:33+00:00\",\"dateModified\":\"2025-11-13T10:39:12+00:00\",\"breadcrumb\":{\"@id\":\"https:\\\/\\\/cosyart.pt\\\/?product=copo-cafe-expresso-aroma-conjunto-de-2#breadcrumb\"},\"inLanguage\":\"pt-PT\",\"potentialAction\":[{\"@type\":\"ReadAction\",\"target\":[\"https:\\\/\\\/cosyart.pt\\\/?product=copo-cafe-expresso-aroma-conjunto-de-2\"]}]},{\"@type\":\"ImageObject\",\"inLanguage\":\"pt-PT\",\"@id\":\"https:\\\/\\\/cosyart.pt\\\/?product=copo-cafe-expresso-aroma-conjunto-de-2#primaryimage\",\"url\":\"https:\\\/\\\/cosyart.pt\\\/wp-content\\\/uploads\\\/2025\\\/11\\\/S-7-1.jpg\",\"contentUrl\":\"https:\\\/\\\/cosyart.pt\\\/wp-content\\\/uploads\\\/2025\\\/11\\\/S-7-1.jpg\",\"width\":1000,\"height\":1565},{\"@type\":\"BreadcrumbList\",\"@id\":\"https:\\\/\\\/cosyart.pt\\\/?product=copo-cafe-expresso-aroma-conjunto-de-2#breadcrumb\",\"itemListElement\":[{\"@type\":\"ListItem\",\"position\":1,\"name\":\"In\u00edcio\",\"item\":\"https:\\\/\\\/cosyart.pt\\\/\"},{\"@type\":\"ListItem\",\"position\":2,\"name\":\"Produtos\",\"item\":\"https:\\\/\\\/cosyart.pt\\\/\"},{\"@type\":\"ListItem\",\"position\":3,\"name\":\"Copo Caf\u00e9 Expresso AROMA \u2013 Conjunto de 2\"}]},{\"@type\":\"WebSite\",\"@id\":\"https:\\\/\\\/cosyart.pt\\\/#website\",\"url\":\"https:\\\/\\\/cosyart.pt\\\/\",\"name\":\"Cosyart Produ\u00e7\u00f5es e personaliza\u00e7\u00f5es, atelier de costura, vestu\u00e1rio, artesanato e boutique.\",\"description\":\"Tem fabrico pr\u00f3prio de artigos da marca Cosyart no atelier de costura, mais sublima\u00e7\u00e3o, estampagem, grava\u00e7\u00e3o a laser e bordados.\",\"publisher\":{\"@id\":\"https:\\\/\\\/cosyart.pt\\\/#organization\"},\"potentialAction\":[{\"@type\":\"SearchAction\",\"target\":{\"@type\":\"EntryPoint\",\"urlTemplate\":\"https:\\\/\\\/cosyart.pt\\\/?s={search_term_string}\"},\"query-input\":{\"@type\":\"PropertyValueSpecification\",\"valueRequired\":true,\"valueName\":\"search_term_string\"}}],\"inLanguage\":\"pt-PT\"},{\"@type\":\"Organization\",\"@id\":\"https:\\\/\\\/cosyart.pt\\\/#organization\",\"name\":\"Cosyart Produ\u00e7\u00f5es e personaliza\u00e7\u00f5es, atelier de costura, vestu\u00e1rio, artesanato e boutique.\",\"url\":\"https:\\\/\\\/cosyart.pt\\\/\",\"logo\":{\"@type\":\"ImageObject\",\"inLanguage\":\"pt-PT\",\"@id\":\"https:\\\/\\\/cosyart.pt\\\/#\\\/schema\\\/logo\\\/image\\\/\",\"url\":\"https:\\\/\\\/cosyart.pt\\\/wp-content\\\/uploads\\\/2025\\\/12\\\/Cosyart-Logo.png\",\"contentUrl\":\"https:\\\/\\\/cosyart.pt\\\/wp-content\\\/uploads\\\/2025\\\/12\\\/Cosyart-Logo.png\",\"width\":1022,\"height\":372,\"caption\":\"Cosyart Produ\u00e7\u00f5es e personaliza\u00e7\u00f5es, atelier de costura, vestu\u00e1rio, artesanato e boutique.\"},\"image\":{\"@id\":\"https:\\\/\\\/cosyart.pt\\\/#\\\/schema\\\/logo\\\/image\\\/\"},\"sameAs\":[\"https:\\\/\\\/www.facebook.com\\\/cosyartonline\",\"https:\\\/\\\/www.instagram.com\\\/cosyart\\\/\"]}]}<\/script>\n<!-- \/ Yoast SEO plugin. -->","yoast_head_json":{"title":"Copo Caf\u00e9 Expresso AROMA \u2013 Conjunto de 2 - Cosyart Produ\u00e7\u00f5es e personaliza\u00e7\u00f5es, atelier de costura, vestu\u00e1rio, artesanato e boutique.","robots":{"index":"index","follow":"follow","max-snippet":"max-snippet:-1","max-image-preview":"max-image-preview:large","max-video-preview":"max-video-preview:-1"},"canonical":"https:\/\/cosyart.pt\/?product=copo-cafe-expresso-aroma-conjunto-de-2","og_locale":"pt_PT","og_type":"article","og_title":"Copo Caf\u00e9 Expresso AROMA \u2013 Conjunto de 2 - Cosyart Produ\u00e7\u00f5es e personaliza\u00e7\u00f5es, atelier de costura, vestu\u00e1rio, artesanato e boutique.","og_description":"Conjunto de 2 copos de caf\u00e9 expresso, com capacidade de 100ml. Feitos em terracota e decorados \u00e0 m\u00e3o com vidrado reativo. Devido \u00e0 natureza do acabamento, ligeiras varia\u00e7\u00f5es de co podem ocorrer. Resistente e seguro apto para micro-ondas e m\u00e1quina de lavar a lou\u00e7a. Feito em Portugal","og_url":"https:\/\/cosyart.pt\/?product=copo-cafe-expresso-aroma-conjunto-de-2","og_site_name":"Cosyart Produ\u00e7\u00f5es e personaliza\u00e7\u00f5es, atelier de costura, vestu\u00e1rio, artesanato e boutique.","article_publisher":"https:\/\/www.facebook.com\/cosyartonline","article_modified_time":"2025-11-13T10:39:12+00:00","og_image":[{"width":1000,"height":1565,"url":"https:\/\/cosyart.pt\/wp-content\/uploads\/2025\/11\/S-7-1.jpg","type":"image\/jpeg"}],"twitter_card":"summary_large_image","twitter_misc":{"Tempo estimado de leitura":"1 minuto"},"schema":{"@context":"https:\/\/schema.org","@graph":[{"@type":"WebPage","@id":"https:\/\/cosyart.pt\/?product=copo-cafe-expresso-aroma-conjunto-de-2","url":"https:\/\/cosyart.pt\/?product=copo-cafe-expresso-aroma-conjunto-de-2","name":"Copo Caf\u00e9 Expresso AROMA \u2013 Conjunto de 2 - Cosyart Produ\u00e7\u00f5es e personaliza\u00e7\u00f5es, atelier de costura, vestu\u00e1rio, artesanato e boutique.","isPartOf":{"@id":"https:\/\/cosyart.pt\/#website"},"primaryImageOfPage":{"@id":"https:\/\/cosyart.pt\/?product=copo-cafe-expresso-aroma-conjunto-de-2#primaryimage"},"image":{"@id":"https:\/\/cosyart.pt\/?product=copo-cafe-expresso-aroma-conjunto-de-2#primaryimage"},"thumbnailUrl":"https:\/\/cosyart.pt\/wp-content\/uploads\/2025\/11\/S-7-1.jpg","datePublished":"2025-11-13T05:02:33+00:00","dateModified":"2025-11-13T10:39:12+00:00","breadcrumb":{"@id":"https:\/\/cosyart.pt\/?product=copo-cafe-expresso-aroma-conjunto-de-2#breadcrumb"},"inLanguage":"pt-PT","potentialAction":[{"@type":"ReadAction","target":["https:\/\/cosyart.pt\/?product=copo-cafe-expresso-aroma-conjunto-de-2"]}]},{"@type":"ImageObject","inLanguage":"pt-PT","@id":"https:\/\/cosyart.pt\/?product=copo-cafe-expresso-aroma-conjunto-de-2#primaryimage","url":"https:\/\/cosyart.pt\/wp-content\/uploads\/2025\/11\/S-7-1.jpg","contentUrl":"https:\/\/cosyart.pt\/wp-content\/uploads\/2025\/11\/S-7-1.jpg","width":1000,"height":1565},{"@type":"BreadcrumbList","@id":"https:\/\/cosyart.pt\/?product=copo-cafe-expresso-aroma-conjunto-de-2#breadcrumb","itemListElement":[{"@type":"ListItem","position":1,"name":"In\u00edcio","item":"https:\/\/cosyart.pt\/"},{"@type":"ListItem","position":2,"name":"Produtos","item":"https:\/\/cosyart.pt\/"},{"@type":"ListItem","position":3,"name":"Copo Caf\u00e9 Expresso AROMA \u2013 Conjunto de 2"}]},{"@type":"WebSite","@id":"https:\/\/cosyart.pt\/#website","url":"https:\/\/cosyart.pt\/","name":"Cosyart Produ\u00e7\u00f5es e personaliza\u00e7\u00f5es, atelier de costura, vestu\u00e1rio, artesanato e boutique.","description":"Tem fabrico pr\u00f3prio de artigos da marca Cosyart no atelier de costura, mais sublima\u00e7\u00e3o, estampagem, grava\u00e7\u00e3o a laser e bordados.","publisher":{"@id":"https:\/\/cosyart.pt\/#organization"},"potentialAction":[{"@type":"SearchAction","target":{"@type":"EntryPoint","urlTemplate":"https:\/\/cosyart.pt\/?s={search_term_string}"},"query-input":{"@type":"PropertyValueSpecification","valueRequired":true,"valueName":"search_term_string"}}],"inLanguage":"pt-PT"},{"@type":"Organization","@id":"https:\/\/cosyart.pt\/#organization","name":"Cosyart Produ\u00e7\u00f5es e personaliza\u00e7\u00f5es, atelier de costura, vestu\u00e1rio, artesanato e boutique.","url":"https:\/\/cosyart.pt\/","logo":{"@type":"ImageObject","inLanguage":"pt-PT","@id":"https:\/\/cosyart.pt\/#\/schema\/logo\/image\/","url":"https:\/\/cosyart.pt\/wp-content\/uploads\/2025\/12\/Cosyart-Logo.png","contentUrl":"https:\/\/cosyart.pt\/wp-content\/uploads\/2025\/12\/Cosyart-Logo.png","width":1022,"height":372,"caption":"Cosyart Produ\u00e7\u00f5es e personaliza\u00e7\u00f5es, atelier de costura, vestu\u00e1rio, artesanato e boutique."},"image":{"@id":"https:\/\/cosyart.pt\/#\/schema\/logo\/image\/"},"sameAs":["https:\/\/www.facebook.com\/cosyartonline","https:\/\/www.instagram.com\/cosyart\/"]}]}},"_links":{"self":[{"href":"https:\/\/cosyart.pt\/index.php?rest_route=\/wp\/v2\/product\/6407","targetHints":{"allow":["GET"]}}],"collection":[{"href":"https:\/\/cosyart.pt\/index.php?rest_route=\/wp\/v2\/product"}],"about":[{"href":"https:\/\/cosyart.pt\/index.php?rest_route=\/wp\/v2\/types\/product"}],"replies":[{"embeddable":true,"href":"https:\/\/cosyart.pt\/index.php?rest_route=%2Fwp%2Fv2%2Fcomments&post=6407"}],"wp:featuredmedia":[{"embeddable":true,"href":"https:\/\/cosyart.pt\/index.php?rest_route=\/wp\/v2\/media\/6442"}],"wp:attachment":[{"href":"https:\/\/cosyart.pt\/index.php?rest_route=%2Fwp%2Fv2%2Fmedia&parent=6407"}],"wp:term":[{"taxonomy":"product_brand","embeddable":true,"href":"https:\/\/cosyart.pt\/index.php?rest_route=%2Fwp%2Fv2%2Fproduct_brand&post=6407"},{"taxonomy":"product_cat","embeddable":true,"href":"https:\/\/cosyart.pt\/index.php?rest_route=%2Fwp%2Fv2%2Fproduct_cat&post=6407"},{"taxonomy":"product_tag","embeddable":true,"href":"https:\/\/cosyart.pt\/index.php?rest_route=%2Fwp%2Fv2%2Fproduct_tag&post=6407"}],"curies":[{"name":"wp","href":"https:\/\/api.w.org\/{rel}","templated":true}]}}