{"id":6326,"date":"2025-11-11T15:10:09","date_gmt":"2025-11-11T15:10:09","guid":{"rendered":"https:\/\/cosyart.pt\/?post_type=product&#038;p=6326"},"modified":"2025-11-12T16:06:04","modified_gmt":"2025-11-12T16:06:04","slug":"prato-de-pao-giro","status":"publish","type":"product","link":"https:\/\/cosyart.pt\/?product=prato-de-pao-giro","title":{"rendered":"Prato de P\u00e3o GIRO"},"content":{"rendered":"<p>O Prato de P\u00e3o GIRO, com \u00d815, com o seu design elegante e contempor\u00e2neo que evoca a suavidade das ondas do mar.<br \/>\nDescobre a nova e deslumbrante cole\u00e7\u00e3o GIRO da Companhia Atl\u00e2ntica, uma homenagem \u00e0 beleza encantadora do mar e das praias portuguesas. Inspirada na serenidade do p\u00f4r do sol sobre as areias douradas e nas nuances tranquilas das ondas do mar, esta cole\u00e7\u00e3o promete transport\u00e1-lo para um ambiente de calma e sofistica\u00e7\u00e3o \u00e0 mesa.<\/p>\n<p>Cada pe\u00e7a da cole\u00e7\u00e3o GIRO \u00e9 meticulosamente concebida e fabricada em Portugal, honrando assim a rica tradi\u00e7\u00e3o artesanal do pa\u00eds. Feitas em cer\u00e2mica gr\u00e9s e pintadas \u00e0 m\u00e3o, estas pe\u00e7as s\u00e3o um testemunho da qualidade e do talento dos artes\u00e3os portugueses.<\/p>\n<p>Com a cole\u00e7\u00e3o GIRO da Companhia Atl\u00e2ntica, cada refei\u00e7\u00e3o torna-se uma celebra\u00e7\u00e3o da beleza natural de Portugal e da arte de bem-estar \u00e0 mesa. Permite-te ser transportado para as margens ensolaradas do Atl\u00e2ntico e desfruta de momentos inesquec\u00edveis com o Prato de P\u00e3o GIRO desta deslumbrante cole\u00e7\u00e3o que \u00e9 verdadeiramente uma ode ao mar.<\/p>\n<table class=\"woocommerce-product-attributes shop_attributes\" aria-label=\"Product Details\">\n<tbody>\n<tr class=\"woocommerce-product-attributes-item woocommerce-product-attributes-item--weight\">\n<th class=\"woocommerce-product-attributes-item__label\" scope=\"row\">Peso<\/th>\n<td class=\"woocommerce-product-attributes-item__value\">0.205 kg<\/td>\n<\/tr>\n<tr class=\"woocommerce-product-attributes-item woocommerce-product-attributes-item--dimensions\">\n<th class=\"woocommerce-product-attributes-item__label\" scope=\"row\">Dimens\u00f5es (C x L x A)<\/th>\n<td class=\"woocommerce-product-attributes-item__value\">15 \u00d7 15 \u00d7 2 cm<\/td>\n<\/tr>\n<tr class=\"woocommerce-product-attributes-item woocommerce-product-attributes-item--attribute_pa_brand\">\n<th class=\"woocommerce-product-attributes-item__label\" scope=\"row\">Brand<\/th>\n<td class=\"woocommerce-product-attributes-item__value\">C\u00aa Atlantica<\/td>\n<\/tr>\n<tr class=\"woocommerce-product-attributes-item woocommerce-product-attributes-item--attribute_pa_colecao\">\n<th class=\"woocommerce-product-attributes-item__label\" scope=\"row\">Cole\u00e7\u00e3o<\/th>\n<td class=\"woocommerce-product-attributes-item__value\">GIRO<\/td>\n<\/tr>\n<tr class=\"woocommerce-product-attributes-item woocommerce-product-attributes-item--attribute_pa_quantidade\">\n<th class=\"woocommerce-product-attributes-item__label\" scope=\"row\">Quantidade<\/th>\n<td class=\"woocommerce-product-attributes-item__value\">1<\/td>\n<\/tr>\n<tr class=\"woocommerce-product-attributes-item woocommerce-product-attributes-item--attribute_pa_cor\">\n<th class=\"woocommerce-product-attributes-item__label\" scope=\"row\">Cor<\/th>\n<td class=\"woocommerce-product-attributes-item__value\">\n<div class=\"select_box_colorpicker select_box on_ptab\">\n<div class=\"select_option_colorpicker select_option\" data-value=\"varias\"><\/div>\n<\/div>\n<\/td>\n<\/tr>\n<tr class=\"woocommerce-product-attributes-item woocommerce-product-attributes-item--attribute_pa_dimensoes\">\n<th class=\"woocommerce-product-attributes-item__label\" scope=\"row\">Dimens\u00f5es<\/th>\n<td class=\"woocommerce-product-attributes-item__value\">\u00d815 cm<\/td>\n<\/tr>\n<\/tbody>\n<\/table>\n","protected":false},"excerpt":{"rendered":"<div class=\"product-short-description\">\n<p>Prato de P\u00e3o GIRO \u00d815, com design elegante e contempor\u00e2neo que evoca a suavidade das ondas do mar<\/p>\n<\/div>\n","protected":false},"featured_media":6375,"comment_status":"open","ping_status":"open","template":"","meta":[],"product_brand":[],"product_cat":[301,114],"product_tag":[],"class_list":{"0":"post-6326","1":"product","2":"type-product","3":"status-publish","4":"has-post-thumbnail","6":"product_cat-ceramica-portuguesa-artesanal","7":"product_cat-mesa","9":"first","10":"instock","11":"taxable","12":"shipping-taxable","13":"purchasable","14":"product-type-simple"},"yoast_head":"<!-- This site is optimized with the Yoast SEO plugin v27.4 - https:\/\/yoast.com\/product\/yoast-seo-wordpress\/ -->\n<title>Prato de P\u00e3o GIRO - Cosyart Produ\u00e7\u00f5es e personaliza\u00e7\u00f5es, atelier de costura, vestu\u00e1rio, artesanato e boutique.<\/title>\n<meta name=\"robots\" content=\"index, follow, max-snippet:-1, max-image-preview:large, max-video-preview:-1\" \/>\n<link rel=\"canonical\" href=\"https:\/\/cosyart.pt\/?product=prato-de-pao-giro\" \/>\n<meta property=\"og:locale\" content=\"pt_PT\" \/>\n<meta property=\"og:type\" content=\"article\" \/>\n<meta property=\"og:title\" content=\"Prato de P\u00e3o GIRO - Cosyart Produ\u00e7\u00f5es e personaliza\u00e7\u00f5es, atelier de costura, vestu\u00e1rio, artesanato e boutique.\" \/>\n<meta property=\"og:description\" content=\"Prato de P\u00e3o GIRO \u00d815, com design elegante e contempor\u00e2neo que evoca a suavidade das ondas do mar\" \/>\n<meta property=\"og:url\" content=\"https:\/\/cosyart.pt\/?product=prato-de-pao-giro\" \/>\n<meta property=\"og:site_name\" content=\"Cosyart Produ\u00e7\u00f5es e personaliza\u00e7\u00f5es, atelier de costura, vestu\u00e1rio, artesanato e boutique.\" \/>\n<meta property=\"article:publisher\" content=\"https:\/\/www.facebook.com\/cosyartonline\" \/>\n<meta property=\"article:modified_time\" content=\"2025-11-12T16:06:04+00:00\" \/>\n<meta property=\"og:image\" content=\"https:\/\/cosyart.pt\/wp-content\/uploads\/2025\/11\/S-10.jpg\" \/>\n\t<meta property=\"og:image:width\" content=\"1000\" \/>\n\t<meta property=\"og:image:height\" content=\"1565\" \/>\n\t<meta property=\"og:image:type\" content=\"image\/jpeg\" \/>\n<meta name=\"twitter:card\" content=\"summary_large_image\" \/>\n<meta name=\"twitter:label1\" content=\"Tempo estimado de leitura\" \/>\n\t<meta name=\"twitter:data1\" content=\"1 minuto\" \/>\n<script type=\"application\/ld+json\" class=\"yoast-schema-graph\">{\"@context\":\"https:\\\/\\\/schema.org\",\"@graph\":[{\"@type\":\"WebPage\",\"@id\":\"https:\\\/\\\/cosyart.pt\\\/?product=prato-de-pao-giro\",\"url\":\"https:\\\/\\\/cosyart.pt\\\/?product=prato-de-pao-giro\",\"name\":\"Prato de P\u00e3o GIRO - Cosyart Produ\u00e7\u00f5es e personaliza\u00e7\u00f5es, atelier de costura, vestu\u00e1rio, artesanato e boutique.\",\"isPartOf\":{\"@id\":\"https:\\\/\\\/cosyart.pt\\\/#website\"},\"primaryImageOfPage\":{\"@id\":\"https:\\\/\\\/cosyart.pt\\\/?product=prato-de-pao-giro#primaryimage\"},\"image\":{\"@id\":\"https:\\\/\\\/cosyart.pt\\\/?product=prato-de-pao-giro#primaryimage\"},\"thumbnailUrl\":\"https:\\\/\\\/cosyart.pt\\\/wp-content\\\/uploads\\\/2025\\\/11\\\/S-10.jpg\",\"datePublished\":\"2025-11-11T15:10:09+00:00\",\"dateModified\":\"2025-11-12T16:06:04+00:00\",\"breadcrumb\":{\"@id\":\"https:\\\/\\\/cosyart.pt\\\/?product=prato-de-pao-giro#breadcrumb\"},\"inLanguage\":\"pt-PT\",\"potentialAction\":[{\"@type\":\"ReadAction\",\"target\":[\"https:\\\/\\\/cosyart.pt\\\/?product=prato-de-pao-giro\"]}]},{\"@type\":\"ImageObject\",\"inLanguage\":\"pt-PT\",\"@id\":\"https:\\\/\\\/cosyart.pt\\\/?product=prato-de-pao-giro#primaryimage\",\"url\":\"https:\\\/\\\/cosyart.pt\\\/wp-content\\\/uploads\\\/2025\\\/11\\\/S-10.jpg\",\"contentUrl\":\"https:\\\/\\\/cosyart.pt\\\/wp-content\\\/uploads\\\/2025\\\/11\\\/S-10.jpg\",\"width\":1000,\"height\":1565},{\"@type\":\"BreadcrumbList\",\"@id\":\"https:\\\/\\\/cosyart.pt\\\/?product=prato-de-pao-giro#breadcrumb\",\"itemListElement\":[{\"@type\":\"ListItem\",\"position\":1,\"name\":\"In\u00edcio\",\"item\":\"https:\\\/\\\/cosyart.pt\\\/\"},{\"@type\":\"ListItem\",\"position\":2,\"name\":\"Produtos\",\"item\":\"https:\\\/\\\/cosyart.pt\\\/\"},{\"@type\":\"ListItem\",\"position\":3,\"name\":\"Prato de P\u00e3o GIRO\"}]},{\"@type\":\"WebSite\",\"@id\":\"https:\\\/\\\/cosyart.pt\\\/#website\",\"url\":\"https:\\\/\\\/cosyart.pt\\\/\",\"name\":\"Cosyart Produ\u00e7\u00f5es e personaliza\u00e7\u00f5es, atelier de costura, vestu\u00e1rio, artesanato e boutique.\",\"description\":\"Tem fabrico pr\u00f3prio de artigos da marca Cosyart no atelier de costura, mais sublima\u00e7\u00e3o, estampagem, grava\u00e7\u00e3o a laser e bordados.\",\"publisher\":{\"@id\":\"https:\\\/\\\/cosyart.pt\\\/#organization\"},\"potentialAction\":[{\"@type\":\"SearchAction\",\"target\":{\"@type\":\"EntryPoint\",\"urlTemplate\":\"https:\\\/\\\/cosyart.pt\\\/?s={search_term_string}\"},\"query-input\":{\"@type\":\"PropertyValueSpecification\",\"valueRequired\":true,\"valueName\":\"search_term_string\"}}],\"inLanguage\":\"pt-PT\"},{\"@type\":\"Organization\",\"@id\":\"https:\\\/\\\/cosyart.pt\\\/#organization\",\"name\":\"Cosyart Produ\u00e7\u00f5es e personaliza\u00e7\u00f5es, atelier de costura, vestu\u00e1rio, artesanato e boutique.\",\"url\":\"https:\\\/\\\/cosyart.pt\\\/\",\"logo\":{\"@type\":\"ImageObject\",\"inLanguage\":\"pt-PT\",\"@id\":\"https:\\\/\\\/cosyart.pt\\\/#\\\/schema\\\/logo\\\/image\\\/\",\"url\":\"https:\\\/\\\/cosyart.pt\\\/wp-content\\\/uploads\\\/2025\\\/12\\\/Cosyart-Logo.png\",\"contentUrl\":\"https:\\\/\\\/cosyart.pt\\\/wp-content\\\/uploads\\\/2025\\\/12\\\/Cosyart-Logo.png\",\"width\":1022,\"height\":372,\"caption\":\"Cosyart Produ\u00e7\u00f5es e personaliza\u00e7\u00f5es, atelier de costura, vestu\u00e1rio, artesanato e boutique.\"},\"image\":{\"@id\":\"https:\\\/\\\/cosyart.pt\\\/#\\\/schema\\\/logo\\\/image\\\/\"},\"sameAs\":[\"https:\\\/\\\/www.facebook.com\\\/cosyartonline\",\"https:\\\/\\\/www.instagram.com\\\/cosyart\\\/\"]}]}<\/script>\n<!-- \/ Yoast SEO plugin. -->","yoast_head_json":{"title":"Prato de P\u00e3o GIRO - Cosyart Produ\u00e7\u00f5es e personaliza\u00e7\u00f5es, atelier de costura, vestu\u00e1rio, artesanato e boutique.","robots":{"index":"index","follow":"follow","max-snippet":"max-snippet:-1","max-image-preview":"max-image-preview:large","max-video-preview":"max-video-preview:-1"},"canonical":"https:\/\/cosyart.pt\/?product=prato-de-pao-giro","og_locale":"pt_PT","og_type":"article","og_title":"Prato de P\u00e3o GIRO - Cosyart Produ\u00e7\u00f5es e personaliza\u00e7\u00f5es, atelier de costura, vestu\u00e1rio, artesanato e boutique.","og_description":"Prato de P\u00e3o GIRO \u00d815, com design elegante e contempor\u00e2neo que evoca a suavidade das ondas do mar","og_url":"https:\/\/cosyart.pt\/?product=prato-de-pao-giro","og_site_name":"Cosyart Produ\u00e7\u00f5es e personaliza\u00e7\u00f5es, atelier de costura, vestu\u00e1rio, artesanato e boutique.","article_publisher":"https:\/\/www.facebook.com\/cosyartonline","article_modified_time":"2025-11-12T16:06:04+00:00","og_image":[{"width":1000,"height":1565,"url":"https:\/\/cosyart.pt\/wp-content\/uploads\/2025\/11\/S-10.jpg","type":"image\/jpeg"}],"twitter_card":"summary_large_image","twitter_misc":{"Tempo estimado de leitura":"1 minuto"},"schema":{"@context":"https:\/\/schema.org","@graph":[{"@type":"WebPage","@id":"https:\/\/cosyart.pt\/?product=prato-de-pao-giro","url":"https:\/\/cosyart.pt\/?product=prato-de-pao-giro","name":"Prato de P\u00e3o GIRO - Cosyart Produ\u00e7\u00f5es e personaliza\u00e7\u00f5es, atelier de costura, vestu\u00e1rio, artesanato e boutique.","isPartOf":{"@id":"https:\/\/cosyart.pt\/#website"},"primaryImageOfPage":{"@id":"https:\/\/cosyart.pt\/?product=prato-de-pao-giro#primaryimage"},"image":{"@id":"https:\/\/cosyart.pt\/?product=prato-de-pao-giro#primaryimage"},"thumbnailUrl":"https:\/\/cosyart.pt\/wp-content\/uploads\/2025\/11\/S-10.jpg","datePublished":"2025-11-11T15:10:09+00:00","dateModified":"2025-11-12T16:06:04+00:00","breadcrumb":{"@id":"https:\/\/cosyart.pt\/?product=prato-de-pao-giro#breadcrumb"},"inLanguage":"pt-PT","potentialAction":[{"@type":"ReadAction","target":["https:\/\/cosyart.pt\/?product=prato-de-pao-giro"]}]},{"@type":"ImageObject","inLanguage":"pt-PT","@id":"https:\/\/cosyart.pt\/?product=prato-de-pao-giro#primaryimage","url":"https:\/\/cosyart.pt\/wp-content\/uploads\/2025\/11\/S-10.jpg","contentUrl":"https:\/\/cosyart.pt\/wp-content\/uploads\/2025\/11\/S-10.jpg","width":1000,"height":1565},{"@type":"BreadcrumbList","@id":"https:\/\/cosyart.pt\/?product=prato-de-pao-giro#breadcrumb","itemListElement":[{"@type":"ListItem","position":1,"name":"In\u00edcio","item":"https:\/\/cosyart.pt\/"},{"@type":"ListItem","position":2,"name":"Produtos","item":"https:\/\/cosyart.pt\/"},{"@type":"ListItem","position":3,"name":"Prato de P\u00e3o GIRO"}]},{"@type":"WebSite","@id":"https:\/\/cosyart.pt\/#website","url":"https:\/\/cosyart.pt\/","name":"Cosyart Produ\u00e7\u00f5es e personaliza\u00e7\u00f5es, atelier de costura, vestu\u00e1rio, artesanato e boutique.","description":"Tem fabrico pr\u00f3prio de artigos da marca Cosyart no atelier de costura, mais sublima\u00e7\u00e3o, estampagem, grava\u00e7\u00e3o a laser e bordados.","publisher":{"@id":"https:\/\/cosyart.pt\/#organization"},"potentialAction":[{"@type":"SearchAction","target":{"@type":"EntryPoint","urlTemplate":"https:\/\/cosyart.pt\/?s={search_term_string}"},"query-input":{"@type":"PropertyValueSpecification","valueRequired":true,"valueName":"search_term_string"}}],"inLanguage":"pt-PT"},{"@type":"Organization","@id":"https:\/\/cosyart.pt\/#organization","name":"Cosyart Produ\u00e7\u00f5es e personaliza\u00e7\u00f5es, atelier de costura, vestu\u00e1rio, artesanato e boutique.","url":"https:\/\/cosyart.pt\/","logo":{"@type":"ImageObject","inLanguage":"pt-PT","@id":"https:\/\/cosyart.pt\/#\/schema\/logo\/image\/","url":"https:\/\/cosyart.pt\/wp-content\/uploads\/2025\/12\/Cosyart-Logo.png","contentUrl":"https:\/\/cosyart.pt\/wp-content\/uploads\/2025\/12\/Cosyart-Logo.png","width":1022,"height":372,"caption":"Cosyart Produ\u00e7\u00f5es e personaliza\u00e7\u00f5es, atelier de costura, vestu\u00e1rio, artesanato e boutique."},"image":{"@id":"https:\/\/cosyart.pt\/#\/schema\/logo\/image\/"},"sameAs":["https:\/\/www.facebook.com\/cosyartonline","https:\/\/www.instagram.com\/cosyart\/"]}]}},"_links":{"self":[{"href":"https:\/\/cosyart.pt\/index.php?rest_route=\/wp\/v2\/product\/6326","targetHints":{"allow":["GET"]}}],"collection":[{"href":"https:\/\/cosyart.pt\/index.php?rest_route=\/wp\/v2\/product"}],"about":[{"href":"https:\/\/cosyart.pt\/index.php?rest_route=\/wp\/v2\/types\/product"}],"replies":[{"embeddable":true,"href":"https:\/\/cosyart.pt\/index.php?rest_route=%2Fwp%2Fv2%2Fcomments&post=6326"}],"wp:featuredmedia":[{"embeddable":true,"href":"https:\/\/cosyart.pt\/index.php?rest_route=\/wp\/v2\/media\/6375"}],"wp:attachment":[{"href":"https:\/\/cosyart.pt\/index.php?rest_route=%2Fwp%2Fv2%2Fmedia&parent=6326"}],"wp:term":[{"taxonomy":"product_brand","embeddable":true,"href":"https:\/\/cosyart.pt\/index.php?rest_route=%2Fwp%2Fv2%2Fproduct_brand&post=6326"},{"taxonomy":"product_cat","embeddable":true,"href":"https:\/\/cosyart.pt\/index.php?rest_route=%2Fwp%2Fv2%2Fproduct_cat&post=6326"},{"taxonomy":"product_tag","embeddable":true,"href":"https:\/\/cosyart.pt\/index.php?rest_route=%2Fwp%2Fv2%2Fproduct_tag&post=6326"}],"curies":[{"name":"wp","href":"https:\/\/api.w.org\/{rel}","templated":true}]}}