{"id":6270,"date":"2025-11-10T15:42:26","date_gmt":"2025-11-10T15:42:26","guid":{"rendered":"https:\/\/cosyart.pt\/?post_type=product&#038;p=6270"},"modified":"2025-11-18T20:16:37","modified_gmt":"2025-11-18T20:16:37","slug":"t-shirt-combi","status":"publish","type":"product","link":"https:\/\/cosyart.pt\/?product=t-shirt-combi","title":{"rendered":"T-shirt COMBI"},"content":{"rendered":"<ul>\n<li>T-shirt\u00a0de\u00a0manga curta,\u00a0gola redonda, desenho\u00a0bicolor\u00a0e\u00a0corte regular.<\/li>\n<li>Confecionada em tecido de malha lisa\u00a0100% algod\u00e3o\u00a0Ring Spun suave e confort\u00e1vel.<\/li>\n<li>Gola redonda\u00a0e mangas de canal\u00e9 el\u00e1stico que se adapta confortavelmente ao pesco\u00e7o, em cores combinadas.<\/li>\n<li>Dupla costura na gola, bainha e mangas que aumentam sua resist\u00eancia.<\/li>\n<li>Fita da interior ombro a ombro que refor\u00e7a e mant\u00e9m sua estrutura.<\/li>\n<li>M\u00e9todos adequados de marca\u00e7\u00e3o: serigrafia, transfer, vinil, bordado, cosidos.<\/li>\n<li>Ideal para\u00a0t\u00eaxteis publicit\u00e1rios,\u00a0roupa casual,\u00a0roupa desportiva,\u00a0roupa de trabalho, souvenir, merchandising, etc.<\/li>\n<\/ul>\n","protected":false},"excerpt":{"rendered":"<ul>\n<li>T-shirt\u00a0de\u00a0manga curta,\u00a0gola redonda, desenho\u00a0bicolor\u00a0e\u00a0corte regular.<\/li>\n<li>Ideal para\u00a0t\u00eaxteis publicit\u00e1rios,\u00a0roupa casual,\u00a0roupa desportiva,\u00a0roupa de trabalho, souvenir, merchandising, etc.<\/li>\n<\/ul>\n","protected":false},"featured_media":6280,"comment_status":"open","ping_status":"open","template":"","meta":[],"product_brand":[],"product_cat":[328,332,329,70,331,335,336,62],"product_tag":[],"class_list":{"0":"post-6270","1":"product","2":"type-product","3":"status-publish","4":"has-post-thumbnail","6":"product_cat-adulto","7":"product_cat-casualvestufem","8":"product_cat-feminino-adulto","9":"product_cat-infantil","10":"product_cat-vestuarioadultomasculino","11":"product_cat-vestuarioadultoprimaverafeminino","12":"product_cat-vestuarioadultoveraofeminino","13":"product_cat-vestuario","14":"pa_cor-amarelo-limao-verde-kelly","15":"pa_cor-azul-marinho-orion-vermelho-loto","16":"pa_cor-azul-porto-branco","17":"pa_cor-branco-azul-porto","18":"pa_cor-branco-preto","19":"pa_cor-branco-vermelho-loto","20":"pa_cor-cinza-cimento-vermelho-loto","21":"pa_cor-laranja-festa-verde-maca","22":"pa_cor-preto-branco","23":"pa_cor-verde-maca-branco","24":"pa_cor-vermelho-loto-amarelo-girassol","25":"pa_cor-vermelho-loto-branco","26":"pa_tamanho-4-5","27":"pa_tamanho-6-8","28":"pa_tamanho-l","29":"pa_tamanho-m","30":"pa_tamanho-s","31":"pa_tamanho-xl","32":"pa_tamanho-xs","33":"pa_tamanho-xxl","35":"first","36":"instock","37":"taxable","38":"shipping-taxable","39":"purchasable","40":"product-type-variable"},"yoast_head":"<!-- This site is optimized with the Yoast SEO plugin v27.4 - https:\/\/yoast.com\/product\/yoast-seo-wordpress\/ -->\n<title>T-shirt COMBI - Cosyart Produ\u00e7\u00f5es e personaliza\u00e7\u00f5es, atelier de costura, vestu\u00e1rio, artesanato e boutique.<\/title>\n<meta name=\"robots\" content=\"index, follow, max-snippet:-1, max-image-preview:large, max-video-preview:-1\" \/>\n<link rel=\"canonical\" href=\"https:\/\/cosyart.pt\/?product=t-shirt-combi\" \/>\n<meta property=\"og:locale\" content=\"pt_PT\" \/>\n<meta property=\"og:type\" content=\"article\" \/>\n<meta property=\"og:title\" content=\"T-shirt COMBI - Cosyart Produ\u00e7\u00f5es e personaliza\u00e7\u00f5es, atelier de costura, vestu\u00e1rio, artesanato e boutique.\" \/>\n<meta property=\"og:description\" content=\"T-shirt\u00a0de\u00a0manga curta,\u00a0gola redonda, desenho\u00a0bicolor\u00a0e\u00a0corte regular.  Ideal para\u00a0t\u00eaxteis publicit\u00e1rios,\u00a0roupa casual,\u00a0roupa desportiva,\u00a0roupa de trabalho, souvenir, merchandising, etc.\" \/>\n<meta property=\"og:url\" content=\"https:\/\/cosyart.pt\/?product=t-shirt-combi\" \/>\n<meta property=\"og:site_name\" content=\"Cosyart Produ\u00e7\u00f5es e personaliza\u00e7\u00f5es, atelier de costura, vestu\u00e1rio, artesanato e boutique.\" \/>\n<meta property=\"article:publisher\" content=\"https:\/\/www.facebook.com\/cosyartonline\" \/>\n<meta property=\"article:modified_time\" content=\"2025-11-18T20:16:37+00:00\" \/>\n<meta property=\"og:image\" content=\"https:\/\/cosyart.pt\/wp-content\/uploads\/2025\/11\/S-4-2.jpg\" \/>\n\t<meta property=\"og:image:width\" content=\"1000\" \/>\n\t<meta property=\"og:image:height\" content=\"1565\" \/>\n\t<meta property=\"og:image:type\" content=\"image\/jpeg\" \/>\n<meta name=\"twitter:card\" content=\"summary_large_image\" \/>\n<script type=\"application\/ld+json\" class=\"yoast-schema-graph\">{\"@context\":\"https:\\\/\\\/schema.org\",\"@graph\":[{\"@type\":\"WebPage\",\"@id\":\"https:\\\/\\\/cosyart.pt\\\/?product=t-shirt-combi\",\"url\":\"https:\\\/\\\/cosyart.pt\\\/?product=t-shirt-combi\",\"name\":\"T-shirt COMBI - Cosyart Produ\u00e7\u00f5es e personaliza\u00e7\u00f5es, atelier de costura, vestu\u00e1rio, artesanato e boutique.\",\"isPartOf\":{\"@id\":\"https:\\\/\\\/cosyart.pt\\\/#website\"},\"primaryImageOfPage\":{\"@id\":\"https:\\\/\\\/cosyart.pt\\\/?product=t-shirt-combi#primaryimage\"},\"image\":{\"@id\":\"https:\\\/\\\/cosyart.pt\\\/?product=t-shirt-combi#primaryimage\"},\"thumbnailUrl\":\"https:\\\/\\\/cosyart.pt\\\/wp-content\\\/uploads\\\/2025\\\/11\\\/S-4-2.jpg\",\"datePublished\":\"2025-11-10T15:42:26+00:00\",\"dateModified\":\"2025-11-18T20:16:37+00:00\",\"breadcrumb\":{\"@id\":\"https:\\\/\\\/cosyart.pt\\\/?product=t-shirt-combi#breadcrumb\"},\"inLanguage\":\"pt-PT\",\"potentialAction\":[{\"@type\":\"ReadAction\",\"target\":[\"https:\\\/\\\/cosyart.pt\\\/?product=t-shirt-combi\"]}]},{\"@type\":\"ImageObject\",\"inLanguage\":\"pt-PT\",\"@id\":\"https:\\\/\\\/cosyart.pt\\\/?product=t-shirt-combi#primaryimage\",\"url\":\"https:\\\/\\\/cosyart.pt\\\/wp-content\\\/uploads\\\/2025\\\/11\\\/S-4-2.jpg\",\"contentUrl\":\"https:\\\/\\\/cosyart.pt\\\/wp-content\\\/uploads\\\/2025\\\/11\\\/S-4-2.jpg\",\"width\":1000,\"height\":1565},{\"@type\":\"BreadcrumbList\",\"@id\":\"https:\\\/\\\/cosyart.pt\\\/?product=t-shirt-combi#breadcrumb\",\"itemListElement\":[{\"@type\":\"ListItem\",\"position\":1,\"name\":\"In\u00edcio\",\"item\":\"https:\\\/\\\/cosyart.pt\\\/\"},{\"@type\":\"ListItem\",\"position\":2,\"name\":\"Produtos\",\"item\":\"https:\\\/\\\/cosyart.pt\\\/\"},{\"@type\":\"ListItem\",\"position\":3,\"name\":\"T-shirt COMBI\"}]},{\"@type\":\"WebSite\",\"@id\":\"https:\\\/\\\/cosyart.pt\\\/#website\",\"url\":\"https:\\\/\\\/cosyart.pt\\\/\",\"name\":\"Cosyart Produ\u00e7\u00f5es e personaliza\u00e7\u00f5es, atelier de costura, vestu\u00e1rio, artesanato e boutique.\",\"description\":\"Tem fabrico pr\u00f3prio de artigos da marca Cosyart no atelier de costura, mais sublima\u00e7\u00e3o, estampagem, grava\u00e7\u00e3o a laser e bordados.\",\"publisher\":{\"@id\":\"https:\\\/\\\/cosyart.pt\\\/#organization\"},\"potentialAction\":[{\"@type\":\"SearchAction\",\"target\":{\"@type\":\"EntryPoint\",\"urlTemplate\":\"https:\\\/\\\/cosyart.pt\\\/?s={search_term_string}\"},\"query-input\":{\"@type\":\"PropertyValueSpecification\",\"valueRequired\":true,\"valueName\":\"search_term_string\"}}],\"inLanguage\":\"pt-PT\"},{\"@type\":\"Organization\",\"@id\":\"https:\\\/\\\/cosyart.pt\\\/#organization\",\"name\":\"Cosyart Produ\u00e7\u00f5es e personaliza\u00e7\u00f5es, atelier de costura, vestu\u00e1rio, artesanato e boutique.\",\"url\":\"https:\\\/\\\/cosyart.pt\\\/\",\"logo\":{\"@type\":\"ImageObject\",\"inLanguage\":\"pt-PT\",\"@id\":\"https:\\\/\\\/cosyart.pt\\\/#\\\/schema\\\/logo\\\/image\\\/\",\"url\":\"https:\\\/\\\/cosyart.pt\\\/wp-content\\\/uploads\\\/2025\\\/12\\\/Cosyart-Logo.png\",\"contentUrl\":\"https:\\\/\\\/cosyart.pt\\\/wp-content\\\/uploads\\\/2025\\\/12\\\/Cosyart-Logo.png\",\"width\":1022,\"height\":372,\"caption\":\"Cosyart Produ\u00e7\u00f5es e personaliza\u00e7\u00f5es, atelier de costura, vestu\u00e1rio, artesanato e boutique.\"},\"image\":{\"@id\":\"https:\\\/\\\/cosyart.pt\\\/#\\\/schema\\\/logo\\\/image\\\/\"},\"sameAs\":[\"https:\\\/\\\/www.facebook.com\\\/cosyartonline\",\"https:\\\/\\\/www.instagram.com\\\/cosyart\\\/\"]}]}<\/script>\n<!-- \/ Yoast SEO plugin. -->","yoast_head_json":{"title":"T-shirt COMBI - Cosyart Produ\u00e7\u00f5es e personaliza\u00e7\u00f5es, atelier de costura, vestu\u00e1rio, artesanato e boutique.","robots":{"index":"index","follow":"follow","max-snippet":"max-snippet:-1","max-image-preview":"max-image-preview:large","max-video-preview":"max-video-preview:-1"},"canonical":"https:\/\/cosyart.pt\/?product=t-shirt-combi","og_locale":"pt_PT","og_type":"article","og_title":"T-shirt COMBI - Cosyart Produ\u00e7\u00f5es e personaliza\u00e7\u00f5es, atelier de costura, vestu\u00e1rio, artesanato e boutique.","og_description":"T-shirt\u00a0de\u00a0manga curta,\u00a0gola redonda, desenho\u00a0bicolor\u00a0e\u00a0corte regular.  Ideal para\u00a0t\u00eaxteis publicit\u00e1rios,\u00a0roupa casual,\u00a0roupa desportiva,\u00a0roupa de trabalho, souvenir, merchandising, etc.","og_url":"https:\/\/cosyart.pt\/?product=t-shirt-combi","og_site_name":"Cosyart Produ\u00e7\u00f5es e personaliza\u00e7\u00f5es, atelier de costura, vestu\u00e1rio, artesanato e boutique.","article_publisher":"https:\/\/www.facebook.com\/cosyartonline","article_modified_time":"2025-11-18T20:16:37+00:00","og_image":[{"width":1000,"height":1565,"url":"https:\/\/cosyart.pt\/wp-content\/uploads\/2025\/11\/S-4-2.jpg","type":"image\/jpeg"}],"twitter_card":"summary_large_image","schema":{"@context":"https:\/\/schema.org","@graph":[{"@type":"WebPage","@id":"https:\/\/cosyart.pt\/?product=t-shirt-combi","url":"https:\/\/cosyart.pt\/?product=t-shirt-combi","name":"T-shirt COMBI - Cosyart Produ\u00e7\u00f5es e personaliza\u00e7\u00f5es, atelier de costura, vestu\u00e1rio, artesanato e boutique.","isPartOf":{"@id":"https:\/\/cosyart.pt\/#website"},"primaryImageOfPage":{"@id":"https:\/\/cosyart.pt\/?product=t-shirt-combi#primaryimage"},"image":{"@id":"https:\/\/cosyart.pt\/?product=t-shirt-combi#primaryimage"},"thumbnailUrl":"https:\/\/cosyart.pt\/wp-content\/uploads\/2025\/11\/S-4-2.jpg","datePublished":"2025-11-10T15:42:26+00:00","dateModified":"2025-11-18T20:16:37+00:00","breadcrumb":{"@id":"https:\/\/cosyart.pt\/?product=t-shirt-combi#breadcrumb"},"inLanguage":"pt-PT","potentialAction":[{"@type":"ReadAction","target":["https:\/\/cosyart.pt\/?product=t-shirt-combi"]}]},{"@type":"ImageObject","inLanguage":"pt-PT","@id":"https:\/\/cosyart.pt\/?product=t-shirt-combi#primaryimage","url":"https:\/\/cosyart.pt\/wp-content\/uploads\/2025\/11\/S-4-2.jpg","contentUrl":"https:\/\/cosyart.pt\/wp-content\/uploads\/2025\/11\/S-4-2.jpg","width":1000,"height":1565},{"@type":"BreadcrumbList","@id":"https:\/\/cosyart.pt\/?product=t-shirt-combi#breadcrumb","itemListElement":[{"@type":"ListItem","position":1,"name":"In\u00edcio","item":"https:\/\/cosyart.pt\/"},{"@type":"ListItem","position":2,"name":"Produtos","item":"https:\/\/cosyart.pt\/"},{"@type":"ListItem","position":3,"name":"T-shirt COMBI"}]},{"@type":"WebSite","@id":"https:\/\/cosyart.pt\/#website","url":"https:\/\/cosyart.pt\/","name":"Cosyart Produ\u00e7\u00f5es e personaliza\u00e7\u00f5es, atelier de costura, vestu\u00e1rio, artesanato e boutique.","description":"Tem fabrico pr\u00f3prio de artigos da marca Cosyart no atelier de costura, mais sublima\u00e7\u00e3o, estampagem, grava\u00e7\u00e3o a laser e bordados.","publisher":{"@id":"https:\/\/cosyart.pt\/#organization"},"potentialAction":[{"@type":"SearchAction","target":{"@type":"EntryPoint","urlTemplate":"https:\/\/cosyart.pt\/?s={search_term_string}"},"query-input":{"@type":"PropertyValueSpecification","valueRequired":true,"valueName":"search_term_string"}}],"inLanguage":"pt-PT"},{"@type":"Organization","@id":"https:\/\/cosyart.pt\/#organization","name":"Cosyart Produ\u00e7\u00f5es e personaliza\u00e7\u00f5es, atelier de costura, vestu\u00e1rio, artesanato e boutique.","url":"https:\/\/cosyart.pt\/","logo":{"@type":"ImageObject","inLanguage":"pt-PT","@id":"https:\/\/cosyart.pt\/#\/schema\/logo\/image\/","url":"https:\/\/cosyart.pt\/wp-content\/uploads\/2025\/12\/Cosyart-Logo.png","contentUrl":"https:\/\/cosyart.pt\/wp-content\/uploads\/2025\/12\/Cosyart-Logo.png","width":1022,"height":372,"caption":"Cosyart Produ\u00e7\u00f5es e personaliza\u00e7\u00f5es, atelier de costura, vestu\u00e1rio, artesanato e boutique."},"image":{"@id":"https:\/\/cosyart.pt\/#\/schema\/logo\/image\/"},"sameAs":["https:\/\/www.facebook.com\/cosyartonline","https:\/\/www.instagram.com\/cosyart\/"]}]}},"_links":{"self":[{"href":"https:\/\/cosyart.pt\/index.php?rest_route=\/wp\/v2\/product\/6270","targetHints":{"allow":["GET"]}}],"collection":[{"href":"https:\/\/cosyart.pt\/index.php?rest_route=\/wp\/v2\/product"}],"about":[{"href":"https:\/\/cosyart.pt\/index.php?rest_route=\/wp\/v2\/types\/product"}],"replies":[{"embeddable":true,"href":"https:\/\/cosyart.pt\/index.php?rest_route=%2Fwp%2Fv2%2Fcomments&post=6270"}],"wp:featuredmedia":[{"embeddable":true,"href":"https:\/\/cosyart.pt\/index.php?rest_route=\/wp\/v2\/media\/6280"}],"wp:attachment":[{"href":"https:\/\/cosyart.pt\/index.php?rest_route=%2Fwp%2Fv2%2Fmedia&parent=6270"}],"wp:term":[{"taxonomy":"product_brand","embeddable":true,"href":"https:\/\/cosyart.pt\/index.php?rest_route=%2Fwp%2Fv2%2Fproduct_brand&post=6270"},{"taxonomy":"product_cat","embeddable":true,"href":"https:\/\/cosyart.pt\/index.php?rest_route=%2Fwp%2Fv2%2Fproduct_cat&post=6270"},{"taxonomy":"product_tag","embeddable":true,"href":"https:\/\/cosyart.pt\/index.php?rest_route=%2Fwp%2Fv2%2Fproduct_tag&post=6270"}],"curies":[{"name":"wp","href":"https:\/\/api.w.org\/{rel}","templated":true}]}}