{"id":4348,"date":"2025-10-17T14:37:39","date_gmt":"2025-10-17T14:37:39","guid":{"rendered":"https:\/\/cosyart.pt\/?post_type=product&#038;p=4348"},"modified":"2025-11-18T16:36:55","modified_gmt":"2025-11-18T16:36:55","slug":"casaco-softshell-saponi","status":"publish","type":"product","link":"https:\/\/cosyart.pt\/?product=casaco-softshell-saponi","title":{"rendered":"Casaco Softshell SAPONI"},"content":{"rendered":"<ul>\n<li>Casaco\u00a0softshell\u00a0com tr\u00eas\u00a0bolsos\u00a0e desenho\u00a0bicolor.<\/li>\n<li>Confecionado em tecido\u00a0softshell\u00a0el\u00e1stico de tr\u00eas camadas (exterior plana hidr\u00f3fuga, interm\u00e9dia respir\u00e1vel e interior micropolar) com efeito corta-ventos, repelente \u00e0 \u00e1gua e alta reten\u00e7\u00e3o t\u00e9rmica.<\/li>\n<li>Gola alta de dupla camada com\u00a0fecho completo\u00a0incluindo protetor de queixo para maior conforto.<\/li>\n<li>Punhos ajust\u00e1veis com velcro, cintura com cord\u00e3o regulador e stoppers para um melhor ajuste.<\/li>\n<li>Dois\u00a0bolsos\u00a0verticais na cintura e um no lado esquerdo do peito com fecho de correr para ter tudo acess\u00edvel.<\/li>\n<li>M\u00e9todos adequados de marca\u00e7\u00e3o: bordados, cosidos e termo-adesivos anti-sublima\u00e7\u00e3o.<\/li>\n<li>Ideal como\u00a0roupa de trabalho,\u00a0t\u00eaxteis publicit\u00e1rios,\u00a0roupa desportiva\u00a0e\u00a0roupa casual.<\/li>\n<\/ul>\n","protected":false},"excerpt":{"rendered":"<ul>\n<li>Casaco\u00a0softshell\u00a0com tr\u00eas\u00a0bolsos\u00a0e desenho\u00a0bicolor.<\/li>\n<li>Ideal como\u00a0roupa de trabalho,\u00a0t\u00eaxteis publicit\u00e1rios,\u00a0roupa desportiva\u00a0e\u00a0roupa casual.<\/li>\n<\/ul>\n","protected":false},"featured_media":4399,"comment_status":"open","ping_status":"open","template":"","meta":[],"product_brand":[],"product_cat":[328,329,338,333,331,334,339,340,335,62],"product_tag":[],"class_list":{"0":"post-4348","1":"product","2":"type-product","3":"status-publish","4":"has-post-thumbnail","6":"product_cat-adulto","7":"product_cat-feminino-adulto","8":"product_cat-vestuarioinvernoadultomasc","9":"product_cat-vestuarioadultofemininoinverno","10":"product_cat-vestuarioadultomasculino","11":"product_cat-vestuarioadultooutonofeminino","12":"product_cat-vestuarioadultooutonomasc","13":"product_cat-vestuarioprimaveraadultomasc","14":"product_cat-vestuarioadultoprimaverafeminino","15":"product_cat-vestuario","16":"pa_cor-azul","17":"pa_cor-cinza","18":"pa_cor-laranja","19":"pa_cor-verde","20":"pa_cor-vermelho","21":"pa_tamanho-10-12","22":"pa_tamanho-223","23":"pa_tamanho-4-5","24":"pa_tamanho-6-8","25":"pa_tamanho-l","26":"pa_tamanho-m","27":"pa_tamanho-s","28":"pa_tamanho-xl","29":"pa_tamanho-xxl","31":"first","32":"instock","33":"taxable","34":"shipping-taxable","35":"purchasable","36":"product-type-variable"},"yoast_head":"<!-- This site is optimized with the Yoast SEO plugin v27.4 - https:\/\/yoast.com\/product\/yoast-seo-wordpress\/ -->\n<title>Casaco Softshell SAPONI - Cosyart Produ\u00e7\u00f5es e personaliza\u00e7\u00f5es, atelier de costura, vestu\u00e1rio, artesanato e boutique.<\/title>\n<meta name=\"robots\" content=\"index, follow, max-snippet:-1, max-image-preview:large, max-video-preview:-1\" \/>\n<link rel=\"canonical\" href=\"https:\/\/cosyart.pt\/?product=casaco-softshell-saponi\" \/>\n<meta property=\"og:locale\" content=\"pt_PT\" \/>\n<meta property=\"og:type\" content=\"article\" \/>\n<meta property=\"og:title\" content=\"Casaco Softshell SAPONI - Cosyart Produ\u00e7\u00f5es e personaliza\u00e7\u00f5es, atelier de costura, vestu\u00e1rio, artesanato e boutique.\" \/>\n<meta property=\"og:description\" content=\"Casaco\u00a0softshell\u00a0com tr\u00eas\u00a0bolsos\u00a0e desenho\u00a0bicolor.  Ideal como\u00a0roupa de trabalho,\u00a0t\u00eaxteis publicit\u00e1rios,\u00a0roupa desportiva\u00a0e\u00a0roupa casual.\" \/>\n<meta property=\"og:url\" content=\"https:\/\/cosyart.pt\/?product=casaco-softshell-saponi\" \/>\n<meta property=\"og:site_name\" content=\"Cosyart Produ\u00e7\u00f5es e personaliza\u00e7\u00f5es, atelier de costura, vestu\u00e1rio, artesanato e boutique.\" \/>\n<meta property=\"article:publisher\" content=\"https:\/\/www.facebook.com\/cosyartonline\" \/>\n<meta property=\"article:modified_time\" content=\"2025-11-18T16:36:55+00:00\" \/>\n<meta property=\"og:image\" content=\"https:\/\/cosyart.pt\/wp-content\/uploads\/2025\/10\/CQVASAP.jpg\" \/>\n\t<meta property=\"og:image:width\" content=\"281\" \/>\n\t<meta property=\"og:image:height\" content=\"440\" \/>\n\t<meta property=\"og:image:type\" content=\"image\/jpeg\" \/>\n<meta name=\"twitter:card\" content=\"summary_large_image\" \/>\n<meta name=\"twitter:label1\" content=\"Tempo estimado de leitura\" \/>\n\t<meta name=\"twitter:data1\" content=\"1 minuto\" \/>\n<script type=\"application\/ld+json\" class=\"yoast-schema-graph\">{\"@context\":\"https:\\\/\\\/schema.org\",\"@graph\":[{\"@type\":\"WebPage\",\"@id\":\"https:\\\/\\\/cosyart.pt\\\/?product=casaco-softshell-saponi\",\"url\":\"https:\\\/\\\/cosyart.pt\\\/?product=casaco-softshell-saponi\",\"name\":\"Casaco Softshell SAPONI - Cosyart Produ\u00e7\u00f5es e personaliza\u00e7\u00f5es, atelier de costura, vestu\u00e1rio, artesanato e boutique.\",\"isPartOf\":{\"@id\":\"https:\\\/\\\/cosyart.pt\\\/#website\"},\"primaryImageOfPage\":{\"@id\":\"https:\\\/\\\/cosyart.pt\\\/?product=casaco-softshell-saponi#primaryimage\"},\"image\":{\"@id\":\"https:\\\/\\\/cosyart.pt\\\/?product=casaco-softshell-saponi#primaryimage\"},\"thumbnailUrl\":\"https:\\\/\\\/cosyart.pt\\\/wp-content\\\/uploads\\\/2025\\\/10\\\/CQVASAP.jpg\",\"datePublished\":\"2025-10-17T14:37:39+00:00\",\"dateModified\":\"2025-11-18T16:36:55+00:00\",\"breadcrumb\":{\"@id\":\"https:\\\/\\\/cosyart.pt\\\/?product=casaco-softshell-saponi#breadcrumb\"},\"inLanguage\":\"pt-PT\",\"potentialAction\":[{\"@type\":\"ReadAction\",\"target\":[\"https:\\\/\\\/cosyart.pt\\\/?product=casaco-softshell-saponi\"]}]},{\"@type\":\"ImageObject\",\"inLanguage\":\"pt-PT\",\"@id\":\"https:\\\/\\\/cosyart.pt\\\/?product=casaco-softshell-saponi#primaryimage\",\"url\":\"https:\\\/\\\/cosyart.pt\\\/wp-content\\\/uploads\\\/2025\\\/10\\\/CQVASAP.jpg\",\"contentUrl\":\"https:\\\/\\\/cosyart.pt\\\/wp-content\\\/uploads\\\/2025\\\/10\\\/CQVASAP.jpg\",\"width\":281,\"height\":440},{\"@type\":\"BreadcrumbList\",\"@id\":\"https:\\\/\\\/cosyart.pt\\\/?product=casaco-softshell-saponi#breadcrumb\",\"itemListElement\":[{\"@type\":\"ListItem\",\"position\":1,\"name\":\"In\u00edcio\",\"item\":\"https:\\\/\\\/cosyart.pt\\\/\"},{\"@type\":\"ListItem\",\"position\":2,\"name\":\"Produtos\",\"item\":\"https:\\\/\\\/cosyart.pt\\\/\"},{\"@type\":\"ListItem\",\"position\":3,\"name\":\"Casaco Softshell SAPONI\"}]},{\"@type\":\"WebSite\",\"@id\":\"https:\\\/\\\/cosyart.pt\\\/#website\",\"url\":\"https:\\\/\\\/cosyart.pt\\\/\",\"name\":\"Cosyart Produ\u00e7\u00f5es e personaliza\u00e7\u00f5es, atelier de costura, vestu\u00e1rio, artesanato e boutique.\",\"description\":\"Tem fabrico pr\u00f3prio de artigos da marca Cosyart no atelier de costura, mais sublima\u00e7\u00e3o, estampagem, grava\u00e7\u00e3o a laser e bordados.\",\"publisher\":{\"@id\":\"https:\\\/\\\/cosyart.pt\\\/#organization\"},\"potentialAction\":[{\"@type\":\"SearchAction\",\"target\":{\"@type\":\"EntryPoint\",\"urlTemplate\":\"https:\\\/\\\/cosyart.pt\\\/?s={search_term_string}\"},\"query-input\":{\"@type\":\"PropertyValueSpecification\",\"valueRequired\":true,\"valueName\":\"search_term_string\"}}],\"inLanguage\":\"pt-PT\"},{\"@type\":\"Organization\",\"@id\":\"https:\\\/\\\/cosyart.pt\\\/#organization\",\"name\":\"Cosyart Produ\u00e7\u00f5es e personaliza\u00e7\u00f5es, atelier de costura, vestu\u00e1rio, artesanato e boutique.\",\"url\":\"https:\\\/\\\/cosyart.pt\\\/\",\"logo\":{\"@type\":\"ImageObject\",\"inLanguage\":\"pt-PT\",\"@id\":\"https:\\\/\\\/cosyart.pt\\\/#\\\/schema\\\/logo\\\/image\\\/\",\"url\":\"https:\\\/\\\/cosyart.pt\\\/wp-content\\\/uploads\\\/2025\\\/12\\\/Cosyart-Logo.png\",\"contentUrl\":\"https:\\\/\\\/cosyart.pt\\\/wp-content\\\/uploads\\\/2025\\\/12\\\/Cosyart-Logo.png\",\"width\":1022,\"height\":372,\"caption\":\"Cosyart Produ\u00e7\u00f5es e personaliza\u00e7\u00f5es, atelier de costura, vestu\u00e1rio, artesanato e boutique.\"},\"image\":{\"@id\":\"https:\\\/\\\/cosyart.pt\\\/#\\\/schema\\\/logo\\\/image\\\/\"},\"sameAs\":[\"https:\\\/\\\/www.facebook.com\\\/cosyartonline\",\"https:\\\/\\\/www.instagram.com\\\/cosyart\\\/\"]}]}<\/script>\n<!-- \/ Yoast SEO plugin. -->","yoast_head_json":{"title":"Casaco Softshell SAPONI - Cosyart Produ\u00e7\u00f5es e personaliza\u00e7\u00f5es, atelier de costura, vestu\u00e1rio, artesanato e boutique.","robots":{"index":"index","follow":"follow","max-snippet":"max-snippet:-1","max-image-preview":"max-image-preview:large","max-video-preview":"max-video-preview:-1"},"canonical":"https:\/\/cosyart.pt\/?product=casaco-softshell-saponi","og_locale":"pt_PT","og_type":"article","og_title":"Casaco Softshell SAPONI - Cosyart Produ\u00e7\u00f5es e personaliza\u00e7\u00f5es, atelier de costura, vestu\u00e1rio, artesanato e boutique.","og_description":"Casaco\u00a0softshell\u00a0com tr\u00eas\u00a0bolsos\u00a0e desenho\u00a0bicolor.  Ideal como\u00a0roupa de trabalho,\u00a0t\u00eaxteis publicit\u00e1rios,\u00a0roupa desportiva\u00a0e\u00a0roupa casual.","og_url":"https:\/\/cosyart.pt\/?product=casaco-softshell-saponi","og_site_name":"Cosyart Produ\u00e7\u00f5es e personaliza\u00e7\u00f5es, atelier de costura, vestu\u00e1rio, artesanato e boutique.","article_publisher":"https:\/\/www.facebook.com\/cosyartonline","article_modified_time":"2025-11-18T16:36:55+00:00","og_image":[{"width":281,"height":440,"url":"https:\/\/cosyart.pt\/wp-content\/uploads\/2025\/10\/CQVASAP.jpg","type":"image\/jpeg"}],"twitter_card":"summary_large_image","twitter_misc":{"Tempo estimado de leitura":"1 minuto"},"schema":{"@context":"https:\/\/schema.org","@graph":[{"@type":"WebPage","@id":"https:\/\/cosyart.pt\/?product=casaco-softshell-saponi","url":"https:\/\/cosyart.pt\/?product=casaco-softshell-saponi","name":"Casaco Softshell SAPONI - Cosyart Produ\u00e7\u00f5es e personaliza\u00e7\u00f5es, atelier de costura, vestu\u00e1rio, artesanato e boutique.","isPartOf":{"@id":"https:\/\/cosyart.pt\/#website"},"primaryImageOfPage":{"@id":"https:\/\/cosyart.pt\/?product=casaco-softshell-saponi#primaryimage"},"image":{"@id":"https:\/\/cosyart.pt\/?product=casaco-softshell-saponi#primaryimage"},"thumbnailUrl":"https:\/\/cosyart.pt\/wp-content\/uploads\/2025\/10\/CQVASAP.jpg","datePublished":"2025-10-17T14:37:39+00:00","dateModified":"2025-11-18T16:36:55+00:00","breadcrumb":{"@id":"https:\/\/cosyart.pt\/?product=casaco-softshell-saponi#breadcrumb"},"inLanguage":"pt-PT","potentialAction":[{"@type":"ReadAction","target":["https:\/\/cosyart.pt\/?product=casaco-softshell-saponi"]}]},{"@type":"ImageObject","inLanguage":"pt-PT","@id":"https:\/\/cosyart.pt\/?product=casaco-softshell-saponi#primaryimage","url":"https:\/\/cosyart.pt\/wp-content\/uploads\/2025\/10\/CQVASAP.jpg","contentUrl":"https:\/\/cosyart.pt\/wp-content\/uploads\/2025\/10\/CQVASAP.jpg","width":281,"height":440},{"@type":"BreadcrumbList","@id":"https:\/\/cosyart.pt\/?product=casaco-softshell-saponi#breadcrumb","itemListElement":[{"@type":"ListItem","position":1,"name":"In\u00edcio","item":"https:\/\/cosyart.pt\/"},{"@type":"ListItem","position":2,"name":"Produtos","item":"https:\/\/cosyart.pt\/"},{"@type":"ListItem","position":3,"name":"Casaco Softshell SAPONI"}]},{"@type":"WebSite","@id":"https:\/\/cosyart.pt\/#website","url":"https:\/\/cosyart.pt\/","name":"Cosyart Produ\u00e7\u00f5es e personaliza\u00e7\u00f5es, atelier de costura, vestu\u00e1rio, artesanato e boutique.","description":"Tem fabrico pr\u00f3prio de artigos da marca Cosyart no atelier de costura, mais sublima\u00e7\u00e3o, estampagem, grava\u00e7\u00e3o a laser e bordados.","publisher":{"@id":"https:\/\/cosyart.pt\/#organization"},"potentialAction":[{"@type":"SearchAction","target":{"@type":"EntryPoint","urlTemplate":"https:\/\/cosyart.pt\/?s={search_term_string}"},"query-input":{"@type":"PropertyValueSpecification","valueRequired":true,"valueName":"search_term_string"}}],"inLanguage":"pt-PT"},{"@type":"Organization","@id":"https:\/\/cosyart.pt\/#organization","name":"Cosyart Produ\u00e7\u00f5es e personaliza\u00e7\u00f5es, atelier de costura, vestu\u00e1rio, artesanato e boutique.","url":"https:\/\/cosyart.pt\/","logo":{"@type":"ImageObject","inLanguage":"pt-PT","@id":"https:\/\/cosyart.pt\/#\/schema\/logo\/image\/","url":"https:\/\/cosyart.pt\/wp-content\/uploads\/2025\/12\/Cosyart-Logo.png","contentUrl":"https:\/\/cosyart.pt\/wp-content\/uploads\/2025\/12\/Cosyart-Logo.png","width":1022,"height":372,"caption":"Cosyart Produ\u00e7\u00f5es e personaliza\u00e7\u00f5es, atelier de costura, vestu\u00e1rio, artesanato e boutique."},"image":{"@id":"https:\/\/cosyart.pt\/#\/schema\/logo\/image\/"},"sameAs":["https:\/\/www.facebook.com\/cosyartonline","https:\/\/www.instagram.com\/cosyart\/"]}]}},"_links":{"self":[{"href":"https:\/\/cosyart.pt\/index.php?rest_route=\/wp\/v2\/product\/4348","targetHints":{"allow":["GET"]}}],"collection":[{"href":"https:\/\/cosyart.pt\/index.php?rest_route=\/wp\/v2\/product"}],"about":[{"href":"https:\/\/cosyart.pt\/index.php?rest_route=\/wp\/v2\/types\/product"}],"replies":[{"embeddable":true,"href":"https:\/\/cosyart.pt\/index.php?rest_route=%2Fwp%2Fv2%2Fcomments&post=4348"}],"wp:featuredmedia":[{"embeddable":true,"href":"https:\/\/cosyart.pt\/index.php?rest_route=\/wp\/v2\/media\/4399"}],"wp:attachment":[{"href":"https:\/\/cosyart.pt\/index.php?rest_route=%2Fwp%2Fv2%2Fmedia&parent=4348"}],"wp:term":[{"taxonomy":"product_brand","embeddable":true,"href":"https:\/\/cosyart.pt\/index.php?rest_route=%2Fwp%2Fv2%2Fproduct_brand&post=4348"},{"taxonomy":"product_cat","embeddable":true,"href":"https:\/\/cosyart.pt\/index.php?rest_route=%2Fwp%2Fv2%2Fproduct_cat&post=4348"},{"taxonomy":"product_tag","embeddable":true,"href":"https:\/\/cosyart.pt\/index.php?rest_route=%2Fwp%2Fv2%2Fproduct_tag&post=4348"}],"curies":[{"name":"wp","href":"https:\/\/api.w.org\/{rel}","templated":true}]}}