{"id":2793,"date":"2025-10-13T18:20:34","date_gmt":"2025-10-13T18:20:34","guid":{"rendered":"https:\/\/cosyart.pt\/?post_type=product&#038;p=2793"},"modified":"2025-11-15T14:26:37","modified_gmt":"2025-11-15T14:26:37","slug":"bolsa-com-adesivo-e-cabide-soria","status":"publish","type":"product","link":"https:\/\/cosyart.pt\/?product=bolsa-com-adesivo-e-cabide-soria","title":{"rendered":"Bolsa com Adesivo e Cabide SORIA"},"content":{"rendered":"<ul>\n<li>Saco de pl\u00e1stico\u00a0com aba adesiva e cabide.<\/li>\n<li>Fabricado em polipropileno transparente.<\/li>\n<li>Leve, resistente e recicl\u00e1vel.<\/li>\n<li>Incorpora um cabide em parte superior para pendurar em expositores.<\/li>\n<li>Aba adesiva em parte superior, logo abaixo do cabide, o que lhe permite fechar o saco removendo a pel\u00edcula protectora do adesivo e manter as pe\u00e7as de vestu\u00e1rio armazenadastem um pequeno orif\u00edcio para a sa\u00edda de ar e que o deixa mais compacto uma vez fechado.<\/li>\n<li>Vendido em embalagens completas excepto encomendas de amostras.<\/li>\n<li>Ideal para ensacar todos os tipos de vestu\u00e1rio.<\/li>\n<li><img fetchpriority=\"high\" decoding=\"async\" class=\"\" src=\"https:\/\/www.valento.es\/images_valento\/articles\/BP\/BOVASOR\/BOVASOR_detalle1.jpg\" alt=\"Bolsa com adesivo e cabide SORIA\" width=\"467\" height=\"313\" \/><\/li>\n<\/ul>\n","protected":false},"excerpt":{"rendered":"<p>Saco de pl\u00e1stico\u00a0com aba adesiva e cabide. Fabricado em polipropileno transparente. Leve, resistente e recicl\u00e1vel. Incorpora um cabide em parte superior para pendurar em expositores. Aba adesiva em parte superior, logo abaixo do cabide, o que lhe permite fechar o saco removendo a pel\u00edcula protectora do adesivo e manter as pe\u00e7as de vestu\u00e1rio armazenadastem um [&hellip;]<\/p>\n","protected":false},"featured_media":2881,"comment_status":"open","ping_status":"open","template":"","meta":[],"product_brand":[],"product_cat":[235,204],"product_tag":[],"class_list":{"0":"post-2793","1":"product","2":"type-product","3":"status-publish","4":"has-post-thumbnail","6":"product_cat-equipamento-escolar","7":"product_cat-sacos-de-plastico","8":"pa_tamanho-207","9":"pa_tamanho-208","10":"pa_tamanho-209","12":"first","13":"instock","14":"taxable","15":"shipping-taxable","16":"purchasable","17":"product-type-variable"},"yoast_head":"<!-- This site is optimized with the Yoast SEO plugin v27.4 - https:\/\/yoast.com\/product\/yoast-seo-wordpress\/ -->\n<title>Bolsa com Adesivo e Cabide SORIA - Cosyart Produ\u00e7\u00f5es e personaliza\u00e7\u00f5es, atelier de costura, vestu\u00e1rio, artesanato e boutique.<\/title>\n<meta name=\"robots\" content=\"index, follow, max-snippet:-1, max-image-preview:large, max-video-preview:-1\" \/>\n<link rel=\"canonical\" href=\"https:\/\/cosyart.pt\/?product=bolsa-com-adesivo-e-cabide-soria\" \/>\n<meta property=\"og:locale\" content=\"pt_PT\" \/>\n<meta property=\"og:type\" content=\"article\" \/>\n<meta property=\"og:title\" content=\"Bolsa com Adesivo e Cabide SORIA - Cosyart Produ\u00e7\u00f5es e personaliza\u00e7\u00f5es, atelier de costura, vestu\u00e1rio, artesanato e boutique.\" \/>\n<meta property=\"og:description\" content=\"Saco de pl\u00e1stico\u00a0com aba adesiva e cabide. Fabricado em polipropileno transparente. Leve, resistente e recicl\u00e1vel. Incorpora um cabide em parte superior para pendurar em expositores. Aba adesiva em parte superior, logo abaixo do cabide, o que lhe permite fechar o saco removendo a pel\u00edcula protectora do adesivo e manter as pe\u00e7as de vestu\u00e1rio armazenadastem um [&hellip;]\" \/>\n<meta property=\"og:url\" content=\"https:\/\/cosyart.pt\/?product=bolsa-com-adesivo-e-cabide-soria\" \/>\n<meta property=\"og:site_name\" content=\"Cosyart Produ\u00e7\u00f5es e personaliza\u00e7\u00f5es, atelier de costura, vestu\u00e1rio, artesanato e boutique.\" \/>\n<meta property=\"article:publisher\" content=\"https:\/\/www.facebook.com\/cosyartonline\" \/>\n<meta property=\"article:modified_time\" content=\"2025-11-15T14:26:37+00:00\" \/>\n<meta property=\"og:image\" content=\"https:\/\/cosyart.pt\/wp-content\/uploads\/2025\/10\/BOVASOR-1.jpg\" \/>\n\t<meta property=\"og:image:width\" content=\"281\" \/>\n\t<meta property=\"og:image:height\" content=\"440\" \/>\n\t<meta property=\"og:image:type\" content=\"image\/jpeg\" \/>\n<meta name=\"twitter:card\" content=\"summary_large_image\" \/>\n<script type=\"application\/ld+json\" class=\"yoast-schema-graph\">{\"@context\":\"https:\\\/\\\/schema.org\",\"@graph\":[{\"@type\":\"WebPage\",\"@id\":\"https:\\\/\\\/cosyart.pt\\\/?product=bolsa-com-adesivo-e-cabide-soria\",\"url\":\"https:\\\/\\\/cosyart.pt\\\/?product=bolsa-com-adesivo-e-cabide-soria\",\"name\":\"Bolsa com Adesivo e Cabide SORIA - Cosyart Produ\u00e7\u00f5es e personaliza\u00e7\u00f5es, atelier de costura, vestu\u00e1rio, artesanato e boutique.\",\"isPartOf\":{\"@id\":\"https:\\\/\\\/cosyart.pt\\\/#website\"},\"primaryImageOfPage\":{\"@id\":\"https:\\\/\\\/cosyart.pt\\\/?product=bolsa-com-adesivo-e-cabide-soria#primaryimage\"},\"image\":{\"@id\":\"https:\\\/\\\/cosyart.pt\\\/?product=bolsa-com-adesivo-e-cabide-soria#primaryimage\"},\"thumbnailUrl\":\"https:\\\/\\\/cosyart.pt\\\/wp-content\\\/uploads\\\/2025\\\/10\\\/BOVASOR-1.jpg\",\"datePublished\":\"2025-10-13T18:20:34+00:00\",\"dateModified\":\"2025-11-15T14:26:37+00:00\",\"breadcrumb\":{\"@id\":\"https:\\\/\\\/cosyart.pt\\\/?product=bolsa-com-adesivo-e-cabide-soria#breadcrumb\"},\"inLanguage\":\"pt-PT\",\"potentialAction\":[{\"@type\":\"ReadAction\",\"target\":[\"https:\\\/\\\/cosyart.pt\\\/?product=bolsa-com-adesivo-e-cabide-soria\"]}]},{\"@type\":\"ImageObject\",\"inLanguage\":\"pt-PT\",\"@id\":\"https:\\\/\\\/cosyart.pt\\\/?product=bolsa-com-adesivo-e-cabide-soria#primaryimage\",\"url\":\"https:\\\/\\\/cosyart.pt\\\/wp-content\\\/uploads\\\/2025\\\/10\\\/BOVASOR-1.jpg\",\"contentUrl\":\"https:\\\/\\\/cosyart.pt\\\/wp-content\\\/uploads\\\/2025\\\/10\\\/BOVASOR-1.jpg\",\"width\":281,\"height\":440},{\"@type\":\"BreadcrumbList\",\"@id\":\"https:\\\/\\\/cosyart.pt\\\/?product=bolsa-com-adesivo-e-cabide-soria#breadcrumb\",\"itemListElement\":[{\"@type\":\"ListItem\",\"position\":1,\"name\":\"In\u00edcio\",\"item\":\"https:\\\/\\\/cosyart.pt\\\/\"},{\"@type\":\"ListItem\",\"position\":2,\"name\":\"Produtos\",\"item\":\"https:\\\/\\\/cosyart.pt\\\/\"},{\"@type\":\"ListItem\",\"position\":3,\"name\":\"Bolsa com Adesivo e Cabide SORIA\"}]},{\"@type\":\"WebSite\",\"@id\":\"https:\\\/\\\/cosyart.pt\\\/#website\",\"url\":\"https:\\\/\\\/cosyart.pt\\\/\",\"name\":\"Cosyart Produ\u00e7\u00f5es e personaliza\u00e7\u00f5es, atelier de costura, vestu\u00e1rio, artesanato e boutique.\",\"description\":\"Tem fabrico pr\u00f3prio de artigos da marca Cosyart no atelier de costura, mais sublima\u00e7\u00e3o, estampagem, grava\u00e7\u00e3o a laser e bordados.\",\"publisher\":{\"@id\":\"https:\\\/\\\/cosyart.pt\\\/#organization\"},\"potentialAction\":[{\"@type\":\"SearchAction\",\"target\":{\"@type\":\"EntryPoint\",\"urlTemplate\":\"https:\\\/\\\/cosyart.pt\\\/?s={search_term_string}\"},\"query-input\":{\"@type\":\"PropertyValueSpecification\",\"valueRequired\":true,\"valueName\":\"search_term_string\"}}],\"inLanguage\":\"pt-PT\"},{\"@type\":\"Organization\",\"@id\":\"https:\\\/\\\/cosyart.pt\\\/#organization\",\"name\":\"Cosyart Produ\u00e7\u00f5es e personaliza\u00e7\u00f5es, atelier de costura, vestu\u00e1rio, artesanato e boutique.\",\"url\":\"https:\\\/\\\/cosyart.pt\\\/\",\"logo\":{\"@type\":\"ImageObject\",\"inLanguage\":\"pt-PT\",\"@id\":\"https:\\\/\\\/cosyart.pt\\\/#\\\/schema\\\/logo\\\/image\\\/\",\"url\":\"https:\\\/\\\/cosyart.pt\\\/wp-content\\\/uploads\\\/2025\\\/12\\\/Cosyart-Logo.png\",\"contentUrl\":\"https:\\\/\\\/cosyart.pt\\\/wp-content\\\/uploads\\\/2025\\\/12\\\/Cosyart-Logo.png\",\"width\":1022,\"height\":372,\"caption\":\"Cosyart Produ\u00e7\u00f5es e personaliza\u00e7\u00f5es, atelier de costura, vestu\u00e1rio, artesanato e boutique.\"},\"image\":{\"@id\":\"https:\\\/\\\/cosyart.pt\\\/#\\\/schema\\\/logo\\\/image\\\/\"},\"sameAs\":[\"https:\\\/\\\/www.facebook.com\\\/cosyartonline\",\"https:\\\/\\\/www.instagram.com\\\/cosyart\\\/\"]}]}<\/script>\n<!-- \/ Yoast SEO plugin. -->","yoast_head_json":{"title":"Bolsa com Adesivo e Cabide SORIA - Cosyart Produ\u00e7\u00f5es e personaliza\u00e7\u00f5es, atelier de costura, vestu\u00e1rio, artesanato e boutique.","robots":{"index":"index","follow":"follow","max-snippet":"max-snippet:-1","max-image-preview":"max-image-preview:large","max-video-preview":"max-video-preview:-1"},"canonical":"https:\/\/cosyart.pt\/?product=bolsa-com-adesivo-e-cabide-soria","og_locale":"pt_PT","og_type":"article","og_title":"Bolsa com Adesivo e Cabide SORIA - Cosyart Produ\u00e7\u00f5es e personaliza\u00e7\u00f5es, atelier de costura, vestu\u00e1rio, artesanato e boutique.","og_description":"Saco de pl\u00e1stico\u00a0com aba adesiva e cabide. Fabricado em polipropileno transparente. Leve, resistente e recicl\u00e1vel. Incorpora um cabide em parte superior para pendurar em expositores. Aba adesiva em parte superior, logo abaixo do cabide, o que lhe permite fechar o saco removendo a pel\u00edcula protectora do adesivo e manter as pe\u00e7as de vestu\u00e1rio armazenadastem um [&hellip;]","og_url":"https:\/\/cosyart.pt\/?product=bolsa-com-adesivo-e-cabide-soria","og_site_name":"Cosyart Produ\u00e7\u00f5es e personaliza\u00e7\u00f5es, atelier de costura, vestu\u00e1rio, artesanato e boutique.","article_publisher":"https:\/\/www.facebook.com\/cosyartonline","article_modified_time":"2025-11-15T14:26:37+00:00","og_image":[{"width":281,"height":440,"url":"https:\/\/cosyart.pt\/wp-content\/uploads\/2025\/10\/BOVASOR-1.jpg","type":"image\/jpeg"}],"twitter_card":"summary_large_image","schema":{"@context":"https:\/\/schema.org","@graph":[{"@type":"WebPage","@id":"https:\/\/cosyart.pt\/?product=bolsa-com-adesivo-e-cabide-soria","url":"https:\/\/cosyart.pt\/?product=bolsa-com-adesivo-e-cabide-soria","name":"Bolsa com Adesivo e Cabide SORIA - Cosyart Produ\u00e7\u00f5es e personaliza\u00e7\u00f5es, atelier de costura, vestu\u00e1rio, artesanato e boutique.","isPartOf":{"@id":"https:\/\/cosyart.pt\/#website"},"primaryImageOfPage":{"@id":"https:\/\/cosyart.pt\/?product=bolsa-com-adesivo-e-cabide-soria#primaryimage"},"image":{"@id":"https:\/\/cosyart.pt\/?product=bolsa-com-adesivo-e-cabide-soria#primaryimage"},"thumbnailUrl":"https:\/\/cosyart.pt\/wp-content\/uploads\/2025\/10\/BOVASOR-1.jpg","datePublished":"2025-10-13T18:20:34+00:00","dateModified":"2025-11-15T14:26:37+00:00","breadcrumb":{"@id":"https:\/\/cosyart.pt\/?product=bolsa-com-adesivo-e-cabide-soria#breadcrumb"},"inLanguage":"pt-PT","potentialAction":[{"@type":"ReadAction","target":["https:\/\/cosyart.pt\/?product=bolsa-com-adesivo-e-cabide-soria"]}]},{"@type":"ImageObject","inLanguage":"pt-PT","@id":"https:\/\/cosyart.pt\/?product=bolsa-com-adesivo-e-cabide-soria#primaryimage","url":"https:\/\/cosyart.pt\/wp-content\/uploads\/2025\/10\/BOVASOR-1.jpg","contentUrl":"https:\/\/cosyart.pt\/wp-content\/uploads\/2025\/10\/BOVASOR-1.jpg","width":281,"height":440},{"@type":"BreadcrumbList","@id":"https:\/\/cosyart.pt\/?product=bolsa-com-adesivo-e-cabide-soria#breadcrumb","itemListElement":[{"@type":"ListItem","position":1,"name":"In\u00edcio","item":"https:\/\/cosyart.pt\/"},{"@type":"ListItem","position":2,"name":"Produtos","item":"https:\/\/cosyart.pt\/"},{"@type":"ListItem","position":3,"name":"Bolsa com Adesivo e Cabide SORIA"}]},{"@type":"WebSite","@id":"https:\/\/cosyart.pt\/#website","url":"https:\/\/cosyart.pt\/","name":"Cosyart Produ\u00e7\u00f5es e personaliza\u00e7\u00f5es, atelier de costura, vestu\u00e1rio, artesanato e boutique.","description":"Tem fabrico pr\u00f3prio de artigos da marca Cosyart no atelier de costura, mais sublima\u00e7\u00e3o, estampagem, grava\u00e7\u00e3o a laser e bordados.","publisher":{"@id":"https:\/\/cosyart.pt\/#organization"},"potentialAction":[{"@type":"SearchAction","target":{"@type":"EntryPoint","urlTemplate":"https:\/\/cosyart.pt\/?s={search_term_string}"},"query-input":{"@type":"PropertyValueSpecification","valueRequired":true,"valueName":"search_term_string"}}],"inLanguage":"pt-PT"},{"@type":"Organization","@id":"https:\/\/cosyart.pt\/#organization","name":"Cosyart Produ\u00e7\u00f5es e personaliza\u00e7\u00f5es, atelier de costura, vestu\u00e1rio, artesanato e boutique.","url":"https:\/\/cosyart.pt\/","logo":{"@type":"ImageObject","inLanguage":"pt-PT","@id":"https:\/\/cosyart.pt\/#\/schema\/logo\/image\/","url":"https:\/\/cosyart.pt\/wp-content\/uploads\/2025\/12\/Cosyart-Logo.png","contentUrl":"https:\/\/cosyart.pt\/wp-content\/uploads\/2025\/12\/Cosyart-Logo.png","width":1022,"height":372,"caption":"Cosyart Produ\u00e7\u00f5es e personaliza\u00e7\u00f5es, atelier de costura, vestu\u00e1rio, artesanato e boutique."},"image":{"@id":"https:\/\/cosyart.pt\/#\/schema\/logo\/image\/"},"sameAs":["https:\/\/www.facebook.com\/cosyartonline","https:\/\/www.instagram.com\/cosyart\/"]}]}},"_links":{"self":[{"href":"https:\/\/cosyart.pt\/index.php?rest_route=\/wp\/v2\/product\/2793","targetHints":{"allow":["GET"]}}],"collection":[{"href":"https:\/\/cosyart.pt\/index.php?rest_route=\/wp\/v2\/product"}],"about":[{"href":"https:\/\/cosyart.pt\/index.php?rest_route=\/wp\/v2\/types\/product"}],"replies":[{"embeddable":true,"href":"https:\/\/cosyart.pt\/index.php?rest_route=%2Fwp%2Fv2%2Fcomments&post=2793"}],"wp:featuredmedia":[{"embeddable":true,"href":"https:\/\/cosyart.pt\/index.php?rest_route=\/wp\/v2\/media\/2881"}],"wp:attachment":[{"href":"https:\/\/cosyart.pt\/index.php?rest_route=%2Fwp%2Fv2%2Fmedia&parent=2793"}],"wp:term":[{"taxonomy":"product_brand","embeddable":true,"href":"https:\/\/cosyart.pt\/index.php?rest_route=%2Fwp%2Fv2%2Fproduct_brand&post=2793"},{"taxonomy":"product_cat","embeddable":true,"href":"https:\/\/cosyart.pt\/index.php?rest_route=%2Fwp%2Fv2%2Fproduct_cat&post=2793"},{"taxonomy":"product_tag","embeddable":true,"href":"https:\/\/cosyart.pt\/index.php?rest_route=%2Fwp%2Fv2%2Fproduct_tag&post=2793"}],"curies":[{"name":"wp","href":"https:\/\/api.w.org\/{rel}","templated":true}]}}