{"id":2759,"date":"2025-10-13T12:30:42","date_gmt":"2025-10-13T12:30:42","guid":{"rendered":"https:\/\/cosyart.pt\/?post_type=product&#038;p=2759"},"modified":"2025-11-18T16:55:04","modified_gmt":"2025-11-18T16:55:04","slug":"polo-a-v-manga-curta-build","status":"publish","type":"product","link":"https:\/\/cosyart.pt\/?product=polo-a-v-manga-curta-build","title":{"rendered":"Polo A.V Manga Curta Build"},"content":{"rendered":"<ul>\n<li><b>Polo<\/b>\u00a0de\u00a0<b>Alta Visibilidade<\/b>\u00a0de\u00a0<b>manga curta<\/b>.<\/li>\n<li>Confecionado em\u00a0<b>tecido t\u00e9cnico respir\u00e1vel<\/b>\u00a0Move-Dry que facilita a\u00a0<b>secagem r\u00e1pida<\/b>\u00a0e a elimina\u00e7\u00e3o do suor, inclui duas\u00a0<b>fitas retro-refletoras<\/b>\u00a0cosidas no tronco e nas costas que aumentam a visibilidade dos usu\u00e1rios.<\/li>\n<li>Vestu\u00e1rio certificado como EPI categoria II de\u00a0<b>alta visibilidade<\/b>\u00a0de acordo com as normas 13688 e 20471, de classe 1, dura\u00e7\u00e3o m\u00e1xima de 50 lavagens.<\/li>\n<li>Carcela com dois bot\u00f5es \u00e1 cor.<\/li>\n<li>Dupla costura principal que aumenta a sua resist\u00eancia.<\/li>\n<li>M\u00e9todos adequados de marca\u00e7\u00e3o: serigrafia, transfer, bordados, cosidos.<\/li>\n<li>Ideal como\u00a0<b>roupa de trabalho<\/b>\u00a0e\u00a0<b>uniformes profissionais<\/b>.<\/li>\n<\/ul>\n<p><strong>Composi\u00e7\u00e3o<\/strong><\/p>\n<p>Fibra t\u00eaxtil de origem sint\u00e9tica, resistente, duradoura e respir\u00e1vel. POLI\u00e9STER 100% Indica o valor do peso do tecido principal ou a soma de v\u00e1rios tecidos numa superf\u00edcie, expresso em gramas por metro quadrado. DENSIDADE 160 g\/m2<\/p>\n<p><strong>Caracter\u00edsticas<\/strong><\/p>\n<div class=\"icono\">\n<div class=\"tooltip\"><img decoding=\"async\" src=\"https:\/\/www.valento.es\/images_valento\/legends\/CERTIFICACION\/Certified_20471_1.jpg\" alt=\"Artigo certificado como EPI conforme a norma EN 20471 \u2013 Roupa de alta visibilidade, classe 1.\" \/><\/div>\n<p class=\"valor\">20471-1<\/p>\n<\/div>\n<div class=\"icono\">\n<div class=\"tooltip\"><img decoding=\"async\" src=\"https:\/\/www.valento.es\/images_valento\/legends\/PROPIEDAD\/dry.jpg\" alt=\"Propriedades de um tecido que facilitam a secagem r\u00e1pida e a transpira\u00e7\u00e3o, gra\u00e7as \u00e0 sua estrutura.\" \/><\/div>\n<p class=\"valor\">SEC. R\u00e1PIDO<\/p>\n<\/div>\n","protected":false},"excerpt":{"rendered":"<ul>\n<li><b>Polo<\/b>\u00a0de\u00a0<b>Alta Visibilidade<\/b>\u00a0de\u00a0<b>manga curta<\/b>.<\/li>\n<li>Ideal como\u00a0<b>roupa de trabalho<\/b>\u00a0e\u00a0<b>uniformes profissionais<\/b>.<\/li>\n<\/ul>\n<p>Complemento Cal\u00e7as A.V. TRAIN.<\/p>\n","protected":false},"featured_media":2760,"comment_status":"open","ping_status":"open","template":"","meta":[],"product_brand":[],"product_cat":[343,105],"product_tag":[],"class_list":{"0":"post-2759","1":"product","2":"type-product","3":"status-publish","4":"has-post-thumbnail","6":"product_cat-uniformemasculino","7":"product_cat-uniformes","8":"pa_cor-amarelo-fluorescente","9":"pa_cor-amarelo-fluorescente-azul-azulino","10":"pa_cor-amarelo-fluorescente-azul-marinho-orion","11":"pa_cor-amarelo-fluorescente-cinza-carvao","12":"pa_cor-amarelo-fluorescente-grena-magno","13":"pa_cor-amarelo-fluorescente-preto","14":"pa_cor-amarelo-fluorescente-verde-amazonas","15":"pa_cor-amarelo-fluorescente-verde-garrafa","16":"pa_cor-amarelo-fluorescente-verde-maca","17":"pa_cor-amarelo-fluorescente-vermelho-lotus","18":"pa_cor-laranja-fluorecente","19":"pa_cor-laranja-fluorescente-azul-marinho-orion","20":"pa_tamanho-3xl","21":"pa_tamanho-l","22":"pa_tamanho-m","23":"pa_tamanho-s","24":"pa_tamanho-xl","25":"pa_tamanho-xxl","27":"first","28":"instock","29":"taxable","30":"shipping-taxable","31":"purchasable","32":"product-type-variable"},"yoast_head":"<!-- This site is optimized with the Yoast SEO plugin v27.4 - https:\/\/yoast.com\/product\/yoast-seo-wordpress\/ -->\n<title>Polo A.V Manga Curta Build - Cosyart Produ\u00e7\u00f5es e personaliza\u00e7\u00f5es, atelier de costura, vestu\u00e1rio, artesanato e boutique.<\/title>\n<meta name=\"robots\" content=\"index, follow, max-snippet:-1, max-image-preview:large, max-video-preview:-1\" \/>\n<link rel=\"canonical\" href=\"https:\/\/cosyart.pt\/?product=polo-a-v-manga-curta-build\" \/>\n<meta property=\"og:locale\" content=\"pt_PT\" \/>\n<meta property=\"og:type\" content=\"article\" \/>\n<meta property=\"og:title\" content=\"Polo A.V Manga Curta Build - Cosyart Produ\u00e7\u00f5es e personaliza\u00e7\u00f5es, atelier de costura, vestu\u00e1rio, artesanato e boutique.\" \/>\n<meta property=\"og:description\" content=\"Polo\u00a0de\u00a0Alta Visibilidade\u00a0de\u00a0manga curta.  Ideal como\u00a0roupa de trabalho\u00a0e\u00a0uniformes profissionais.  Complemento Cal\u00e7as A.V. TRAIN.\" \/>\n<meta property=\"og:url\" content=\"https:\/\/cosyart.pt\/?product=polo-a-v-manga-curta-build\" \/>\n<meta property=\"og:site_name\" content=\"Cosyart Produ\u00e7\u00f5es e personaliza\u00e7\u00f5es, atelier de costura, vestu\u00e1rio, artesanato e boutique.\" \/>\n<meta property=\"article:publisher\" content=\"https:\/\/www.facebook.com\/cosyartonline\" \/>\n<meta property=\"article:modified_time\" content=\"2025-11-18T16:55:04+00:00\" \/>\n<meta property=\"og:image\" content=\"https:\/\/cosyart.pt\/wp-content\/uploads\/2025\/10\/Polo-A.V.-MC-BUILD.jpg\" \/>\n\t<meta property=\"og:image:width\" content=\"1000\" \/>\n\t<meta property=\"og:image:height\" content=\"1506\" \/>\n\t<meta property=\"og:image:type\" content=\"image\/jpeg\" \/>\n<meta name=\"twitter:card\" content=\"summary_large_image\" \/>\n<meta name=\"twitter:label1\" content=\"Tempo estimado de leitura\" \/>\n\t<meta name=\"twitter:data1\" content=\"1 minuto\" \/>\n<script type=\"application\/ld+json\" class=\"yoast-schema-graph\">{\"@context\":\"https:\\\/\\\/schema.org\",\"@graph\":[{\"@type\":\"WebPage\",\"@id\":\"https:\\\/\\\/cosyart.pt\\\/?product=polo-a-v-manga-curta-build\",\"url\":\"https:\\\/\\\/cosyart.pt\\\/?product=polo-a-v-manga-curta-build\",\"name\":\"Polo A.V Manga Curta Build - Cosyart Produ\u00e7\u00f5es e personaliza\u00e7\u00f5es, atelier de costura, vestu\u00e1rio, artesanato e boutique.\",\"isPartOf\":{\"@id\":\"https:\\\/\\\/cosyart.pt\\\/#website\"},\"primaryImageOfPage\":{\"@id\":\"https:\\\/\\\/cosyart.pt\\\/?product=polo-a-v-manga-curta-build#primaryimage\"},\"image\":{\"@id\":\"https:\\\/\\\/cosyart.pt\\\/?product=polo-a-v-manga-curta-build#primaryimage\"},\"thumbnailUrl\":\"https:\\\/\\\/cosyart.pt\\\/wp-content\\\/uploads\\\/2025\\\/10\\\/Polo-A.V.-MC-BUILD.jpg\",\"datePublished\":\"2025-10-13T12:30:42+00:00\",\"dateModified\":\"2025-11-18T16:55:04+00:00\",\"breadcrumb\":{\"@id\":\"https:\\\/\\\/cosyart.pt\\\/?product=polo-a-v-manga-curta-build#breadcrumb\"},\"inLanguage\":\"pt-PT\",\"potentialAction\":[{\"@type\":\"ReadAction\",\"target\":[\"https:\\\/\\\/cosyart.pt\\\/?product=polo-a-v-manga-curta-build\"]}]},{\"@type\":\"ImageObject\",\"inLanguage\":\"pt-PT\",\"@id\":\"https:\\\/\\\/cosyart.pt\\\/?product=polo-a-v-manga-curta-build#primaryimage\",\"url\":\"https:\\\/\\\/cosyart.pt\\\/wp-content\\\/uploads\\\/2025\\\/10\\\/Polo-A.V.-MC-BUILD.jpg\",\"contentUrl\":\"https:\\\/\\\/cosyart.pt\\\/wp-content\\\/uploads\\\/2025\\\/10\\\/Polo-A.V.-MC-BUILD.jpg\",\"width\":1000,\"height\":1506},{\"@type\":\"BreadcrumbList\",\"@id\":\"https:\\\/\\\/cosyart.pt\\\/?product=polo-a-v-manga-curta-build#breadcrumb\",\"itemListElement\":[{\"@type\":\"ListItem\",\"position\":1,\"name\":\"In\u00edcio\",\"item\":\"https:\\\/\\\/cosyart.pt\\\/\"},{\"@type\":\"ListItem\",\"position\":2,\"name\":\"Produtos\",\"item\":\"https:\\\/\\\/cosyart.pt\\\/\"},{\"@type\":\"ListItem\",\"position\":3,\"name\":\"Polo A.V Manga Curta Build\"}]},{\"@type\":\"WebSite\",\"@id\":\"https:\\\/\\\/cosyart.pt\\\/#website\",\"url\":\"https:\\\/\\\/cosyart.pt\\\/\",\"name\":\"Cosyart Produ\u00e7\u00f5es e personaliza\u00e7\u00f5es, atelier de costura, vestu\u00e1rio, artesanato e boutique.\",\"description\":\"Tem fabrico pr\u00f3prio de artigos da marca Cosyart no atelier de costura, mais sublima\u00e7\u00e3o, estampagem, grava\u00e7\u00e3o a laser e bordados.\",\"publisher\":{\"@id\":\"https:\\\/\\\/cosyart.pt\\\/#organization\"},\"potentialAction\":[{\"@type\":\"SearchAction\",\"target\":{\"@type\":\"EntryPoint\",\"urlTemplate\":\"https:\\\/\\\/cosyart.pt\\\/?s={search_term_string}\"},\"query-input\":{\"@type\":\"PropertyValueSpecification\",\"valueRequired\":true,\"valueName\":\"search_term_string\"}}],\"inLanguage\":\"pt-PT\"},{\"@type\":\"Organization\",\"@id\":\"https:\\\/\\\/cosyart.pt\\\/#organization\",\"name\":\"Cosyart Produ\u00e7\u00f5es e personaliza\u00e7\u00f5es, atelier de costura, vestu\u00e1rio, artesanato e boutique.\",\"url\":\"https:\\\/\\\/cosyart.pt\\\/\",\"logo\":{\"@type\":\"ImageObject\",\"inLanguage\":\"pt-PT\",\"@id\":\"https:\\\/\\\/cosyart.pt\\\/#\\\/schema\\\/logo\\\/image\\\/\",\"url\":\"https:\\\/\\\/cosyart.pt\\\/wp-content\\\/uploads\\\/2025\\\/12\\\/Cosyart-Logo.png\",\"contentUrl\":\"https:\\\/\\\/cosyart.pt\\\/wp-content\\\/uploads\\\/2025\\\/12\\\/Cosyart-Logo.png\",\"width\":1022,\"height\":372,\"caption\":\"Cosyart Produ\u00e7\u00f5es e personaliza\u00e7\u00f5es, atelier de costura, vestu\u00e1rio, artesanato e boutique.\"},\"image\":{\"@id\":\"https:\\\/\\\/cosyart.pt\\\/#\\\/schema\\\/logo\\\/image\\\/\"},\"sameAs\":[\"https:\\\/\\\/www.facebook.com\\\/cosyartonline\",\"https:\\\/\\\/www.instagram.com\\\/cosyart\\\/\"]}]}<\/script>\n<!-- \/ Yoast SEO plugin. -->","yoast_head_json":{"title":"Polo A.V Manga Curta Build - Cosyart Produ\u00e7\u00f5es e personaliza\u00e7\u00f5es, atelier de costura, vestu\u00e1rio, artesanato e boutique.","robots":{"index":"index","follow":"follow","max-snippet":"max-snippet:-1","max-image-preview":"max-image-preview:large","max-video-preview":"max-video-preview:-1"},"canonical":"https:\/\/cosyart.pt\/?product=polo-a-v-manga-curta-build","og_locale":"pt_PT","og_type":"article","og_title":"Polo A.V Manga Curta Build - Cosyart Produ\u00e7\u00f5es e personaliza\u00e7\u00f5es, atelier de costura, vestu\u00e1rio, artesanato e boutique.","og_description":"Polo\u00a0de\u00a0Alta Visibilidade\u00a0de\u00a0manga curta.  Ideal como\u00a0roupa de trabalho\u00a0e\u00a0uniformes profissionais.  Complemento Cal\u00e7as A.V. TRAIN.","og_url":"https:\/\/cosyart.pt\/?product=polo-a-v-manga-curta-build","og_site_name":"Cosyart Produ\u00e7\u00f5es e personaliza\u00e7\u00f5es, atelier de costura, vestu\u00e1rio, artesanato e boutique.","article_publisher":"https:\/\/www.facebook.com\/cosyartonline","article_modified_time":"2025-11-18T16:55:04+00:00","og_image":[{"width":1000,"height":1506,"url":"https:\/\/cosyart.pt\/wp-content\/uploads\/2025\/10\/Polo-A.V.-MC-BUILD.jpg","type":"image\/jpeg"}],"twitter_card":"summary_large_image","twitter_misc":{"Tempo estimado de leitura":"1 minuto"},"schema":{"@context":"https:\/\/schema.org","@graph":[{"@type":"WebPage","@id":"https:\/\/cosyart.pt\/?product=polo-a-v-manga-curta-build","url":"https:\/\/cosyart.pt\/?product=polo-a-v-manga-curta-build","name":"Polo A.V Manga Curta Build - Cosyart Produ\u00e7\u00f5es e personaliza\u00e7\u00f5es, atelier de costura, vestu\u00e1rio, artesanato e boutique.","isPartOf":{"@id":"https:\/\/cosyart.pt\/#website"},"primaryImageOfPage":{"@id":"https:\/\/cosyart.pt\/?product=polo-a-v-manga-curta-build#primaryimage"},"image":{"@id":"https:\/\/cosyart.pt\/?product=polo-a-v-manga-curta-build#primaryimage"},"thumbnailUrl":"https:\/\/cosyart.pt\/wp-content\/uploads\/2025\/10\/Polo-A.V.-MC-BUILD.jpg","datePublished":"2025-10-13T12:30:42+00:00","dateModified":"2025-11-18T16:55:04+00:00","breadcrumb":{"@id":"https:\/\/cosyart.pt\/?product=polo-a-v-manga-curta-build#breadcrumb"},"inLanguage":"pt-PT","potentialAction":[{"@type":"ReadAction","target":["https:\/\/cosyart.pt\/?product=polo-a-v-manga-curta-build"]}]},{"@type":"ImageObject","inLanguage":"pt-PT","@id":"https:\/\/cosyart.pt\/?product=polo-a-v-manga-curta-build#primaryimage","url":"https:\/\/cosyart.pt\/wp-content\/uploads\/2025\/10\/Polo-A.V.-MC-BUILD.jpg","contentUrl":"https:\/\/cosyart.pt\/wp-content\/uploads\/2025\/10\/Polo-A.V.-MC-BUILD.jpg","width":1000,"height":1506},{"@type":"BreadcrumbList","@id":"https:\/\/cosyart.pt\/?product=polo-a-v-manga-curta-build#breadcrumb","itemListElement":[{"@type":"ListItem","position":1,"name":"In\u00edcio","item":"https:\/\/cosyart.pt\/"},{"@type":"ListItem","position":2,"name":"Produtos","item":"https:\/\/cosyart.pt\/"},{"@type":"ListItem","position":3,"name":"Polo A.V Manga Curta Build"}]},{"@type":"WebSite","@id":"https:\/\/cosyart.pt\/#website","url":"https:\/\/cosyart.pt\/","name":"Cosyart Produ\u00e7\u00f5es e personaliza\u00e7\u00f5es, atelier de costura, vestu\u00e1rio, artesanato e boutique.","description":"Tem fabrico pr\u00f3prio de artigos da marca Cosyart no atelier de costura, mais sublima\u00e7\u00e3o, estampagem, grava\u00e7\u00e3o a laser e bordados.","publisher":{"@id":"https:\/\/cosyart.pt\/#organization"},"potentialAction":[{"@type":"SearchAction","target":{"@type":"EntryPoint","urlTemplate":"https:\/\/cosyart.pt\/?s={search_term_string}"},"query-input":{"@type":"PropertyValueSpecification","valueRequired":true,"valueName":"search_term_string"}}],"inLanguage":"pt-PT"},{"@type":"Organization","@id":"https:\/\/cosyart.pt\/#organization","name":"Cosyart Produ\u00e7\u00f5es e personaliza\u00e7\u00f5es, atelier de costura, vestu\u00e1rio, artesanato e boutique.","url":"https:\/\/cosyart.pt\/","logo":{"@type":"ImageObject","inLanguage":"pt-PT","@id":"https:\/\/cosyart.pt\/#\/schema\/logo\/image\/","url":"https:\/\/cosyart.pt\/wp-content\/uploads\/2025\/12\/Cosyart-Logo.png","contentUrl":"https:\/\/cosyart.pt\/wp-content\/uploads\/2025\/12\/Cosyart-Logo.png","width":1022,"height":372,"caption":"Cosyart Produ\u00e7\u00f5es e personaliza\u00e7\u00f5es, atelier de costura, vestu\u00e1rio, artesanato e boutique."},"image":{"@id":"https:\/\/cosyart.pt\/#\/schema\/logo\/image\/"},"sameAs":["https:\/\/www.facebook.com\/cosyartonline","https:\/\/www.instagram.com\/cosyart\/"]}]}},"_links":{"self":[{"href":"https:\/\/cosyart.pt\/index.php?rest_route=\/wp\/v2\/product\/2759","targetHints":{"allow":["GET"]}}],"collection":[{"href":"https:\/\/cosyart.pt\/index.php?rest_route=\/wp\/v2\/product"}],"about":[{"href":"https:\/\/cosyart.pt\/index.php?rest_route=\/wp\/v2\/types\/product"}],"replies":[{"embeddable":true,"href":"https:\/\/cosyart.pt\/index.php?rest_route=%2Fwp%2Fv2%2Fcomments&post=2759"}],"wp:featuredmedia":[{"embeddable":true,"href":"https:\/\/cosyart.pt\/index.php?rest_route=\/wp\/v2\/media\/2760"}],"wp:attachment":[{"href":"https:\/\/cosyart.pt\/index.php?rest_route=%2Fwp%2Fv2%2Fmedia&parent=2759"}],"wp:term":[{"taxonomy":"product_brand","embeddable":true,"href":"https:\/\/cosyart.pt\/index.php?rest_route=%2Fwp%2Fv2%2Fproduct_brand&post=2759"},{"taxonomy":"product_cat","embeddable":true,"href":"https:\/\/cosyart.pt\/index.php?rest_route=%2Fwp%2Fv2%2Fproduct_cat&post=2759"},{"taxonomy":"product_tag","embeddable":true,"href":"https:\/\/cosyart.pt\/index.php?rest_route=%2Fwp%2Fv2%2Fproduct_tag&post=2759"}],"curies":[{"name":"wp","href":"https:\/\/api.w.org\/{rel}","templated":true}]}}