{"id":1577,"date":"2025-10-09T13:49:10","date_gmt":"2025-10-09T13:49:10","guid":{"rendered":"https:\/\/cosyart.pt\/?post_type=product&#038;p=1577"},"modified":"2025-11-18T16:59:31","modified_gmt":"2025-11-18T16:59:31","slug":"polo-a-v-m-curta-delaware","status":"publish","type":"product","link":"https:\/\/cosyart.pt\/?product=polo-a-v-m-curta-delaware","title":{"rendered":"Polo A.V. M\/Curta DELAWARE"},"content":{"rendered":"<ul>\n<li><b>Polo<\/b>\u00a0<b>bicolor<\/b>\u00a0de\u00a0<b>Alta Visibilidade<\/b>\u00a0com\u00a0<b>manga curta<\/b>\u00a0e\u00a0<b>bolso<\/b>.<\/li>\n<li>Confecionado em\u00a0<b>tecido t\u00e9cnico respir\u00e1vel<\/b>\u00a0pique\u00a0<b>100% poli\u00e9ster<\/b>\u00a0que facilita a\u00a0<b>secagem r\u00e1pida<\/b>\u00a0e a elimina\u00e7\u00e3o do suor, com duas\u00a0<b>fitas retro-refletoras<\/b>\u00a0el\u00e1sticas termo-fixadas no tronco e nas costas, para maior seguran\u00e7a sem perder a liberdade de movimento.<\/li>\n<li>Vestu\u00e1rio certificadO como EPI de\u00a0<b>Alta Visibilidade<\/b>\u00a0de Categoria II, de acordo com as normas 13688 e 20471, classe 1, dura\u00e7\u00e3o m\u00e1xima de 50 lavagens.<\/li>\n<li>Gola e acabamento das mangas em tricot com cores contrastantes, carcela com dois bot\u00f5es \u00e1 cor e fita interior na gola que refor\u00e7a e mant\u00e9m sua estrutura.<\/li>\n<li><b>Bolso<\/b>\u00a0refor\u00e7ado no lado esquerdo do peito para manter tudo acess\u00edvel e para real\u00e7ar a marca.<\/li>\n<li>M\u00e9todos adequados de marca\u00e7\u00e3o: serigrafia, transfer, bordados, cosidos.<\/li>\n<li>Ideal como\u00a0<b>roupa de trabalho<\/b>\u00a0e\u00a0<b>uniformes profissionais<\/b>.<\/li>\n<\/ul>\n","protected":false},"excerpt":{"rendered":"<p>Polo\u00a0bicolor\u00a0de\u00a0Alta Visibilidade\u00a0com\u00a0manga curta\u00a0e\u00a0bolso. Ideal como roupa de trabalho\u00a0e\u00a0uniformes profissionais.<\/p>\n","protected":false},"featured_media":1588,"comment_status":"open","ping_status":"open","template":"","meta":[],"product_brand":[],"product_cat":[343,105],"product_tag":[],"class_list":{"0":"post-1577","1":"product","2":"type-product","3":"status-publish","4":"has-post-thumbnail","6":"product_cat-uniformemasculino","7":"product_cat-uniformes","8":"pa_cor-amarelo-fluorescente-azul-azulino","9":"pa_cor-amarelo-fluorescente-azul-marinho-orion","10":"pa_cor-amarelo-fluorescente-azul-porto","11":"pa_cor-amarelo-fluorescente-azul-tropical","12":"pa_cor-amarelo-fluorescente-cinza-carvao","13":"pa_cor-amarelo-fluorescente-cinza-cimento","14":"pa_cor-amarelo-fluorescente-grena-magno","15":"pa_cor-amarelo-fluorescente-preto","16":"pa_cor-amarelo-fluorescente-verde-amazonas","17":"pa_cor-amarelo-fluorescente-verde-garrafa","18":"pa_cor-amarelo-fluorescente-verde-kelly","19":"pa_cor-amarelo-fluorescente-verde-maca","20":"pa_cor-amarelo-fluorescente-verde-militar","21":"pa_cor-amarelo-fluorescente-vermelho-lotus","22":"pa_cor-laranja-fluorescente-azul-marinho-orion","23":"pa_cor-laranja-fluorescente-cinza-carvao","24":"pa_tamanho-3xl","25":"pa_tamanho-l","26":"pa_tamanho-m","27":"pa_tamanho-s","28":"pa_tamanho-xl","29":"pa_tamanho-xxl","31":"first","32":"instock","33":"taxable","34":"shipping-taxable","35":"purchasable","36":"product-type-variable"},"yoast_head":"<!-- This site is optimized with the Yoast SEO plugin v27.4 - https:\/\/yoast.com\/product\/yoast-seo-wordpress\/ -->\n<title>Polo A.V. M\/Curta DELAWARE - Cosyart Produ\u00e7\u00f5es e personaliza\u00e7\u00f5es, atelier de costura, vestu\u00e1rio, artesanato e boutique.<\/title>\n<meta name=\"robots\" content=\"index, follow, max-snippet:-1, max-image-preview:large, max-video-preview:-1\" \/>\n<link rel=\"canonical\" href=\"https:\/\/cosyart.pt\/?product=polo-a-v-m-curta-delaware\" \/>\n<meta property=\"og:locale\" content=\"pt_PT\" \/>\n<meta property=\"og:type\" content=\"article\" \/>\n<meta property=\"og:title\" content=\"Polo A.V. M\/Curta DELAWARE - Cosyart Produ\u00e7\u00f5es e personaliza\u00e7\u00f5es, atelier de costura, vestu\u00e1rio, artesanato e boutique.\" \/>\n<meta property=\"og:description\" content=\"Polo\u00a0bicolor\u00a0de\u00a0Alta Visibilidade\u00a0com\u00a0manga curta\u00a0e\u00a0bolso. Ideal como roupa de trabalho\u00a0e\u00a0uniformes profissionais.\" \/>\n<meta property=\"og:url\" content=\"https:\/\/cosyart.pt\/?product=polo-a-v-m-curta-delaware\" \/>\n<meta property=\"og:site_name\" content=\"Cosyart Produ\u00e7\u00f5es e personaliza\u00e7\u00f5es, atelier de costura, vestu\u00e1rio, artesanato e boutique.\" \/>\n<meta property=\"article:publisher\" content=\"https:\/\/www.facebook.com\/cosyartonline\" \/>\n<meta property=\"article:modified_time\" content=\"2025-11-18T16:59:31+00:00\" \/>\n<meta property=\"og:image\" content=\"https:\/\/cosyart.pt\/wp-content\/uploads\/2025\/10\/POVADEL.jpg\" \/>\n\t<meta property=\"og:image:width\" content=\"293\" \/>\n\t<meta property=\"og:image:height\" content=\"440\" \/>\n\t<meta property=\"og:image:type\" content=\"image\/jpeg\" \/>\n<meta name=\"twitter:card\" content=\"summary_large_image\" \/>\n<meta name=\"twitter:label1\" content=\"Tempo estimado de leitura\" \/>\n\t<meta name=\"twitter:data1\" content=\"1 minuto\" \/>\n<script type=\"application\/ld+json\" class=\"yoast-schema-graph\">{\"@context\":\"https:\\\/\\\/schema.org\",\"@graph\":[{\"@type\":\"WebPage\",\"@id\":\"https:\\\/\\\/cosyart.pt\\\/?product=polo-a-v-m-curta-delaware\",\"url\":\"https:\\\/\\\/cosyart.pt\\\/?product=polo-a-v-m-curta-delaware\",\"name\":\"Polo A.V. M\\\/Curta DELAWARE - Cosyart Produ\u00e7\u00f5es e personaliza\u00e7\u00f5es, atelier de costura, vestu\u00e1rio, artesanato e boutique.\",\"isPartOf\":{\"@id\":\"https:\\\/\\\/cosyart.pt\\\/#website\"},\"primaryImageOfPage\":{\"@id\":\"https:\\\/\\\/cosyart.pt\\\/?product=polo-a-v-m-curta-delaware#primaryimage\"},\"image\":{\"@id\":\"https:\\\/\\\/cosyart.pt\\\/?product=polo-a-v-m-curta-delaware#primaryimage\"},\"thumbnailUrl\":\"https:\\\/\\\/cosyart.pt\\\/wp-content\\\/uploads\\\/2025\\\/10\\\/POVADEL.jpg\",\"datePublished\":\"2025-10-09T13:49:10+00:00\",\"dateModified\":\"2025-11-18T16:59:31+00:00\",\"breadcrumb\":{\"@id\":\"https:\\\/\\\/cosyart.pt\\\/?product=polo-a-v-m-curta-delaware#breadcrumb\"},\"inLanguage\":\"pt-PT\",\"potentialAction\":[{\"@type\":\"ReadAction\",\"target\":[\"https:\\\/\\\/cosyart.pt\\\/?product=polo-a-v-m-curta-delaware\"]}]},{\"@type\":\"ImageObject\",\"inLanguage\":\"pt-PT\",\"@id\":\"https:\\\/\\\/cosyart.pt\\\/?product=polo-a-v-m-curta-delaware#primaryimage\",\"url\":\"https:\\\/\\\/cosyart.pt\\\/wp-content\\\/uploads\\\/2025\\\/10\\\/POVADEL.jpg\",\"contentUrl\":\"https:\\\/\\\/cosyart.pt\\\/wp-content\\\/uploads\\\/2025\\\/10\\\/POVADEL.jpg\",\"width\":293,\"height\":440},{\"@type\":\"BreadcrumbList\",\"@id\":\"https:\\\/\\\/cosyart.pt\\\/?product=polo-a-v-m-curta-delaware#breadcrumb\",\"itemListElement\":[{\"@type\":\"ListItem\",\"position\":1,\"name\":\"In\u00edcio\",\"item\":\"https:\\\/\\\/cosyart.pt\\\/\"},{\"@type\":\"ListItem\",\"position\":2,\"name\":\"Produtos\",\"item\":\"https:\\\/\\\/cosyart.pt\\\/\"},{\"@type\":\"ListItem\",\"position\":3,\"name\":\"Polo A.V. M\\\/Curta DELAWARE\"}]},{\"@type\":\"WebSite\",\"@id\":\"https:\\\/\\\/cosyart.pt\\\/#website\",\"url\":\"https:\\\/\\\/cosyart.pt\\\/\",\"name\":\"Cosyart Produ\u00e7\u00f5es e personaliza\u00e7\u00f5es, atelier de costura, vestu\u00e1rio, artesanato e boutique.\",\"description\":\"Tem fabrico pr\u00f3prio de artigos da marca Cosyart no atelier de costura, mais sublima\u00e7\u00e3o, estampagem, grava\u00e7\u00e3o a laser e bordados.\",\"publisher\":{\"@id\":\"https:\\\/\\\/cosyart.pt\\\/#organization\"},\"potentialAction\":[{\"@type\":\"SearchAction\",\"target\":{\"@type\":\"EntryPoint\",\"urlTemplate\":\"https:\\\/\\\/cosyart.pt\\\/?s={search_term_string}\"},\"query-input\":{\"@type\":\"PropertyValueSpecification\",\"valueRequired\":true,\"valueName\":\"search_term_string\"}}],\"inLanguage\":\"pt-PT\"},{\"@type\":\"Organization\",\"@id\":\"https:\\\/\\\/cosyart.pt\\\/#organization\",\"name\":\"Cosyart Produ\u00e7\u00f5es e personaliza\u00e7\u00f5es, atelier de costura, vestu\u00e1rio, artesanato e boutique.\",\"url\":\"https:\\\/\\\/cosyart.pt\\\/\",\"logo\":{\"@type\":\"ImageObject\",\"inLanguage\":\"pt-PT\",\"@id\":\"https:\\\/\\\/cosyart.pt\\\/#\\\/schema\\\/logo\\\/image\\\/\",\"url\":\"https:\\\/\\\/cosyart.pt\\\/wp-content\\\/uploads\\\/2025\\\/12\\\/Cosyart-Logo.png\",\"contentUrl\":\"https:\\\/\\\/cosyart.pt\\\/wp-content\\\/uploads\\\/2025\\\/12\\\/Cosyart-Logo.png\",\"width\":1022,\"height\":372,\"caption\":\"Cosyart Produ\u00e7\u00f5es e personaliza\u00e7\u00f5es, atelier de costura, vestu\u00e1rio, artesanato e boutique.\"},\"image\":{\"@id\":\"https:\\\/\\\/cosyart.pt\\\/#\\\/schema\\\/logo\\\/image\\\/\"},\"sameAs\":[\"https:\\\/\\\/www.facebook.com\\\/cosyartonline\",\"https:\\\/\\\/www.instagram.com\\\/cosyart\\\/\"]}]}<\/script>\n<!-- \/ Yoast SEO plugin. -->","yoast_head_json":{"title":"Polo A.V. M\/Curta DELAWARE - Cosyart Produ\u00e7\u00f5es e personaliza\u00e7\u00f5es, atelier de costura, vestu\u00e1rio, artesanato e boutique.","robots":{"index":"index","follow":"follow","max-snippet":"max-snippet:-1","max-image-preview":"max-image-preview:large","max-video-preview":"max-video-preview:-1"},"canonical":"https:\/\/cosyart.pt\/?product=polo-a-v-m-curta-delaware","og_locale":"pt_PT","og_type":"article","og_title":"Polo A.V. M\/Curta DELAWARE - Cosyart Produ\u00e7\u00f5es e personaliza\u00e7\u00f5es, atelier de costura, vestu\u00e1rio, artesanato e boutique.","og_description":"Polo\u00a0bicolor\u00a0de\u00a0Alta Visibilidade\u00a0com\u00a0manga curta\u00a0e\u00a0bolso. Ideal como roupa de trabalho\u00a0e\u00a0uniformes profissionais.","og_url":"https:\/\/cosyart.pt\/?product=polo-a-v-m-curta-delaware","og_site_name":"Cosyart Produ\u00e7\u00f5es e personaliza\u00e7\u00f5es, atelier de costura, vestu\u00e1rio, artesanato e boutique.","article_publisher":"https:\/\/www.facebook.com\/cosyartonline","article_modified_time":"2025-11-18T16:59:31+00:00","og_image":[{"width":293,"height":440,"url":"https:\/\/cosyart.pt\/wp-content\/uploads\/2025\/10\/POVADEL.jpg","type":"image\/jpeg"}],"twitter_card":"summary_large_image","twitter_misc":{"Tempo estimado de leitura":"1 minuto"},"schema":{"@context":"https:\/\/schema.org","@graph":[{"@type":"WebPage","@id":"https:\/\/cosyart.pt\/?product=polo-a-v-m-curta-delaware","url":"https:\/\/cosyart.pt\/?product=polo-a-v-m-curta-delaware","name":"Polo A.V. M\/Curta DELAWARE - Cosyart Produ\u00e7\u00f5es e personaliza\u00e7\u00f5es, atelier de costura, vestu\u00e1rio, artesanato e boutique.","isPartOf":{"@id":"https:\/\/cosyart.pt\/#website"},"primaryImageOfPage":{"@id":"https:\/\/cosyart.pt\/?product=polo-a-v-m-curta-delaware#primaryimage"},"image":{"@id":"https:\/\/cosyart.pt\/?product=polo-a-v-m-curta-delaware#primaryimage"},"thumbnailUrl":"https:\/\/cosyart.pt\/wp-content\/uploads\/2025\/10\/POVADEL.jpg","datePublished":"2025-10-09T13:49:10+00:00","dateModified":"2025-11-18T16:59:31+00:00","breadcrumb":{"@id":"https:\/\/cosyart.pt\/?product=polo-a-v-m-curta-delaware#breadcrumb"},"inLanguage":"pt-PT","potentialAction":[{"@type":"ReadAction","target":["https:\/\/cosyart.pt\/?product=polo-a-v-m-curta-delaware"]}]},{"@type":"ImageObject","inLanguage":"pt-PT","@id":"https:\/\/cosyart.pt\/?product=polo-a-v-m-curta-delaware#primaryimage","url":"https:\/\/cosyart.pt\/wp-content\/uploads\/2025\/10\/POVADEL.jpg","contentUrl":"https:\/\/cosyart.pt\/wp-content\/uploads\/2025\/10\/POVADEL.jpg","width":293,"height":440},{"@type":"BreadcrumbList","@id":"https:\/\/cosyart.pt\/?product=polo-a-v-m-curta-delaware#breadcrumb","itemListElement":[{"@type":"ListItem","position":1,"name":"In\u00edcio","item":"https:\/\/cosyart.pt\/"},{"@type":"ListItem","position":2,"name":"Produtos","item":"https:\/\/cosyart.pt\/"},{"@type":"ListItem","position":3,"name":"Polo A.V. M\/Curta DELAWARE"}]},{"@type":"WebSite","@id":"https:\/\/cosyart.pt\/#website","url":"https:\/\/cosyart.pt\/","name":"Cosyart Produ\u00e7\u00f5es e personaliza\u00e7\u00f5es, atelier de costura, vestu\u00e1rio, artesanato e boutique.","description":"Tem fabrico pr\u00f3prio de artigos da marca Cosyart no atelier de costura, mais sublima\u00e7\u00e3o, estampagem, grava\u00e7\u00e3o a laser e bordados.","publisher":{"@id":"https:\/\/cosyart.pt\/#organization"},"potentialAction":[{"@type":"SearchAction","target":{"@type":"EntryPoint","urlTemplate":"https:\/\/cosyart.pt\/?s={search_term_string}"},"query-input":{"@type":"PropertyValueSpecification","valueRequired":true,"valueName":"search_term_string"}}],"inLanguage":"pt-PT"},{"@type":"Organization","@id":"https:\/\/cosyart.pt\/#organization","name":"Cosyart Produ\u00e7\u00f5es e personaliza\u00e7\u00f5es, atelier de costura, vestu\u00e1rio, artesanato e boutique.","url":"https:\/\/cosyart.pt\/","logo":{"@type":"ImageObject","inLanguage":"pt-PT","@id":"https:\/\/cosyart.pt\/#\/schema\/logo\/image\/","url":"https:\/\/cosyart.pt\/wp-content\/uploads\/2025\/12\/Cosyart-Logo.png","contentUrl":"https:\/\/cosyart.pt\/wp-content\/uploads\/2025\/12\/Cosyart-Logo.png","width":1022,"height":372,"caption":"Cosyart Produ\u00e7\u00f5es e personaliza\u00e7\u00f5es, atelier de costura, vestu\u00e1rio, artesanato e boutique."},"image":{"@id":"https:\/\/cosyart.pt\/#\/schema\/logo\/image\/"},"sameAs":["https:\/\/www.facebook.com\/cosyartonline","https:\/\/www.instagram.com\/cosyart\/"]}]}},"_links":{"self":[{"href":"https:\/\/cosyart.pt\/index.php?rest_route=\/wp\/v2\/product\/1577","targetHints":{"allow":["GET"]}}],"collection":[{"href":"https:\/\/cosyart.pt\/index.php?rest_route=\/wp\/v2\/product"}],"about":[{"href":"https:\/\/cosyart.pt\/index.php?rest_route=\/wp\/v2\/types\/product"}],"replies":[{"embeddable":true,"href":"https:\/\/cosyart.pt\/index.php?rest_route=%2Fwp%2Fv2%2Fcomments&post=1577"}],"wp:featuredmedia":[{"embeddable":true,"href":"https:\/\/cosyart.pt\/index.php?rest_route=\/wp\/v2\/media\/1588"}],"wp:attachment":[{"href":"https:\/\/cosyart.pt\/index.php?rest_route=%2Fwp%2Fv2%2Fmedia&parent=1577"}],"wp:term":[{"taxonomy":"product_brand","embeddable":true,"href":"https:\/\/cosyart.pt\/index.php?rest_route=%2Fwp%2Fv2%2Fproduct_brand&post=1577"},{"taxonomy":"product_cat","embeddable":true,"href":"https:\/\/cosyart.pt\/index.php?rest_route=%2Fwp%2Fv2%2Fproduct_cat&post=1577"},{"taxonomy":"product_tag","embeddable":true,"href":"https:\/\/cosyart.pt\/index.php?rest_route=%2Fwp%2Fv2%2Fproduct_tag&post=1577"}],"curies":[{"name":"wp","href":"https:\/\/api.w.org\/{rel}","templated":true}]}}