{"id":1325,"date":"2025-10-09T11:59:29","date_gmt":"2025-10-09T11:59:29","guid":{"rendered":"https:\/\/cosyart.pt\/?post_type=product&#038;p=1325"},"modified":"2025-11-18T16:59:41","modified_gmt":"2025-11-18T16:59:41","slug":"forro-polar-a-v-airport","status":"publish","type":"product","link":"https:\/\/cosyart.pt\/?product=forro-polar-a-v-airport","title":{"rendered":"Forro Polar A.V. AIRPORT"},"content":{"rendered":"<div class=\"icono\">\n<div>\n<p style=\"text-align: left;\"><strong><span style=\"color: #000000; font-family: Arial;\"><span style=\"font-size: 13.3333px; background-color: #f0f0f0;\">Descri\u00e7\u00e3o<\/span><\/span><\/strong><\/p>\n<div class=\"oculto\">\n<div class=\"article_characteristics\">\n<ul>\n<li>Forro polar\u00a0de\u00a0Alta Visibilidade.<\/li>\n<li>Confecionado em tecido micropolar com\u00a0anti-pilling\u00a0exterior e cardado no interior que proporciona alta reten\u00e7\u00e3o t\u00e9rmica, inclui duas\u00a0fitas retro-refletoras\u00a0cosidas em mangas, tronco e costas para maior seguran\u00e7a.<\/li>\n<li class=\"\">Vestu\u00e1rio certificado como EPI Categoria II\u00a0Alta Visibilidade\u00a0de acordo com as normas 13688 e 20471, Classe 2 para modelos monocor e Classe 1 para modelos bicolor, dura\u00e7\u00e3o m\u00e1xima de 25 lavagens.<\/li>\n<li class=\"\">Gola alta com\u00a0fecho completo\u00a0e punhos com el\u00e1stico franzido para melhor ajuste e conforto.<\/li>\n<li class=\"\">Dois bolsos inclinados na cintura, com fecho de correr e pala, para ter tudo acess\u00edvel.<\/li>\n<li class=\"\">M\u00e9todos adequados de marca\u00e7\u00e3o: bordados, cosidos.<\/li>\n<li class=\"\">Ideal como\u00a0roupa de trabalho\u00a0e\u00a0uniformes profissionais.<\/li>\n<\/ul>\n<p>&nbsp;<\/p>\n<\/div>\n<\/div>\n<\/div>\n<div class=\"tooltip\"><strong>Material<\/strong><\/div>\n<p class=\"valor\">POLI\u00e9STER<br \/>\n100%<\/p>\n<\/div>\n<p>DENSIDADE<br \/>\n300 g\/m<sup>2<\/sup><\/p>\n<p>&nbsp;<\/p>\n<p><strong>Caracter\u00edsticas:<\/strong><\/p>\n<p>Artigo bicolor certificado como EPI conforme a norma EN 20471 \u2013 Roupa de alta visibilidade, classe 1. 20471-1 BI Artigo monocolor certificado como EPI conforme a norma EN 20471 \u2013 Roupa de alta visibilidade, classe 2. 20471-2 MO Tecido com reten\u00e7\u00e3o t\u00e9rmica que mant\u00e9m o calor corporal gra\u00e7as \u00e0 sua estrutura interior. T\u00e9RMICO<\/p>\n<p>&nbsp;<\/p>\n<p><strong>Tamanhos<\/strong><\/p>\n<p>&nbsp;<\/p>\n<div class=\"content\">\n<table class=\"tabla_catalogo\">\n<thead>\n<tr>\n<th class=\"etiqueta\" colspan=\"1\" align=\"\"><\/th>\n<th class=\"\" colspan=\"5\" align=\"center\"><img decoding=\"async\" src=\"https:\/\/www.valento.es\/images_valento\/adulto.png\" align=\"left\" \/>ADULTO<\/th>\n<th class=\"\" colspan=\"1\" align=\"center\"><img decoding=\"async\" src=\"https:\/\/www.valento.es\/images_valento\/grande.png\" align=\"left\" \/>GRANDE<\/th>\n<\/tr>\n<\/thead>\n<tbody>\n<tr>\n<td class=\"etiqueta\" colspan=\"1\" align=\"right\">TAMANHOS<\/td>\n<td class=\"\" colspan=\"1\" align=\"center\"><u>S<\/u><\/td>\n<td class=\"\" colspan=\"1\" align=\"center\"><u>M<\/u><\/td>\n<td class=\"\" colspan=\"1\" align=\"center\"><u>L<\/u><\/td>\n<td class=\"\" colspan=\"1\" align=\"center\"><u>XL<\/u><\/td>\n<td class=\"\" colspan=\"1\" align=\"center\"><u>XXL<\/u><\/td>\n<td class=\"\" colspan=\"1\" align=\"center\">3XL<\/td>\n<\/tr>\n<tr>\n<td class=\"etiqueta\" colspan=\"1\" align=\"right\">COMPRIMENTO<\/td>\n<td class=\"\" colspan=\"1\" align=\"center\">66<\/td>\n<td class=\"\" colspan=\"1\" align=\"center\">69<\/td>\n<td class=\"\" colspan=\"1\" align=\"center\">72<\/td>\n<td class=\"\" colspan=\"1\" align=\"center\">75<\/td>\n<td class=\"\" colspan=\"1\" align=\"center\">78<\/td>\n<td class=\"\" colspan=\"1\" align=\"center\">81<\/td>\n<\/tr>\n<tr>\n<td class=\"etiqueta\" colspan=\"1\" align=\"right\">LARGURA<\/td>\n<td class=\"\" colspan=\"1\" align=\"center\">53<\/td>\n<td class=\"\" colspan=\"1\" align=\"center\">56<\/td>\n<td class=\"\" colspan=\"1\" align=\"center\">59<\/td>\n<td class=\"\" colspan=\"1\" align=\"center\">62<\/td>\n<td class=\"\" colspan=\"1\" align=\"center\">65<\/td>\n<td class=\"\" colspan=\"1\" align=\"center\">68<\/td>\n<\/tr>\n<\/tbody>\n<\/table>\n<\/div>\n","protected":false},"excerpt":{"rendered":"<ul>\n<li><b>Forro polar<\/b>\u00a0de\u00a0<b>Alta Visibilidade<\/b>.<\/li>\n<li>Confecionado em tecido micropolar com\u00a0<b>anti-pilling<\/b>\u00a0exterior e cardado no interior que proporciona alta reten\u00e7\u00e3o t\u00e9rmica, inclui duas\u00a0<b>fitas retro-refletoras<\/b>\u00a0cosidas em mangas, tronco e costas para maior seguran\u00e7a.<\/li>\n<\/ul>\n","protected":false},"featured_media":1334,"comment_status":"open","ping_status":"open","template":"","meta":[],"product_brand":[],"product_cat":[343,105],"product_tag":[],"class_list":{"0":"post-1325","1":"product","2":"type-product","3":"status-publish","4":"has-post-thumbnail","6":"product_cat-uniformemasculino","7":"product_cat-uniformes","8":"pa_cor-amarelo-fluorescente","9":"pa_cor-amarelo-fluorescente-azul-azulino","10":"pa_cor-amarelo-fluorescente-azul-marinho-orion","11":"pa_cor-amarelo-fluorescente-azul-porto","12":"pa_cor-amarelo-fluorescente-azul-tropical","13":"pa_cor-amarelo-fluorescente-cinza-cimento","14":"pa_cor-amarelo-fluorescente-grena-magno","15":"pa_cor-amarelo-fluorescente-preto","16":"pa_cor-amarelo-fluorescente-verde-amazonas","17":"pa_cor-amarelo-fluorescente-verde-garrafa","18":"pa_cor-amarelo-fluorescente-verde-maca","19":"pa_cor-amarelo-fluorescente-verde-militar","20":"pa_cor-amarelo-fluorescente-vermelho-lotus","21":"pa_cor-laranja-fluorecente","22":"pa_cor-laranja-fluorescente-azul-marinho-orion","23":"pa_cor-laranja-fluorescente-cinza-carvao","24":"pa_tamanho-3xl","25":"pa_tamanho-l","26":"pa_tamanho-m","27":"pa_tamanho-s","28":"pa_tamanho-xl","29":"pa_tamanho-xxl","31":"first","32":"instock","33":"taxable","34":"shipping-taxable","35":"purchasable","36":"product-type-variable"},"yoast_head":"<!-- This site is optimized with the Yoast SEO plugin v27.4 - https:\/\/yoast.com\/product\/yoast-seo-wordpress\/ -->\n<title>Forro Polar A.V. AIRPORT - Cosyart Produ\u00e7\u00f5es e personaliza\u00e7\u00f5es, atelier de costura, vestu\u00e1rio, artesanato e boutique.<\/title>\n<meta name=\"robots\" content=\"index, follow, max-snippet:-1, max-image-preview:large, max-video-preview:-1\" \/>\n<link rel=\"canonical\" href=\"https:\/\/cosyart.pt\/?product=forro-polar-a-v-airport\" \/>\n<meta property=\"og:locale\" content=\"pt_PT\" \/>\n<meta property=\"og:type\" content=\"article\" \/>\n<meta property=\"og:title\" content=\"Forro Polar A.V. AIRPORT - Cosyart Produ\u00e7\u00f5es e personaliza\u00e7\u00f5es, atelier de costura, vestu\u00e1rio, artesanato e boutique.\" \/>\n<meta property=\"og:description\" content=\"Forro polar\u00a0de\u00a0Alta Visibilidade.  Confecionado em tecido micropolar com\u00a0anti-pilling\u00a0exterior e cardado no interior que proporciona alta reten\u00e7\u00e3o t\u00e9rmica, inclui duas\u00a0fitas retro-refletoras\u00a0cosidas em mangas, tronco e costas para maior seguran\u00e7a.\" \/>\n<meta property=\"og:url\" content=\"https:\/\/cosyart.pt\/?product=forro-polar-a-v-airport\" \/>\n<meta property=\"og:site_name\" content=\"Cosyart Produ\u00e7\u00f5es e personaliza\u00e7\u00f5es, atelier de costura, vestu\u00e1rio, artesanato e boutique.\" \/>\n<meta property=\"article:publisher\" content=\"https:\/\/www.facebook.com\/cosyartonline\" \/>\n<meta property=\"article:modified_time\" content=\"2025-11-18T16:59:41+00:00\" \/>\n<meta property=\"og:image\" content=\"https:\/\/cosyart.pt\/wp-content\/uploads\/2025\/10\/Forro-polar-A.V.-AIRPORT.jpg\" \/>\n\t<meta property=\"og:image:width\" content=\"1000\" \/>\n\t<meta property=\"og:image:height\" content=\"1566\" \/>\n\t<meta property=\"og:image:type\" content=\"image\/jpeg\" \/>\n<meta name=\"twitter:card\" content=\"summary_large_image\" \/>\n<meta name=\"twitter:label1\" content=\"Tempo estimado de leitura\" \/>\n\t<meta name=\"twitter:data1\" content=\"1 minuto\" \/>\n<script type=\"application\/ld+json\" class=\"yoast-schema-graph\">{\"@context\":\"https:\\\/\\\/schema.org\",\"@graph\":[{\"@type\":\"WebPage\",\"@id\":\"https:\\\/\\\/cosyart.pt\\\/?product=forro-polar-a-v-airport\",\"url\":\"https:\\\/\\\/cosyart.pt\\\/?product=forro-polar-a-v-airport\",\"name\":\"Forro Polar A.V. AIRPORT - Cosyart Produ\u00e7\u00f5es e personaliza\u00e7\u00f5es, atelier de costura, vestu\u00e1rio, artesanato e boutique.\",\"isPartOf\":{\"@id\":\"https:\\\/\\\/cosyart.pt\\\/#website\"},\"primaryImageOfPage\":{\"@id\":\"https:\\\/\\\/cosyart.pt\\\/?product=forro-polar-a-v-airport#primaryimage\"},\"image\":{\"@id\":\"https:\\\/\\\/cosyart.pt\\\/?product=forro-polar-a-v-airport#primaryimage\"},\"thumbnailUrl\":\"https:\\\/\\\/cosyart.pt\\\/wp-content\\\/uploads\\\/2025\\\/10\\\/Forro-polar-A.V.-AIRPORT.jpg\",\"datePublished\":\"2025-10-09T11:59:29+00:00\",\"dateModified\":\"2025-11-18T16:59:41+00:00\",\"breadcrumb\":{\"@id\":\"https:\\\/\\\/cosyart.pt\\\/?product=forro-polar-a-v-airport#breadcrumb\"},\"inLanguage\":\"pt-PT\",\"potentialAction\":[{\"@type\":\"ReadAction\",\"target\":[\"https:\\\/\\\/cosyart.pt\\\/?product=forro-polar-a-v-airport\"]}]},{\"@type\":\"ImageObject\",\"inLanguage\":\"pt-PT\",\"@id\":\"https:\\\/\\\/cosyart.pt\\\/?product=forro-polar-a-v-airport#primaryimage\",\"url\":\"https:\\\/\\\/cosyart.pt\\\/wp-content\\\/uploads\\\/2025\\\/10\\\/Forro-polar-A.V.-AIRPORT.jpg\",\"contentUrl\":\"https:\\\/\\\/cosyart.pt\\\/wp-content\\\/uploads\\\/2025\\\/10\\\/Forro-polar-A.V.-AIRPORT.jpg\",\"width\":1000,\"height\":1566},{\"@type\":\"BreadcrumbList\",\"@id\":\"https:\\\/\\\/cosyart.pt\\\/?product=forro-polar-a-v-airport#breadcrumb\",\"itemListElement\":[{\"@type\":\"ListItem\",\"position\":1,\"name\":\"In\u00edcio\",\"item\":\"https:\\\/\\\/cosyart.pt\\\/\"},{\"@type\":\"ListItem\",\"position\":2,\"name\":\"Produtos\",\"item\":\"https:\\\/\\\/cosyart.pt\\\/\"},{\"@type\":\"ListItem\",\"position\":3,\"name\":\"Forro Polar A.V. AIRPORT\"}]},{\"@type\":\"WebSite\",\"@id\":\"https:\\\/\\\/cosyart.pt\\\/#website\",\"url\":\"https:\\\/\\\/cosyart.pt\\\/\",\"name\":\"Cosyart Produ\u00e7\u00f5es e personaliza\u00e7\u00f5es, atelier de costura, vestu\u00e1rio, artesanato e boutique.\",\"description\":\"Tem fabrico pr\u00f3prio de artigos da marca Cosyart no atelier de costura, mais sublima\u00e7\u00e3o, estampagem, grava\u00e7\u00e3o a laser e bordados.\",\"publisher\":{\"@id\":\"https:\\\/\\\/cosyart.pt\\\/#organization\"},\"potentialAction\":[{\"@type\":\"SearchAction\",\"target\":{\"@type\":\"EntryPoint\",\"urlTemplate\":\"https:\\\/\\\/cosyart.pt\\\/?s={search_term_string}\"},\"query-input\":{\"@type\":\"PropertyValueSpecification\",\"valueRequired\":true,\"valueName\":\"search_term_string\"}}],\"inLanguage\":\"pt-PT\"},{\"@type\":\"Organization\",\"@id\":\"https:\\\/\\\/cosyart.pt\\\/#organization\",\"name\":\"Cosyart Produ\u00e7\u00f5es e personaliza\u00e7\u00f5es, atelier de costura, vestu\u00e1rio, artesanato e boutique.\",\"url\":\"https:\\\/\\\/cosyart.pt\\\/\",\"logo\":{\"@type\":\"ImageObject\",\"inLanguage\":\"pt-PT\",\"@id\":\"https:\\\/\\\/cosyart.pt\\\/#\\\/schema\\\/logo\\\/image\\\/\",\"url\":\"https:\\\/\\\/cosyart.pt\\\/wp-content\\\/uploads\\\/2025\\\/12\\\/Cosyart-Logo.png\",\"contentUrl\":\"https:\\\/\\\/cosyart.pt\\\/wp-content\\\/uploads\\\/2025\\\/12\\\/Cosyart-Logo.png\",\"width\":1022,\"height\":372,\"caption\":\"Cosyart Produ\u00e7\u00f5es e personaliza\u00e7\u00f5es, atelier de costura, vestu\u00e1rio, artesanato e boutique.\"},\"image\":{\"@id\":\"https:\\\/\\\/cosyart.pt\\\/#\\\/schema\\\/logo\\\/image\\\/\"},\"sameAs\":[\"https:\\\/\\\/www.facebook.com\\\/cosyartonline\",\"https:\\\/\\\/www.instagram.com\\\/cosyart\\\/\"]}]}<\/script>\n<!-- \/ Yoast SEO plugin. -->","yoast_head_json":{"title":"Forro Polar A.V. AIRPORT - Cosyart Produ\u00e7\u00f5es e personaliza\u00e7\u00f5es, atelier de costura, vestu\u00e1rio, artesanato e boutique.","robots":{"index":"index","follow":"follow","max-snippet":"max-snippet:-1","max-image-preview":"max-image-preview:large","max-video-preview":"max-video-preview:-1"},"canonical":"https:\/\/cosyart.pt\/?product=forro-polar-a-v-airport","og_locale":"pt_PT","og_type":"article","og_title":"Forro Polar A.V. AIRPORT - Cosyart Produ\u00e7\u00f5es e personaliza\u00e7\u00f5es, atelier de costura, vestu\u00e1rio, artesanato e boutique.","og_description":"Forro polar\u00a0de\u00a0Alta Visibilidade.  Confecionado em tecido micropolar com\u00a0anti-pilling\u00a0exterior e cardado no interior que proporciona alta reten\u00e7\u00e3o t\u00e9rmica, inclui duas\u00a0fitas retro-refletoras\u00a0cosidas em mangas, tronco e costas para maior seguran\u00e7a.","og_url":"https:\/\/cosyart.pt\/?product=forro-polar-a-v-airport","og_site_name":"Cosyart Produ\u00e7\u00f5es e personaliza\u00e7\u00f5es, atelier de costura, vestu\u00e1rio, artesanato e boutique.","article_publisher":"https:\/\/www.facebook.com\/cosyartonline","article_modified_time":"2025-11-18T16:59:41+00:00","og_image":[{"width":1000,"height":1566,"url":"https:\/\/cosyart.pt\/wp-content\/uploads\/2025\/10\/Forro-polar-A.V.-AIRPORT.jpg","type":"image\/jpeg"}],"twitter_card":"summary_large_image","twitter_misc":{"Tempo estimado de leitura":"1 minuto"},"schema":{"@context":"https:\/\/schema.org","@graph":[{"@type":"WebPage","@id":"https:\/\/cosyart.pt\/?product=forro-polar-a-v-airport","url":"https:\/\/cosyart.pt\/?product=forro-polar-a-v-airport","name":"Forro Polar A.V. AIRPORT - Cosyart Produ\u00e7\u00f5es e personaliza\u00e7\u00f5es, atelier de costura, vestu\u00e1rio, artesanato e boutique.","isPartOf":{"@id":"https:\/\/cosyart.pt\/#website"},"primaryImageOfPage":{"@id":"https:\/\/cosyart.pt\/?product=forro-polar-a-v-airport#primaryimage"},"image":{"@id":"https:\/\/cosyart.pt\/?product=forro-polar-a-v-airport#primaryimage"},"thumbnailUrl":"https:\/\/cosyart.pt\/wp-content\/uploads\/2025\/10\/Forro-polar-A.V.-AIRPORT.jpg","datePublished":"2025-10-09T11:59:29+00:00","dateModified":"2025-11-18T16:59:41+00:00","breadcrumb":{"@id":"https:\/\/cosyart.pt\/?product=forro-polar-a-v-airport#breadcrumb"},"inLanguage":"pt-PT","potentialAction":[{"@type":"ReadAction","target":["https:\/\/cosyart.pt\/?product=forro-polar-a-v-airport"]}]},{"@type":"ImageObject","inLanguage":"pt-PT","@id":"https:\/\/cosyart.pt\/?product=forro-polar-a-v-airport#primaryimage","url":"https:\/\/cosyart.pt\/wp-content\/uploads\/2025\/10\/Forro-polar-A.V.-AIRPORT.jpg","contentUrl":"https:\/\/cosyart.pt\/wp-content\/uploads\/2025\/10\/Forro-polar-A.V.-AIRPORT.jpg","width":1000,"height":1566},{"@type":"BreadcrumbList","@id":"https:\/\/cosyart.pt\/?product=forro-polar-a-v-airport#breadcrumb","itemListElement":[{"@type":"ListItem","position":1,"name":"In\u00edcio","item":"https:\/\/cosyart.pt\/"},{"@type":"ListItem","position":2,"name":"Produtos","item":"https:\/\/cosyart.pt\/"},{"@type":"ListItem","position":3,"name":"Forro Polar A.V. AIRPORT"}]},{"@type":"WebSite","@id":"https:\/\/cosyart.pt\/#website","url":"https:\/\/cosyart.pt\/","name":"Cosyart Produ\u00e7\u00f5es e personaliza\u00e7\u00f5es, atelier de costura, vestu\u00e1rio, artesanato e boutique.","description":"Tem fabrico pr\u00f3prio de artigos da marca Cosyart no atelier de costura, mais sublima\u00e7\u00e3o, estampagem, grava\u00e7\u00e3o a laser e bordados.","publisher":{"@id":"https:\/\/cosyart.pt\/#organization"},"potentialAction":[{"@type":"SearchAction","target":{"@type":"EntryPoint","urlTemplate":"https:\/\/cosyart.pt\/?s={search_term_string}"},"query-input":{"@type":"PropertyValueSpecification","valueRequired":true,"valueName":"search_term_string"}}],"inLanguage":"pt-PT"},{"@type":"Organization","@id":"https:\/\/cosyart.pt\/#organization","name":"Cosyart Produ\u00e7\u00f5es e personaliza\u00e7\u00f5es, atelier de costura, vestu\u00e1rio, artesanato e boutique.","url":"https:\/\/cosyart.pt\/","logo":{"@type":"ImageObject","inLanguage":"pt-PT","@id":"https:\/\/cosyart.pt\/#\/schema\/logo\/image\/","url":"https:\/\/cosyart.pt\/wp-content\/uploads\/2025\/12\/Cosyart-Logo.png","contentUrl":"https:\/\/cosyart.pt\/wp-content\/uploads\/2025\/12\/Cosyart-Logo.png","width":1022,"height":372,"caption":"Cosyart Produ\u00e7\u00f5es e personaliza\u00e7\u00f5es, atelier de costura, vestu\u00e1rio, artesanato e boutique."},"image":{"@id":"https:\/\/cosyart.pt\/#\/schema\/logo\/image\/"},"sameAs":["https:\/\/www.facebook.com\/cosyartonline","https:\/\/www.instagram.com\/cosyart\/"]}]}},"_links":{"self":[{"href":"https:\/\/cosyart.pt\/index.php?rest_route=\/wp\/v2\/product\/1325","targetHints":{"allow":["GET"]}}],"collection":[{"href":"https:\/\/cosyart.pt\/index.php?rest_route=\/wp\/v2\/product"}],"about":[{"href":"https:\/\/cosyart.pt\/index.php?rest_route=\/wp\/v2\/types\/product"}],"replies":[{"embeddable":true,"href":"https:\/\/cosyart.pt\/index.php?rest_route=%2Fwp%2Fv2%2Fcomments&post=1325"}],"wp:featuredmedia":[{"embeddable":true,"href":"https:\/\/cosyart.pt\/index.php?rest_route=\/wp\/v2\/media\/1334"}],"wp:attachment":[{"href":"https:\/\/cosyart.pt\/index.php?rest_route=%2Fwp%2Fv2%2Fmedia&parent=1325"}],"wp:term":[{"taxonomy":"product_brand","embeddable":true,"href":"https:\/\/cosyart.pt\/index.php?rest_route=%2Fwp%2Fv2%2Fproduct_brand&post=1325"},{"taxonomy":"product_cat","embeddable":true,"href":"https:\/\/cosyart.pt\/index.php?rest_route=%2Fwp%2Fv2%2Fproduct_cat&post=1325"},{"taxonomy":"product_tag","embeddable":true,"href":"https:\/\/cosyart.pt\/index.php?rest_route=%2Fwp%2Fv2%2Fproduct_tag&post=1325"}],"curies":[{"name":"wp","href":"https:\/\/api.w.org\/{rel}","templated":true}]}}